{"id":146,"date":"2023-12-08T10:11:58","date_gmt":"2023-12-08T07:11:58","guid":{"rendered":"http:\/\/www.akilsan.com\/?page_id=146"},"modified":"2024-01-31T22:32:29","modified_gmt":"2024-01-31T19:32:29","slug":"logo-e-fatura-qr-kodu-ekleme","status":"publish","type":"page","link":"https:\/\/www.akilsan.com\/index.php\/logo-e-fatura-qr-kodu-ekleme\/","title":{"rendered":"LOGO E-FATURA QR KODU EKLEME"},"content":{"rendered":"\t\t<div data-elementor-type=\"wp-page\" data-elementor-id=\"146\" class=\"elementor elementor-146\">\n\t\t\t\t<div class=\"elementor-element elementor-element-63c4cb7 e-flex e-con-boxed e-con e-parent\" data-id=\"63c4cb7\" data-element_type=\"container\">\n\t\t\t\t\t<div class=\"e-con-inner\">\n\t\t\t\t<div class=\"elementor-element elementor-element-4d2b203 elementor-widget elementor-widget-text-editor\" data-id=\"4d2b203\" data-element_type=\"widget\" data-widget_type=\"text-editor.default\">\n\t\t\t\t<div class=\"elementor-widget-container\">\n\t\t\t\t\t\t\t\t\t<div class=\"elementor-element elementor-element-76e0e7c elementor-widget elementor-widget-heading\" data-id=\"76e0e7c\" data-element_type=\"widget\" data-widget_type=\"heading.default\"><div class=\"elementor-widget-container\"><p><strong>Logo e Faturada ve e-Belgelerde Karekod Zorunlulu\u011fu<\/strong><\/p><\/div><\/div><div class=\"elementor-element elementor-element-22008f4 elementor-widget elementor-widget-text-editor\" data-id=\"22008f4\" data-element_type=\"widget\" data-widget_type=\"text-editor.default\"><div class=\"elementor-widget-container\"><p>Gelir \u0130daresi Ba\u015fkanl\u0131\u011f\u0131 taraf\u0131ndan yay\u0131nlanan duyuru kapsam\u0131nda 01 Eyl\u00fcl 2023 tarihi itibariyle t\u00fcm e-belgelerin g\u00f6rsel tasar\u0131mlar\u0131na karekod QRCODE olmas\u0131 zorunlulu\u011fu getirilmi\u015ftir. Gelir \u0130daresi Ba\u015fkanl\u0131\u011f\u0131 taraf\u0131ndan yay\u0131mlanan duyuruya ula\u015fmak i\u00e7in\u00a0<a href=\"https:\/\/ebelge.gib.gov.tr\/dosyalar\/kilavuzlar\/Karekod_veya_Barkod_Standardi_Kilavuzu_V.1.0.pdf\">t\u0131klay\u0131n\u0131z.<\/a><\/p><\/div><\/div><div class=\"elementor-element elementor-element-e993997 elementor-widget elementor-widget-heading\" data-id=\"e993997\" data-element_type=\"widget\" data-widget_type=\"heading.default\"><div class=\"elementor-widget-container\"><p><strong>e-Belge Nedir?<\/strong><\/p><\/div><\/div><div class=\"elementor-element elementor-element-164617b elementor-widget elementor-widget-text-editor\" data-id=\"164617b\" data-element_type=\"widget\" data-widget_type=\"text-editor.default\"><div class=\"elementor-widget-container\"><p>E-Belge\u201d terimi genel olarak elektronik belge anlam\u0131na gelir. Geleneksel fiziksel belgelerin dijital ortamda elektronik olarak olu\u015fturulmas\u0131, iletilmesi, saklanmas\u0131 ve i\u015flenmesi anlam\u0131na gelir. E-Belgeler, ka\u011f\u0131t belgelerin dijital kar\u015f\u0131l\u0131klar\u0131d\u0131r ve elektronik imza gibi y\u00f6ntemlerle de g\u00fcvence alt\u0131na al\u0131nabilirler.<\/p><p>E-Belgelerin avantajlar\u0131 aras\u0131nda ka\u011f\u0131t ve i\u015flem maliyetlerinin azalmas\u0131, h\u0131zl\u0131 ileti\u015fim ve i\u015flem yapabilme, uzaktan eri\u015fim ve kolay ar\u015fivleme gibi unsurlar bulunur. Bununla birlikte, g\u00fcvenlik ve gizlilik konular\u0131 da e-belge kullan\u0131m\u0131nda dikkat edilmesi gereken \u00f6nemli hususlard\u0131r, \u00e7\u00fcnk\u00fc dijital ortamda belgelerin korunmas\u0131 ve yetkisiz eri\u015fime kar\u015f\u0131 g\u00fcvence alt\u0131na al\u0131nmas\u0131 gerekmektedir.<\/p><\/div><\/div><div class=\"elementor-element elementor-element-2d8ac7a elementor-widget elementor-widget-heading\" data-id=\"2d8ac7a\" data-element_type=\"widget\" data-widget_type=\"heading.default\"><div class=\"elementor-widget-container\"><p><strong>Hangi e-Belgelerde Karekod zorunlu?<\/strong><\/p><\/div><\/div><div class=\"elementor-element elementor-element-852ebb7 elementor-icon-list--layout-traditional elementor-list-item-link-full_width elementor-widget elementor-widget-icon-list\" data-id=\"852ebb7\" data-element_type=\"widget\" data-widget_type=\"icon-list.default\"><div class=\"elementor-widget-container\"><ul><li><span class=\"elementor-icon-list-text\">e-Fatura<\/span><\/li><li><span class=\"elementor-icon-list-text\">e-Ar\u015fiv Fatura<\/span><\/li><li><span class=\"elementor-icon-list-text\">e-\u0130rsaliye<\/span><\/li><li><span class=\"elementor-icon-list-text\">e-Serbest Meslek Makbuzu<\/span><\/li><li><span class=\"elementor-icon-list-text\">e-M\u00fcstahsili Makbuzu<\/span><\/li><li><span class=\"elementor-icon-list-text\">e-Sigorta Komisyon Gider Belgesi<\/span><\/li><li><span class=\"elementor-icon-list-text\">e-D\u00f6viz ve K\u0131ymetli Maden Al\u0131m Sat\u0131m Belgesi<\/span><\/li><li><span class=\"elementor-icon-list-text\">e-Adisyon<\/span><\/li><\/ul><\/div><\/div><div class=\"elementor-element elementor-element-0c62954 elementor-widget elementor-widget-heading\" data-id=\"0c62954\" data-element_type=\"widget\" data-widget_type=\"heading.default\"><div class=\"elementor-widget-container\"><p><strong>e-Belgelerde Karekod Kullan\u0131m\u0131<\/strong><\/p><\/div><\/div><div class=\"elementor-element elementor-element-5334369 elementor-widget elementor-widget-text-editor\" data-id=\"5334369\" data-element_type=\"widget\" data-widget_type=\"text-editor.default\"><div class=\"elementor-widget-container\"><p>T\u00fcrkiye\u2019de e-Belgelerde karekod kullan\u0131m\u0131, belgelerin dijital olarak ta\u015f\u0131nabilirli\u011fini art\u0131rmak, do\u011fruluk ve g\u00fcvenilirlik sa\u011flamak amac\u0131yla yayg\u0131n bir uygulamad\u0131r. Karekodlar, belgenin dijital bir temsili olarak kullan\u0131labilir ve belgeye ili\u015fkin \u00f6nemli bilgileri i\u00e7erebilir.<\/p><p>Karekodlar, belgenin \u00f6zg\u00fcnl\u00fc\u011f\u00fcn\u00fc ve do\u011frulu\u011funu teyit etmek i\u00e7in s\u0131kl\u0131kla kullan\u0131l\u0131r. Bir belgede bulunan karekodu okuyarak, belgenin orijinal ve g\u00fcvenilir bir kaynaktan geldi\u011fini do\u011frulayabilirsiniz. Karekodlar genellikle ak\u0131ll\u0131 telefonlar ve bilgisayarlar gibi cihazlar arac\u0131l\u0131\u011f\u0131yla taranabilir.<\/p><\/div><\/div><div class=\"elementor-element elementor-element-4e8f82b elementor-widget elementor-widget-heading\" data-id=\"4e8f82b\" data-element_type=\"widget\" data-widget_type=\"heading.default\"><div class=\"elementor-widget-container\"><p><strong>e-Belgelerde Karekod Zorunlulu\u011fu Ne Zaman Ba\u015flayacak?<\/strong><\/p><\/div><\/div><div class=\"elementor-element elementor-element-4fb820a elementor-widget elementor-widget-text-editor\" data-id=\"4fb820a\" data-element_type=\"widget\" data-widget_type=\"text-editor.default\"><div class=\"elementor-widget-container\"><p>Gelir \u0130daresi Ba\u015fkanl\u0131\u011f\u0131 taraf\u0131ndan yay\u0131mlanan Karekod Standard\u0131 K\u0131lavuzu\u2019na g\u00f6re, T\u00fcrkiye\u2019deki m\u00fckellefler 1 Eyl\u00fcl 2023 tarihinden itibaren e-faturalar, e-ar\u015fivler, e-irsaliyeler, e-SMM\u2019ler gibi elektronik belgelerde karekod veya barkod bulundurma zorunlulu\u011funa sahip olacaklar.<\/p><p>Bu d\u00fczenlemeye g\u00f6re, \u00f6zel entegrat\u00f6rler veya bilgi i\u015flem sistemleri entegrasyonu kullanan m\u00fckellefler, 1 Eyl\u00fcl 2023 tarihine kadar kendi sistemlerinde gerekli d\u00fczenlemeleri ve geli\u015ftirmeleri ger\u00e7ekle\u015ftirmelidirler.<\/p><\/div><\/div><div class=\"elementor-element elementor-element-de5dbfb elementor-widget elementor-widget-heading\" data-id=\"de5dbfb\" data-element_type=\"widget\" data-widget_type=\"heading.default\"><div class=\"elementor-widget-container\"><p><strong>e-Ticaret Yapanlar i\u00e7in e-\u0130rsaliyede Karekod Zorunlulu\u011fu<\/strong><\/p><\/div><\/div><div class=\"elementor-element elementor-element-c24150a elementor-widget elementor-widget-text-editor\" data-id=\"c24150a\" data-element_type=\"widget\" data-widget_type=\"text-editor.default\"><div class=\"elementor-widget-container\"><p>E-irsaliye, T\u00fcrkiye\u2019de ka\u011f\u0131t bazl\u0131 irsaliyelerin elektronik ortamda d\u00fczenlenmesini sa\u011flayan bir uygulamad\u0131r. Bu uygulama, vergi i\u015flemlerini daha h\u0131zl\u0131, kolay ve verimli bir \u015fekilde ger\u00e7ekle\u015ftirmeyi ama\u00e7lar.<\/p><p>E-irsaliyelerde karekod (QR kod) kullan\u0131m\u0131, \u00fcr\u00fcnlerin ve g\u00f6nderimlerin izlenmesini, denetlenmesini ve takip edilmesini daha etkili hale getirebilmek i\u00e7in kullan\u0131\u015fl\u0131 bir \u00f6zelliktir. Karekodlar, bilgilerin h\u0131zl\u0131ca taranmas\u0131n\u0131 ve do\u011frulanmas\u0131n\u0131 sa\u011flayarak i\u015f s\u00fcre\u00e7lerini iyile\u015ftirebilir.<\/p><p>\u00a0<\/p><p><img fetchpriority=\"high\" decoding=\"async\" class=\"size-full wp-image-726 aligncenter\" src=\"http:\/\/www.akilsan.com\/wp-content\/uploads\/2023\/12\/desteke-fatura.jpg\" alt=\"desteke-fatura,\" width=\"399\" height=\"460\" \/><\/p><div class=\"elementor-element elementor-element-43dad8b elementor-widget elementor-widget-heading\" data-id=\"43dad8b\" data-element_type=\"widget\" data-widget_type=\"heading.default\"><div class=\"elementor-widget-container\"><h5>\u00a0<\/h5><p><strong>e-Fatura Karekod Zorunlulu\u011fu i\u00e7in Karekodda Bulunmas\u0131 Gereken Bilgiler<\/strong><\/p><\/div><\/div><div class=\"elementor-element elementor-element-a2765c4 elementor-widget elementor-widget-text-editor\" data-id=\"a2765c4\" data-element_type=\"widget\" data-widget_type=\"text-editor.default\"><div class=\"elementor-widget-container\"><p>e-Fatura, geleneksel ka\u011f\u0131t faturayla ayn\u0131 \u00f6zelliklere sahip olup dijital d\u00f6n\u00fc\u015f\u00fcm\u00fcn en k\u00f6kl\u00fc \u00f6rneklerinden birini sunmaktad\u0131r. \u0130\u015flemi ger\u00e7ekle\u015ftiren al\u0131c\u0131 ve sat\u0131c\u0131 aras\u0131nda sa\u011flad\u0131\u011f\u0131 g\u00fcven ili\u015fkisi, e-Faturay\u0131 \u00f6ne \u00e7\u0131karan bir \u00f6zelliktir. Ayr\u0131ca, zaman tasarrufu sa\u011flama konusundaki rol\u00fc de g\u00f6z ard\u0131 edilemez. Yap\u0131lan yeni d\u00fczenlemelerle birlikte e-Faturalar\u0131n karekod i\u00e7ermesi gerekmektedir. Bu karekodun i\u00e7eri\u011fi, sorgulama esnas\u0131nda elde edilecek \u00f6nemli bilgileri bar\u0131nd\u0131rmaktad\u0131r.<\/p><ul><li><strong>G\u00f6nderen Vergi Kimlik Numaras\u0131<\/strong><ul><li>Fatura Tipi<\/li><li>Mal Hizmet Tutar\u0131<\/li><\/ul><\/li><li><strong>G\u00f6nderen T.C. Kimlik Numaras\u0131<\/strong><ul><li>Fatura Tarihi<\/li><li>Mal Hizmet KDV Matrah\u0131<\/li><\/ul><\/li><li><strong>Al\u0131c\u0131 Vergi Kimlik Numaras\u0131<\/strong><ul><li>Fatura Numaras\u0131<\/li><li>Hesaplanan KDV Tutar\u0131<\/li><\/ul><\/li><li><strong>Al\u0131c\u0131 T.C. Kimlik Numaras\u0131<\/strong><ul><li>Evrensel Tekil Tan\u0131mlama Numaras\u0131 (ETTN)<\/li><li>Vergiler Dahil Toplam Tutar<\/li><\/ul><\/li><li><strong>Senaryo<\/strong><ul><li>Belge Para Birimi<\/li><li>\u00d6denecek Tutar<\/li><\/ul><\/li><\/ul><\/div><\/div><div class=\"elementor-element elementor-element-7dee533 elementor-widget elementor-widget-sina_table\" data-id=\"7dee533\" data-element_type=\"widget\" data-widget_type=\"sina_table.default\">\u00a0<\/div><\/div><\/div>\t\t\t\t\t\t\t\t<\/div>\n\t\t\t\t<\/div>\n\t\t\t\t\t<\/div>\n\t\t\t\t<\/div>\n\t\t\t\t<\/div>\n\t\t","protected":false},"excerpt":{"rendered":"<p>Logo e Faturada ve e-Belgelerde Karekod Zorunlulu\u011fu Gelir \u0130daresi Ba\u015fkanl\u0131\u011f\u0131 taraf\u0131ndan yay\u0131nlanan duyuru kapsam\u0131nda 01 Eyl\u00fcl 2023 tarihi itibariyle t\u00fcm e-belgelerin g\u00f6rsel tasar\u0131mlar\u0131na karekod QRCODE olmas\u0131<span class=\"excerpt-hellip\"> [\u2026]<\/span><\/p>\n","protected":false},"author":2,"featured_media":0,"parent":0,"menu_order":0,"comment_status":"closed","ping_status":"closed","template":"","meta":{"footnotes":""},"class_list":["post-146","page","type-page","status-publish","hentry"],"yoast_head":"<!-- This site is optimized with the Yoast SEO plugin v26.1.1 - https:\/\/yoast.com\/wordpress\/plugins\/seo\/ -->\n<title>LOGO E-FATURA QR KODU EKLEME - Akilsan Makine ve Yaz\u0131l\u0131m | Logo \u0130\u015f Orta\u011f\u0131<\/title>\n<meta name=\"robots\" content=\"index, follow, max-snippet:-1, max-image-preview:large, max-video-preview:-1\" \/>\n<link rel=\"canonical\" href=\"http:\/\/www.akilsan.com\/index.php\/logo-e-fatura-qr-kodu-ekleme\/\" \/>\n<meta property=\"og:locale\" content=\"tr_TR\" \/>\n<meta property=\"og:type\" content=\"article\" \/>\n<meta property=\"og:title\" content=\"LOGO E-FATURA QR KODU EKLEME - Akilsan Makine ve Yaz\u0131l\u0131m | Logo \u0130\u015f Orta\u011f\u0131\" \/>\n<meta property=\"og:description\" content=\"Logo e Faturada ve e-Belgelerde Karekod Zorunlulu\u011fu Gelir \u0130daresi Ba\u015fkanl\u0131\u011f\u0131 taraf\u0131ndan yay\u0131nlanan duyuru kapsam\u0131nda 01 Eyl\u00fcl 2023 tarihi itibariyle t\u00fcm e-belgelerin g\u00f6rsel tasar\u0131mlar\u0131na karekod QRCODE olmas\u0131 [\u2026]\" \/>\n<meta property=\"og:url\" content=\"http:\/\/www.akilsan.com\/index.php\/logo-e-fatura-qr-kodu-ekleme\/\" \/>\n<meta property=\"og:site_name\" content=\"Akilsan Makine ve Yaz\u0131l\u0131m | Logo \u0130\u015f Orta\u011f\u0131\" \/>\n<meta property=\"article:modified_time\" content=\"2024-01-31T19:32:29+00:00\" \/>\n<meta property=\"og:image\" content=\"http:\/\/www.akilsan.com\/wp-content\/uploads\/2023\/12\/desteke-fatura.jpg\" \/>\n<meta name=\"twitter:card\" content=\"summary_large_image\" \/>\n<meta name=\"twitter:label1\" content=\"Tahmini okuma s\u00fcresi\" \/>\n\t<meta name=\"twitter:data1\" content=\"3 dakika\" \/>\n<script type=\"application\/ld+json\" class=\"yoast-schema-graph\">{\"@context\":\"https:\/\/schema.org\",\"@graph\":[{\"@type\":\"WebPage\",\"@id\":\"http:\/\/www.akilsan.com\/index.php\/logo-e-fatura-qr-kodu-ekleme\/\",\"url\":\"http:\/\/www.akilsan.com\/index.php\/logo-e-fatura-qr-kodu-ekleme\/\",\"name\":\"LOGO E-FATURA QR KODU EKLEME - Akilsan Makine ve Yaz\u0131l\u0131m | Logo \u0130\u015f Orta\u011f\u0131\",\"isPartOf\":{\"@id\":\"http:\/\/www.akilsan.com\/#website\"},\"primaryImageOfPage\":{\"@id\":\"http:\/\/www.akilsan.com\/index.php\/logo-e-fatura-qr-kodu-ekleme\/#primaryimage\"},\"image\":{\"@id\":\"http:\/\/www.akilsan.com\/index.php\/logo-e-fatura-qr-kodu-ekleme\/#primaryimage\"},\"thumbnailUrl\":\"http:\/\/www.akilsan.com\/wp-content\/uploads\/2023\/12\/desteke-fatura.jpg\",\"datePublished\":\"2023-12-08T07:11:58+00:00\",\"dateModified\":\"2024-01-31T19:32:29+00:00\",\"breadcrumb\":{\"@id\":\"http:\/\/www.akilsan.com\/index.php\/logo-e-fatura-qr-kodu-ekleme\/#breadcrumb\"},\"inLanguage\":\"tr\",\"potentialAction\":[{\"@type\":\"ReadAction\",\"target\":[\"http:\/\/www.akilsan.com\/index.php\/logo-e-fatura-qr-kodu-ekleme\/\"]}]},{\"@type\":\"ImageObject\",\"inLanguage\":\"tr\",\"@id\":\"http:\/\/www.akilsan.com\/index.php\/logo-e-fatura-qr-kodu-ekleme\/#primaryimage\",\"url\":\"https:\/\/www.akilsan.com\/wp-content\/uploads\/2023\/12\/desteke-fatura.jpg\",\"contentUrl\":\"https:\/\/www.akilsan.com\/wp-content\/uploads\/2023\/12\/desteke-fatura.jpg\",\"width\":399,\"height\":460,\"caption\":\"desteke-fatura,\"},{\"@type\":\"BreadcrumbList\",\"@id\":\"http:\/\/www.akilsan.com\/index.php\/logo-e-fatura-qr-kodu-ekleme\/#breadcrumb\",\"itemListElement\":[{\"@type\":\"ListItem\",\"position\":1,\"name\":\"Anasayfa\",\"item\":\"https:\/\/www.akilsan.com\/\"},{\"@type\":\"ListItem\",\"position\":2,\"name\":\"LOGO E-FATURA QR KODU EKLEME\"}]},{\"@type\":\"WebSite\",\"@id\":\"http:\/\/www.akilsan.com\/#website\",\"url\":\"http:\/\/www.akilsan.com\/\",\"name\":\"Akilsan Makine ve Yaz\u0131l\u0131m | Logo \u0130\u015f Orta\u011f\u0131\",\"description\":\"\",\"publisher\":{\"@id\":\"http:\/\/www.akilsan.com\/#organization\"},\"potentialAction\":[{\"@type\":\"SearchAction\",\"target\":{\"@type\":\"EntryPoint\",\"urlTemplate\":\"http:\/\/www.akilsan.com\/?s={search_term_string}\"},\"query-input\":{\"@type\":\"PropertyValueSpecification\",\"valueRequired\":true,\"valueName\":\"search_term_string\"}}],\"inLanguage\":\"tr\"},{\"@type\":\"Organization\",\"@id\":\"http:\/\/www.akilsan.com\/#organization\",\"name\":\"Akilsan Makine ve Yaz\u0131l\u0131m | Logo \u0130\u015f Orta\u011f\u0131\",\"url\":\"http:\/\/www.akilsan.com\/\",\"logo\":{\"@type\":\"ImageObject\",\"inLanguage\":\"tr\",\"@id\":\"http:\/\/www.akilsan.com\/#\/schema\/logo\/image\/\",\"url\":\"https:\/\/www.akilsan.com\/wp-content\/uploads\/2023\/12\/logo.png\",\"contentUrl\":\"https:\/\/www.akilsan.com\/wp-content\/uploads\/2023\/12\/logo.png\",\"width\":923,\"height\":251,\"caption\":\"Akilsan Makine ve Yaz\u0131l\u0131m | Logo \u0130\u015f Orta\u011f\u0131\"},\"image\":{\"@id\":\"http:\/\/www.akilsan.com\/#\/schema\/logo\/image\/\"}}]}<\/script>\n<!-- \/ Yoast SEO plugin. -->","yoast_head_json":{"title":"LOGO E-FATURA QR KODU EKLEME - Akilsan Makine ve Yaz\u0131l\u0131m | Logo \u0130\u015f Orta\u011f\u0131","robots":{"index":"index","follow":"follow","max-snippet":"max-snippet:-1","max-image-preview":"max-image-preview:large","max-video-preview":"max-video-preview:-1"},"canonical":"http:\/\/www.akilsan.com\/index.php\/logo-e-fatura-qr-kodu-ekleme\/","og_locale":"tr_TR","og_type":"article","og_title":"LOGO E-FATURA QR KODU EKLEME - Akilsan Makine ve Yaz\u0131l\u0131m | Logo \u0130\u015f Orta\u011f\u0131","og_description":"Logo e Faturada ve e-Belgelerde Karekod Zorunlulu\u011fu Gelir \u0130daresi Ba\u015fkanl\u0131\u011f\u0131 taraf\u0131ndan yay\u0131nlanan duyuru kapsam\u0131nda 01 Eyl\u00fcl 2023 tarihi itibariyle t\u00fcm e-belgelerin g\u00f6rsel tasar\u0131mlar\u0131na karekod QRCODE olmas\u0131 [\u2026]","og_url":"http:\/\/www.akilsan.com\/index.php\/logo-e-fatura-qr-kodu-ekleme\/","og_site_name":"Akilsan Makine ve Yaz\u0131l\u0131m | Logo \u0130\u015f Orta\u011f\u0131","article_modified_time":"2024-01-31T19:32:29+00:00","og_image":[{"url":"http:\/\/www.akilsan.com\/wp-content\/uploads\/2023\/12\/desteke-fatura.jpg","type":"","width":"","height":""}],"twitter_card":"summary_large_image","twitter_misc":{"Tahmini okuma s\u00fcresi":"3 dakika"},"schema":{"@context":"https:\/\/schema.org","@graph":[{"@type":"WebPage","@id":"http:\/\/www.akilsan.com\/index.php\/logo-e-fatura-qr-kodu-ekleme\/","url":"http:\/\/www.akilsan.com\/index.php\/logo-e-fatura-qr-kodu-ekleme\/","name":"LOGO E-FATURA QR KODU EKLEME - Akilsan Makine ve Yaz\u0131l\u0131m | Logo \u0130\u015f Orta\u011f\u0131","isPartOf":{"@id":"http:\/\/www.akilsan.com\/#website"},"primaryImageOfPage":{"@id":"http:\/\/www.akilsan.com\/index.php\/logo-e-fatura-qr-kodu-ekleme\/#primaryimage"},"image":{"@id":"http:\/\/www.akilsan.com\/index.php\/logo-e-fatura-qr-kodu-ekleme\/#primaryimage"},"thumbnailUrl":"http:\/\/www.akilsan.com\/wp-content\/uploads\/2023\/12\/desteke-fatura.jpg","datePublished":"2023-12-08T07:11:58+00:00","dateModified":"2024-01-31T19:32:29+00:00","breadcrumb":{"@id":"http:\/\/www.akilsan.com\/index.php\/logo-e-fatura-qr-kodu-ekleme\/#breadcrumb"},"inLanguage":"tr","potentialAction":[{"@type":"ReadAction","target":["http:\/\/www.akilsan.com\/index.php\/logo-e-fatura-qr-kodu-ekleme\/"]}]},{"@type":"ImageObject","inLanguage":"tr","@id":"http:\/\/www.akilsan.com\/index.php\/logo-e-fatura-qr-kodu-ekleme\/#primaryimage","url":"https:\/\/www.akilsan.com\/wp-content\/uploads\/2023\/12\/desteke-fatura.jpg","contentUrl":"https:\/\/www.akilsan.com\/wp-content\/uploads\/2023\/12\/desteke-fatura.jpg","width":399,"height":460,"caption":"desteke-fatura,"},{"@type":"BreadcrumbList","@id":"http:\/\/www.akilsan.com\/index.php\/logo-e-fatura-qr-kodu-ekleme\/#breadcrumb","itemListElement":[{"@type":"ListItem","position":1,"name":"Anasayfa","item":"https:\/\/www.akilsan.com\/"},{"@type":"ListItem","position":2,"name":"LOGO E-FATURA QR KODU EKLEME"}]},{"@type":"WebSite","@id":"http:\/\/www.akilsan.com\/#website","url":"http:\/\/www.akilsan.com\/","name":"Akilsan Makine ve Yaz\u0131l\u0131m | Logo \u0130\u015f Orta\u011f\u0131","description":"","publisher":{"@id":"http:\/\/www.akilsan.com\/#organization"},"potentialAction":[{"@type":"SearchAction","target":{"@type":"EntryPoint","urlTemplate":"http:\/\/www.akilsan.com\/?s={search_term_string}"},"query-input":{"@type":"PropertyValueSpecification","valueRequired":true,"valueName":"search_term_string"}}],"inLanguage":"tr"},{"@type":"Organization","@id":"http:\/\/www.akilsan.com\/#organization","name":"Akilsan Makine ve Yaz\u0131l\u0131m | Logo \u0130\u015f Orta\u011f\u0131","url":"http:\/\/www.akilsan.com\/","logo":{"@type":"ImageObject","inLanguage":"tr","@id":"http:\/\/www.akilsan.com\/#\/schema\/logo\/image\/","url":"https:\/\/www.akilsan.com\/wp-content\/uploads\/2023\/12\/logo.png","contentUrl":"https:\/\/www.akilsan.com\/wp-content\/uploads\/2023\/12\/logo.png","width":923,"height":251,"caption":"Akilsan Makine ve Yaz\u0131l\u0131m | Logo \u0130\u015f Orta\u011f\u0131"},"image":{"@id":"http:\/\/www.akilsan.com\/#\/schema\/logo\/image\/"}}]}},"_links":{"self":[{"href":"https:\/\/www.akilsan.com\/index.php\/wp-json\/wp\/v2\/pages\/146","targetHints":{"allow":["GET"]}}],"collection":[{"href":"https:\/\/www.akilsan.com\/index.php\/wp-json\/wp\/v2\/pages"}],"about":[{"href":"https:\/\/www.akilsan.com\/index.php\/wp-json\/wp\/v2\/types\/page"}],"author":[{"embeddable":true,"href":"https:\/\/www.akilsan.com\/index.php\/wp-json\/wp\/v2\/users\/2"}],"replies":[{"embeddable":true,"href":"https:\/\/www.akilsan.com\/index.php\/wp-json\/wp\/v2\/comments?post=146"}],"version-history":[{"count":11,"href":"https:\/\/www.akilsan.com\/index.php\/wp-json\/wp\/v2\/pages\/146\/revisions"}],"predecessor-version":[{"id":2049,"href":"https:\/\/www.akilsan.com\/index.php\/wp-json\/wp\/v2\/pages\/146\/revisions\/2049"}],"wp:attachment":[{"href":"https:\/\/www.akilsan.com\/index.php\/wp-json\/wp\/v2\/media?parent=146"}],"curies":[{"name":"wp","href":"https:\/\/api.w.org\/{rel}","templated":true}]}}