{"id":287,"date":"2023-12-10T15:52:29","date_gmt":"2023-12-10T12:52:29","guid":{"rendered":"http:\/\/www.akilsan.com\/?page_id=287"},"modified":"2025-10-24T16:56:29","modified_gmt":"2025-10-24T13:56:29","slug":"ozel-yazilim-ve-entegrasyon","status":"publish","type":"page","link":"https:\/\/www.akilsan.com\/index.php\/ozel-yazilim-ve-entegrasyon\/","title":{"rendered":"\u00d6ZEL YAZILIM VE ENTEGRASYON"},"content":{"rendered":"\t\t<div data-elementor-type=\"wp-page\" data-elementor-id=\"287\" class=\"elementor elementor-287\">\n\t\t\t\t\t\t<section class=\"elementor-section elementor-top-section elementor-element elementor-element-e6cae38 elementor-section-content-middle elementor-section-boxed elementor-section-height-default elementor-section-height-default\" data-id=\"e6cae38\" data-element_type=\"section\" data-settings=\"{&quot;background_background&quot;:&quot;classic&quot;}\">\n\t\t\t\t\t\t\t<div class=\"elementor-background-overlay\"><\/div>\n\t\t\t\t\t\t\t<div class=\"elementor-container elementor-column-gap-extended\">\n\t\t\t\t\t<div class=\"elementor-column elementor-col-50 elementor-top-column elementor-element elementor-element-ba36586 elementor-hidden-mobile\" data-id=\"ba36586\" data-element_type=\"column\">\n\t\t\t<div class=\"elementor-widget-wrap elementor-element-populated\">\n\t\t\t\t\t\t<div class=\"elementor-element elementor-element-36728ad elementor-widget elementor-widget-sidebar\" data-id=\"36728ad\" data-element_type=\"widget\" data-settings=\"{&quot;_animation&quot;:&quot;none&quot;}\" data-widget_type=\"sidebar.default\">\n\t\t\t\t<div class=\"elementor-widget-container\">\n\t\t\t\t\t<aside id=\"widget_mfn_menu-13\" class=\"widget widget_mfn_menu\"><h4>Belirgin \u00d6zellikler<\/h4><div class=\"menu-belirgin-ozellikler-container\"><ul id=\"menu-belirgin-ozellikler\" class=\"menu submenus-show\"><li id=\"menu-item-1747\" class=\"menu-item menu-item-type-post_type menu-item-object-page menu-item-1747\"><a href=\"https:\/\/www.akilsan.com\/index.php\/ar-ge\/\">AR-GE<\/a><\/li>\n<li id=\"menu-item-1746\" class=\"menu-item menu-item-type-post_type menu-item-object-page menu-item-1746\"><a href=\"https:\/\/www.akilsan.com\/index.php\/kalite-ozellik\/\">KAL\u0130TE<\/a><\/li>\n<li id=\"menu-item-1745\" class=\"menu-item menu-item-type-post_type menu-item-object-page menu-item-1745\"><a href=\"https:\/\/www.akilsan.com\/index.php\/tasarim\/\">TASARIM<\/a><\/li>\n<li id=\"menu-item-1744\" class=\"menu-item menu-item-type-post_type menu-item-object-page menu-item-1744\"><a href=\"https:\/\/www.akilsan.com\/index.php\/prototip\/\">PROTOT\u0130P<\/a><\/li>\n<li id=\"menu-item-1743\" class=\"menu-item menu-item-type-post_type menu-item-object-page menu-item-1743\"><a href=\"https:\/\/www.akilsan.com\/index.php\/talasli-imalat\/\">TALA\u015eLI \u0130MALAT<\/a><\/li>\n<li id=\"menu-item-1742\" class=\"menu-item menu-item-type-post_type menu-item-object-page menu-item-1742\"><a href=\"https:\/\/www.akilsan.com\/index.php\/sevkiyat\/\">SEVK\u0130YAT<\/a><\/li>\n<\/ul><\/div><\/aside><aside id=\"widget_mfn_menu-14\" class=\"widget widget_mfn_menu\"><h4>Yaz\u0131l\u0131m<\/h4><div class=\"menu-yazilim-container\"><ul id=\"menu-yazilim\" class=\"menu submenus-show\"><li id=\"menu-item-1734\" class=\"menu-item menu-item-type-post_type menu-item-object-page menu-item-1734\"><a href=\"https:\/\/www.akilsan.com\/index.php\/sanallastirma\/\">SANALLA\u015eTIRMA<\/a><\/li>\n<li id=\"menu-item-1733\" class=\"menu-item menu-item-type-post_type menu-item-object-page menu-item-1733\"><a href=\"https:\/\/www.akilsan.com\/index.php\/ozel-yazilim-ve-entegrasyon\/\">\u00d6ZEL YAZILIM VE ENTEGRASYON<\/a><\/li>\n<li id=\"menu-item-1731\" class=\"menu-item menu-item-type-post_type menu-item-object-page menu-item-1731\"><a href=\"https:\/\/www.akilsan.com\/index.php\/kvkk-danismanligi\/\">KVKK DANI\u015eMANLI\u011eI<\/a><\/li>\n<li id=\"menu-item-1732\" class=\"menu-item menu-item-type-post_type menu-item-object-page menu-item-1732\"><a href=\"https:\/\/www.akilsan.com\/index.php\/logo-is-ortagi\/\">LOGO \u0130\u015e ORTA\u011eI<\/a><\/li>\n<\/ul><\/div><\/aside><aside id=\"widget_mfn_menu-15\" class=\"widget widget_mfn_menu\"><h4>Makine<\/h4><div class=\"menu-makine-container\"><ul id=\"menu-makine\" class=\"menu submenus-show\"><li id=\"menu-item-1724\" class=\"menu-item menu-item-type-post_type menu-item-object-page menu-item-1724\"><a href=\"https:\/\/www.akilsan.com\/index.php\/talasli-imalat\/\">TALA\u015eLI \u0130MALAT<\/a><\/li>\n<li id=\"menu-item-1725\" class=\"menu-item menu-item-type-post_type menu-item-object-page menu-item-1725\"><a href=\"https:\/\/www.akilsan.com\/index.php\/tasarim\/\">TASARIM<\/a><\/li>\n<li id=\"menu-item-1726\" class=\"menu-item menu-item-type-post_type menu-item-object-page menu-item-1726\"><a href=\"https:\/\/www.akilsan.com\/index.php\/montaj\/\">MONTAJ<\/a><\/li>\n<\/ul><\/div><\/aside>\t\t\t\t<\/div>\n\t\t\t\t<\/div>\n\t\t\t\t\t<\/div>\n\t\t<\/div>\n\t\t\t\t<div class=\"elementor-column elementor-col-50 elementor-top-column elementor-element elementor-element-3fe07d6\" data-id=\"3fe07d6\" data-element_type=\"column\">\n\t\t\t<div class=\"elementor-widget-wrap elementor-element-populated\">\n\t\t\t\t<div class=\"elementor-element elementor-element-b058d77 e-flex e-con-boxed e-con e-child\" data-id=\"b058d77\" data-element_type=\"container\">\n\t\t\t\t\t<div class=\"e-con-inner\">\n\t\t<div class=\"elementor-element elementor-element-67f603d e-con-full e-flex e-con e-child\" data-id=\"67f603d\" data-element_type=\"container\">\n\t\t\t\t<div class=\"elementor-element elementor-element-f0b6ae4 elementor-widget__width-initial elementor-widget elementor-widget-image\" data-id=\"f0b6ae4\" data-element_type=\"widget\" data-widget_type=\"image.default\">\n\t\t\t\t<div class=\"elementor-widget-container\">\n\t\t\t\t\t\t\t\t\t\t\t\t\t\t\t<img fetchpriority=\"high\" decoding=\"async\" width=\"600\" height=\"450\" src=\"https:\/\/www.akilsan.com\/wp-content\/uploads\/2023\/12\/yazilimozel.jpeg\" class=\"attachment-large size-large wp-image-429\" alt=\"yazilimozel,\" \/>\t\t\t\t\t\t\t\t\t\t\t\t\t\t\t<\/div>\n\t\t\t\t<\/div>\n\t\t\t\t<\/div>\n\t\t<div class=\"elementor-element elementor-element-a76d4c6 e-con-full e-flex e-con e-child\" data-id=\"a76d4c6\" data-element_type=\"container\">\n\t\t\t\t<div class=\"elementor-element elementor-element-8ef7e1b elementor-widget-divider--view-line elementor-widget elementor-widget-divider\" data-id=\"8ef7e1b\" data-element_type=\"widget\" data-widget_type=\"divider.default\">\n\t\t\t\t<div class=\"elementor-widget-container\">\n\t\t\t\t\t\t\t<div class=\"elementor-divider\">\n\t\t\t<span class=\"elementor-divider-separator\">\n\t\t\t\t\t\t<\/span>\n\t\t<\/div>\n\t\t\t\t\t\t<\/div>\n\t\t\t\t<\/div>\n\t\t\t\t<div class=\"elementor-element elementor-element-2dd0080 elementor-widget elementor-widget-text-editor\" data-id=\"2dd0080\" data-element_type=\"widget\" data-widget_type=\"text-editor.default\">\n\t\t\t\t<div class=\"elementor-widget-container\">\n\t\t\t\t\t\t\t\t\t<div class=\"elementor-element elementor-element-2dd0080 elementor-widget elementor-widget-text-editor\" data-id=\"2dd0080\" data-element_type=\"widget\" data-widget_type=\"text-editor.default\"><div class=\"elementor-widget-container\"><p>G\u00fcn\u00fcm\u00fcz\u00fcn rekabet dolu i\u015f d\u00fcnyas\u0131nda, haz\u0131r \u00e7\u00f6z\u00fcmler bazen i\u015fletmelerin \u00f6zel ihtiya\u00e7lar\u0131n\u0131 kar\u015f\u0131lamakta yetersiz kalabilir. \u0130\u015fte burada \u00f6zel yaz\u0131l\u0131m geli\u015ftirme ve entegrasyon s\u00fcre\u00e7leri devreye girer. \u00d6zel yaz\u0131l\u0131mlar, belirli i\u015f gereksinimlerine \u00f6zelle\u015ftirilmi\u015f \u00e7\u00f6z\u00fcmler sunarak i\u015fletmelere daha verimli, etkili ve rekabet\u00e7i olma f\u0131rsat\u0131 sunar.<\/p><\/div><\/div><div class=\"elementor-element elementor-element-c805a8d elementor-widget-divider--view-line elementor-widget elementor-widget-divider\" data-id=\"c805a8d\" data-element_type=\"widget\" data-widget_type=\"divider.default\"><div class=\"elementor-widget-container\"><div class=\"elementor-divider\">\u00a0<\/div><\/div><\/div>\t\t\t\t\t\t\t\t<\/div>\n\t\t\t\t<\/div>\n\t\t\t\t<div class=\"elementor-element elementor-element-c805a8d elementor-widget-divider--view-line elementor-widget elementor-widget-divider\" data-id=\"c805a8d\" data-element_type=\"widget\" data-widget_type=\"divider.default\">\n\t\t\t\t<div class=\"elementor-widget-container\">\n\t\t\t\t\t\t\t<div class=\"elementor-divider\">\n\t\t\t<span class=\"elementor-divider-separator\">\n\t\t\t\t\t\t<\/span>\n\t\t<\/div>\n\t\t\t\t\t\t<\/div>\n\t\t\t\t<\/div>\n\t\t\t\t<\/div>\n\t\t\t\t\t<\/div>\n\t\t\t\t<\/div>\n\t\t<div class=\"elementor-element elementor-element-4ca3475 e-flex e-con-boxed e-con e-child\" data-id=\"4ca3475\" data-element_type=\"container\">\n\t\t\t\t\t<div class=\"e-con-inner\">\n\t\t<div class=\"elementor-element elementor-element-597e71b e-con-full e-flex e-con e-child\" data-id=\"597e71b\" data-element_type=\"container\">\n\t\t\t\t<div class=\"elementor-element elementor-element-a0d13f6 elementor-widget elementor-widget-text-editor\" data-id=\"a0d13f6\" data-element_type=\"widget\" data-widget_type=\"text-editor.default\">\n\t\t\t\t<div class=\"elementor-widget-container\">\n\t\t\t\t\t\t\t\t\t<h4>\u00d6zel Yaz\u0131l\u0131m\u0131n Tan\u0131m\u0131<\/h4><p>\u00d6zel yaz\u0131l\u0131m, belirli bir i\u015fletmenin spesifik ihtiya\u00e7lar\u0131na uygun \u015fekilde tasarlanan \u00f6zelle\u015ftirilmi\u015f yaz\u0131l\u0131m \u00e7\u00f6z\u00fcmlerini ifade eder. Genelde haz\u0131r yaz\u0131l\u0131mlar geni\u015f bir kullan\u0131c\u0131 kitlesini hedefler ve her i\u015fletmenin \u00f6zg\u00fcn ihtiya\u00e7lar\u0131n\u0131 yeterince kar\u015f\u0131layamayabilir. \u00d6zel yaz\u0131l\u0131m, i\u015fletmelerin s\u00fcre\u00e7lerini en \u00fcst d\u00fczeyde optimize etmelerine, verimlili\u011fi art\u0131rmalar\u0131na ve \u00fcst\u00fcn sonu\u00e7lar elde etmelerine yard\u0131mc\u0131 olur. \u00d6rne\u011fin, stok y\u00f6netimi, m\u00fc\u015fteri ili\u015fkileri y\u00f6netimi veya \u00fcretim planlamas\u0131 gibi i\u015flevler i\u00e7in \u00f6zelle\u015ftirilmi\u015f yaz\u0131l\u0131mlar geli\u015ftirilebilir.<\/p><h4>Entegrasyonun Hayati \u00d6nemi<\/h4><p>Bir\u00e7ok i\u015fletme, farkl\u0131 departmanlar aras\u0131nda, \u00e7e\u015fitli yaz\u0131l\u0131mlar aras\u0131nda veya harici hizmet sa\u011flay\u0131c\u0131lar\u0131yla ileti\u015fimde g\u00fc\u00e7l\u00fck ya\u015fayabilir. \u0130\u015fte bu noktada entegrasyon kritik bir rol oynar. Yaz\u0131l\u0131m entegrasyonu, farkl\u0131 sistemleri ve yaz\u0131l\u0131mlar\u0131 sorunsuz bir \u015fekilde bir araya getirme s\u00fcrecini ifade eder. Entegrasyon, veri b\u00fct\u00fcnl\u00fc\u011f\u00fcn\u00fc korur, veri aktar\u0131mlar\u0131n\u0131 otomatikle\u015ftirir ve i\u015f s\u00fcre\u00e7lerini daha ak\u0131c\u0131 hale getirir.<\/p><h4>\u00d6zel Yaz\u0131l\u0131m ve Entegrasyonun Avantajlar<\/h4><ul><li>Ki\u015fiselle\u015ftirilmi\u015f \u00c7\u00f6z\u00fcmler: \u00d6zel yaz\u0131l\u0131m, i\u015fletmenin ihtiya\u00e7lar\u0131na eksiksiz olarak uyum sa\u011flad\u0131\u011f\u0131 i\u00e7in i\u015f s\u00fcre\u00e7lerini en iyi \u015fekilde optimize eder.<\/li><li>Verimlilik Art\u0131\u015f\u0131: \u00d6zel yaz\u0131l\u0131m ve entegrasyon, manuel i\u015flemleri otomatikle\u015ftirerek zaman ve emek tasarrufu sa\u011flar.<\/li><li>Rekabet \u00dcst\u00fcnl\u00fc\u011f\u00fc: \u0130\u015fletmeniz, \u00f6zel yaz\u0131l\u0131m ve entegrasyon sayesinde rekabet avantaj\u0131 elde edebilir ve sekt\u00f6rde \u00f6ne \u00e7\u0131kabilir.<\/li><li>Veri B\u00fct\u00fcnl\u00fc\u011f\u00fc: Entegre sistemler aras\u0131ndaki veri ak\u0131\u015f\u0131 g\u00fcvenilir ve hatas\u0131z oldu\u011fundan, veri b\u00fct\u00fcnl\u00fc\u011f\u00fc korunur.<\/li><li>Maliyet Etkinli\u011fi: Uzun vadede, \u00f6zel yaz\u0131l\u0131m ve entegrasyon i\u015f s\u00fcre\u00e7lerini optimize ederek maliyetleri d\u00fc\u015f\u00fcrebilir.<\/li><\/ul><p>Sonu\u00e7 olarak, \u00f6zel yaz\u0131l\u0131m geli\u015ftirme ve entegrasyon i\u015fletmelerin b\u00fcy\u00fcmesine, verimlili\u011fin artmas\u0131na ve rekabet avantaj\u0131 elde etmelerine g\u00fc\u00e7l\u00fc destek sa\u011flayan ara\u00e7lard\u0131r. Ancak bu s\u00fcre\u00e7lerin ba\u015far\u0131l\u0131 olabilmesi i\u00e7in dikkatli planlama, uzman bir ekip ve i\u015fletmenin ger\u00e7ek ihtiya\u00e7lar\u0131n\u0131 anlama \u00f6nemlidir<\/p><ul><li style=\"list-style-type: none;\">\u00a0<\/li><\/ul>\t\t\t\t\t\t\t\t<\/div>\n\t\t\t\t<\/div>\n\t\t\t\t<\/div>\n\t\t\t\t\t<\/div>\n\t\t\t\t<\/div>\n\t\t\t\t\t<\/div>\n\t\t<\/div>\n\t\t\t\t\t<\/div>\n\t\t<\/section>\n\t\t\t\t<\/div>\n\t\t","protected":false},"excerpt":{"rendered":"<p>G\u00fcn\u00fcm\u00fcz\u00fcn rekabet dolu i\u015f d\u00fcnyas\u0131nda, haz\u0131r \u00e7\u00f6z\u00fcmler bazen i\u015fletmelerin \u00f6zel ihtiya\u00e7lar\u0131n\u0131 kar\u015f\u0131lamakta yetersiz kalabilir. \u0130\u015fte burada \u00f6zel yaz\u0131l\u0131m geli\u015ftirme ve entegrasyon s\u00fcre\u00e7leri devreye girer. \u00d6zel yaz\u0131l\u0131mlar,<span class=\"excerpt-hellip\"> [\u2026]<\/span><\/p>\n","protected":false},"author":2,"featured_media":0,"parent":0,"menu_order":0,"comment_status":"closed","ping_status":"closed","template":"","meta":{"footnotes":""},"class_list":["post-287","page","type-page","status-publish","hentry"],"yoast_head":"<!-- This site is optimized with the Yoast SEO plugin v26.1.1 - https:\/\/yoast.com\/wordpress\/plugins\/seo\/ -->\n<title>\u00d6ZEL YAZILIM VE ENTEGRASYON - Akilsan Makine ve Yaz\u0131l\u0131m | Logo \u0130\u015f Orta\u011f\u0131<\/title>\n<meta name=\"robots\" content=\"index, follow, max-snippet:-1, max-image-preview:large, max-video-preview:-1\" \/>\n<link rel=\"canonical\" href=\"http:\/\/www.akilsan.com\/index.php\/ozel-yazilim-ve-entegrasyon\/\" \/>\n<meta property=\"og:locale\" content=\"tr_TR\" \/>\n<meta property=\"og:type\" content=\"article\" \/>\n<meta property=\"og:title\" content=\"\u00d6ZEL YAZILIM VE ENTEGRASYON - Akilsan Makine ve Yaz\u0131l\u0131m | Logo \u0130\u015f Orta\u011f\u0131\" \/>\n<meta property=\"og:description\" content=\"G\u00fcn\u00fcm\u00fcz\u00fcn rekabet dolu i\u015f d\u00fcnyas\u0131nda, haz\u0131r \u00e7\u00f6z\u00fcmler bazen i\u015fletmelerin \u00f6zel ihtiya\u00e7lar\u0131n\u0131 kar\u015f\u0131lamakta yetersiz kalabilir. \u0130\u015fte burada \u00f6zel yaz\u0131l\u0131m geli\u015ftirme ve entegrasyon s\u00fcre\u00e7leri devreye girer. \u00d6zel yaz\u0131l\u0131mlar, [\u2026]\" \/>\n<meta property=\"og:url\" content=\"http:\/\/www.akilsan.com\/index.php\/ozel-yazilim-ve-entegrasyon\/\" \/>\n<meta property=\"og:site_name\" content=\"Akilsan Makine ve Yaz\u0131l\u0131m | Logo \u0130\u015f Orta\u011f\u0131\" \/>\n<meta property=\"article:modified_time\" content=\"2025-10-24T13:56:29+00:00\" \/>\n<meta property=\"og:image\" content=\"https:\/\/www.akilsan.com\/wp-content\/uploads\/2023\/12\/yazilimozel.jpeg\" \/>\n\t<meta property=\"og:image:width\" content=\"600\" \/>\n\t<meta property=\"og:image:height\" content=\"450\" \/>\n\t<meta property=\"og:image:type\" content=\"image\/jpeg\" \/>\n<meta name=\"twitter:card\" content=\"summary_large_image\" \/>\n<meta name=\"twitter:label1\" content=\"Tahmini okuma s\u00fcresi\" \/>\n\t<meta name=\"twitter:data1\" content=\"3 dakika\" \/>\n<script type=\"application\/ld+json\" class=\"yoast-schema-graph\">{\"@context\":\"https:\/\/schema.org\",\"@graph\":[{\"@type\":\"WebPage\",\"@id\":\"http:\/\/www.akilsan.com\/index.php\/ozel-yazilim-ve-entegrasyon\/\",\"url\":\"http:\/\/www.akilsan.com\/index.php\/ozel-yazilim-ve-entegrasyon\/\",\"name\":\"\u00d6ZEL YAZILIM VE ENTEGRASYON - Akilsan Makine ve Yaz\u0131l\u0131m | Logo \u0130\u015f Orta\u011f\u0131\",\"isPartOf\":{\"@id\":\"http:\/\/www.akilsan.com\/#website\"},\"primaryImageOfPage\":{\"@id\":\"http:\/\/www.akilsan.com\/index.php\/ozel-yazilim-ve-entegrasyon\/#primaryimage\"},\"image\":{\"@id\":\"http:\/\/www.akilsan.com\/index.php\/ozel-yazilim-ve-entegrasyon\/#primaryimage\"},\"thumbnailUrl\":\"http:\/\/www.akilsan.com\/wp-content\/uploads\/2023\/12\/yazilimozel.jpeg\",\"datePublished\":\"2023-12-10T12:52:29+00:00\",\"dateModified\":\"2025-10-24T13:56:29+00:00\",\"breadcrumb\":{\"@id\":\"http:\/\/www.akilsan.com\/index.php\/ozel-yazilim-ve-entegrasyon\/#breadcrumb\"},\"inLanguage\":\"tr\",\"potentialAction\":[{\"@type\":\"ReadAction\",\"target\":[\"http:\/\/www.akilsan.com\/index.php\/ozel-yazilim-ve-entegrasyon\/\"]}]},{\"@type\":\"ImageObject\",\"inLanguage\":\"tr\",\"@id\":\"http:\/\/www.akilsan.com\/index.php\/ozel-yazilim-ve-entegrasyon\/#primaryimage\",\"url\":\"https:\/\/www.akilsan.com\/wp-content\/uploads\/2023\/12\/yazilimozel.jpeg\",\"contentUrl\":\"https:\/\/www.akilsan.com\/wp-content\/uploads\/2023\/12\/yazilimozel.jpeg\",\"width\":600,\"height\":450,\"caption\":\"yazilimozel,\"},{\"@type\":\"BreadcrumbList\",\"@id\":\"http:\/\/www.akilsan.com\/index.php\/ozel-yazilim-ve-entegrasyon\/#breadcrumb\",\"itemListElement\":[{\"@type\":\"ListItem\",\"position\":1,\"name\":\"Anasayfa\",\"item\":\"https:\/\/www.akilsan.com\/\"},{\"@type\":\"ListItem\",\"position\":2,\"name\":\"\u00d6ZEL YAZILIM VE ENTEGRASYON\"}]},{\"@type\":\"WebSite\",\"@id\":\"http:\/\/www.akilsan.com\/#website\",\"url\":\"http:\/\/www.akilsan.com\/\",\"name\":\"Akilsan Makine ve Yaz\u0131l\u0131m | Logo \u0130\u015f Orta\u011f\u0131\",\"description\":\"\",\"publisher\":{\"@id\":\"http:\/\/www.akilsan.com\/#organization\"},\"potentialAction\":[{\"@type\":\"SearchAction\",\"target\":{\"@type\":\"EntryPoint\",\"urlTemplate\":\"http:\/\/www.akilsan.com\/?s={search_term_string}\"},\"query-input\":{\"@type\":\"PropertyValueSpecification\",\"valueRequired\":true,\"valueName\":\"search_term_string\"}}],\"inLanguage\":\"tr\"},{\"@type\":\"Organization\",\"@id\":\"http:\/\/www.akilsan.com\/#organization\",\"name\":\"Akilsan Makine ve Yaz\u0131l\u0131m | Logo \u0130\u015f Orta\u011f\u0131\",\"url\":\"http:\/\/www.akilsan.com\/\",\"logo\":{\"@type\":\"ImageObject\",\"inLanguage\":\"tr\",\"@id\":\"http:\/\/www.akilsan.com\/#\/schema\/logo\/image\/\",\"url\":\"https:\/\/www.akilsan.com\/wp-content\/uploads\/2023\/12\/logo.png\",\"contentUrl\":\"https:\/\/www.akilsan.com\/wp-content\/uploads\/2023\/12\/logo.png\",\"width\":923,\"height\":251,\"caption\":\"Akilsan Makine ve Yaz\u0131l\u0131m | Logo \u0130\u015f Orta\u011f\u0131\"},\"image\":{\"@id\":\"http:\/\/www.akilsan.com\/#\/schema\/logo\/image\/\"}}]}<\/script>\n<!-- \/ Yoast SEO plugin. -->","yoast_head_json":{"title":"\u00d6ZEL YAZILIM VE ENTEGRASYON - Akilsan Makine ve Yaz\u0131l\u0131m | Logo \u0130\u015f Orta\u011f\u0131","robots":{"index":"index","follow":"follow","max-snippet":"max-snippet:-1","max-image-preview":"max-image-preview:large","max-video-preview":"max-video-preview:-1"},"canonical":"http:\/\/www.akilsan.com\/index.php\/ozel-yazilim-ve-entegrasyon\/","og_locale":"tr_TR","og_type":"article","og_title":"\u00d6ZEL YAZILIM VE ENTEGRASYON - Akilsan Makine ve Yaz\u0131l\u0131m | Logo \u0130\u015f Orta\u011f\u0131","og_description":"G\u00fcn\u00fcm\u00fcz\u00fcn rekabet dolu i\u015f d\u00fcnyas\u0131nda, haz\u0131r \u00e7\u00f6z\u00fcmler bazen i\u015fletmelerin \u00f6zel ihtiya\u00e7lar\u0131n\u0131 kar\u015f\u0131lamakta yetersiz kalabilir. \u0130\u015fte burada \u00f6zel yaz\u0131l\u0131m geli\u015ftirme ve entegrasyon s\u00fcre\u00e7leri devreye girer. \u00d6zel yaz\u0131l\u0131mlar, [\u2026]","og_url":"http:\/\/www.akilsan.com\/index.php\/ozel-yazilim-ve-entegrasyon\/","og_site_name":"Akilsan Makine ve Yaz\u0131l\u0131m | Logo \u0130\u015f Orta\u011f\u0131","article_modified_time":"2025-10-24T13:56:29+00:00","og_image":[{"width":600,"height":450,"url":"https:\/\/www.akilsan.com\/wp-content\/uploads\/2023\/12\/yazilimozel.jpeg","type":"image\/jpeg"}],"twitter_card":"summary_large_image","twitter_misc":{"Tahmini okuma s\u00fcresi":"3 dakika"},"schema":{"@context":"https:\/\/schema.org","@graph":[{"@type":"WebPage","@id":"http:\/\/www.akilsan.com\/index.php\/ozel-yazilim-ve-entegrasyon\/","url":"http:\/\/www.akilsan.com\/index.php\/ozel-yazilim-ve-entegrasyon\/","name":"\u00d6ZEL YAZILIM VE ENTEGRASYON - Akilsan Makine ve Yaz\u0131l\u0131m | Logo \u0130\u015f Orta\u011f\u0131","isPartOf":{"@id":"http:\/\/www.akilsan.com\/#website"},"primaryImageOfPage":{"@id":"http:\/\/www.akilsan.com\/index.php\/ozel-yazilim-ve-entegrasyon\/#primaryimage"},"image":{"@id":"http:\/\/www.akilsan.com\/index.php\/ozel-yazilim-ve-entegrasyon\/#primaryimage"},"thumbnailUrl":"http:\/\/www.akilsan.com\/wp-content\/uploads\/2023\/12\/yazilimozel.jpeg","datePublished":"2023-12-10T12:52:29+00:00","dateModified":"2025-10-24T13:56:29+00:00","breadcrumb":{"@id":"http:\/\/www.akilsan.com\/index.php\/ozel-yazilim-ve-entegrasyon\/#breadcrumb"},"inLanguage":"tr","potentialAction":[{"@type":"ReadAction","target":["http:\/\/www.akilsan.com\/index.php\/ozel-yazilim-ve-entegrasyon\/"]}]},{"@type":"ImageObject","inLanguage":"tr","@id":"http:\/\/www.akilsan.com\/index.php\/ozel-yazilim-ve-entegrasyon\/#primaryimage","url":"https:\/\/www.akilsan.com\/wp-content\/uploads\/2023\/12\/yazilimozel.jpeg","contentUrl":"https:\/\/www.akilsan.com\/wp-content\/uploads\/2023\/12\/yazilimozel.jpeg","width":600,"height":450,"caption":"yazilimozel,"},{"@type":"BreadcrumbList","@id":"http:\/\/www.akilsan.com\/index.php\/ozel-yazilim-ve-entegrasyon\/#breadcrumb","itemListElement":[{"@type":"ListItem","position":1,"name":"Anasayfa","item":"https:\/\/www.akilsan.com\/"},{"@type":"ListItem","position":2,"name":"\u00d6ZEL YAZILIM VE ENTEGRASYON"}]},{"@type":"WebSite","@id":"http:\/\/www.akilsan.com\/#website","url":"http:\/\/www.akilsan.com\/","name":"Akilsan Makine ve Yaz\u0131l\u0131m | Logo \u0130\u015f Orta\u011f\u0131","description":"","publisher":{"@id":"http:\/\/www.akilsan.com\/#organization"},"potentialAction":[{"@type":"SearchAction","target":{"@type":"EntryPoint","urlTemplate":"http:\/\/www.akilsan.com\/?s={search_term_string}"},"query-input":{"@type":"PropertyValueSpecification","valueRequired":true,"valueName":"search_term_string"}}],"inLanguage":"tr"},{"@type":"Organization","@id":"http:\/\/www.akilsan.com\/#organization","name":"Akilsan Makine ve Yaz\u0131l\u0131m | Logo \u0130\u015f Orta\u011f\u0131","url":"http:\/\/www.akilsan.com\/","logo":{"@type":"ImageObject","inLanguage":"tr","@id":"http:\/\/www.akilsan.com\/#\/schema\/logo\/image\/","url":"https:\/\/www.akilsan.com\/wp-content\/uploads\/2023\/12\/logo.png","contentUrl":"https:\/\/www.akilsan.com\/wp-content\/uploads\/2023\/12\/logo.png","width":923,"height":251,"caption":"Akilsan Makine ve Yaz\u0131l\u0131m | Logo \u0130\u015f Orta\u011f\u0131"},"image":{"@id":"http:\/\/www.akilsan.com\/#\/schema\/logo\/image\/"}}]}},"_links":{"self":[{"href":"https:\/\/www.akilsan.com\/index.php\/wp-json\/wp\/v2\/pages\/287","targetHints":{"allow":["GET"]}}],"collection":[{"href":"https:\/\/www.akilsan.com\/index.php\/wp-json\/wp\/v2\/pages"}],"about":[{"href":"https:\/\/www.akilsan.com\/index.php\/wp-json\/wp\/v2\/types\/page"}],"author":[{"embeddable":true,"href":"https:\/\/www.akilsan.com\/index.php\/wp-json\/wp\/v2\/users\/2"}],"replies":[{"embeddable":true,"href":"https:\/\/www.akilsan.com\/index.php\/wp-json\/wp\/v2\/comments?post=287"}],"version-history":[{"count":46,"href":"https:\/\/www.akilsan.com\/index.php\/wp-json\/wp\/v2\/pages\/287\/revisions"}],"predecessor-version":[{"id":2838,"href":"https:\/\/www.akilsan.com\/index.php\/wp-json\/wp\/v2\/pages\/287\/revisions\/2838"}],"wp:attachment":[{"href":"https:\/\/www.akilsan.com\/index.php\/wp-json\/wp\/v2\/media?parent=287"}],"curies":[{"name":"wp","href":"https:\/\/api.w.org\/{rel}","templated":true}]}}