{"id":288,"date":"2023-12-10T15:52:47","date_gmt":"2023-12-10T12:52:47","guid":{"rendered":"http:\/\/www.akilsan.com\/?page_id=288"},"modified":"2025-10-24T17:01:37","modified_gmt":"2025-10-24T14:01:37","slug":"kvkk-danismanligi","status":"publish","type":"page","link":"https:\/\/www.akilsan.com\/index.php\/kvkk-danismanligi\/","title":{"rendered":"KVKK DANI\u015eMANLI\u011eI"},"content":{"rendered":"\t\t<div data-elementor-type=\"wp-page\" data-elementor-id=\"288\" class=\"elementor elementor-288\">\n\t\t\t\t\t\t<section class=\"elementor-section elementor-top-section elementor-element elementor-element-c3abaed elementor-section-content-middle elementor-section-boxed elementor-section-height-default elementor-section-height-default\" data-id=\"c3abaed\" data-element_type=\"section\" data-settings=\"{&quot;background_background&quot;:&quot;classic&quot;}\">\n\t\t\t\t\t\t\t<div class=\"elementor-background-overlay\"><\/div>\n\t\t\t\t\t\t\t<div class=\"elementor-container elementor-column-gap-extended\">\n\t\t\t\t\t<div class=\"elementor-column elementor-col-50 elementor-top-column elementor-element elementor-element-5336de8 elementor-hidden-mobile\" data-id=\"5336de8\" data-element_type=\"column\">\n\t\t\t<div class=\"elementor-widget-wrap elementor-element-populated\">\n\t\t\t\t\t\t<div class=\"elementor-element elementor-element-2499596 elementor-widget elementor-widget-sidebar\" data-id=\"2499596\" data-element_type=\"widget\" data-widget_type=\"sidebar.default\">\n\t\t\t\t<div class=\"elementor-widget-container\">\n\t\t\t\t\t<aside id=\"widget_mfn_menu-13\" class=\"widget widget_mfn_menu\"><h4>Belirgin \u00d6zellikler<\/h4><div class=\"menu-belirgin-ozellikler-container\"><ul id=\"menu-belirgin-ozellikler\" class=\"menu submenus-show\"><li id=\"menu-item-1747\" class=\"menu-item menu-item-type-post_type menu-item-object-page menu-item-1747\"><a href=\"https:\/\/www.akilsan.com\/index.php\/ar-ge\/\">AR-GE<\/a><\/li>\n<li id=\"menu-item-1746\" class=\"menu-item menu-item-type-post_type menu-item-object-page menu-item-1746\"><a href=\"https:\/\/www.akilsan.com\/index.php\/kalite-ozellik\/\">KAL\u0130TE<\/a><\/li>\n<li id=\"menu-item-1745\" class=\"menu-item menu-item-type-post_type menu-item-object-page menu-item-1745\"><a href=\"https:\/\/www.akilsan.com\/index.php\/tasarim\/\">TASARIM<\/a><\/li>\n<li id=\"menu-item-1744\" class=\"menu-item menu-item-type-post_type menu-item-object-page menu-item-1744\"><a href=\"https:\/\/www.akilsan.com\/index.php\/prototip\/\">PROTOT\u0130P<\/a><\/li>\n<li id=\"menu-item-1743\" class=\"menu-item menu-item-type-post_type menu-item-object-page menu-item-1743\"><a href=\"https:\/\/www.akilsan.com\/index.php\/talasli-imalat\/\">TALA\u015eLI \u0130MALAT<\/a><\/li>\n<li id=\"menu-item-1742\" class=\"menu-item menu-item-type-post_type menu-item-object-page menu-item-1742\"><a href=\"https:\/\/www.akilsan.com\/index.php\/sevkiyat\/\">SEVK\u0130YAT<\/a><\/li>\n<\/ul><\/div><\/aside><aside id=\"widget_mfn_menu-14\" class=\"widget widget_mfn_menu\"><h4>Yaz\u0131l\u0131m<\/h4><div class=\"menu-yazilim-container\"><ul id=\"menu-yazilim\" class=\"menu submenus-show\"><li id=\"menu-item-1734\" class=\"menu-item menu-item-type-post_type menu-item-object-page menu-item-1734\"><a href=\"https:\/\/www.akilsan.com\/index.php\/sanallastirma\/\">SANALLA\u015eTIRMA<\/a><\/li>\n<li id=\"menu-item-1733\" class=\"menu-item menu-item-type-post_type menu-item-object-page menu-item-1733\"><a href=\"https:\/\/www.akilsan.com\/index.php\/ozel-yazilim-ve-entegrasyon\/\">\u00d6ZEL YAZILIM VE ENTEGRASYON<\/a><\/li>\n<li id=\"menu-item-1731\" class=\"menu-item menu-item-type-post_type menu-item-object-page menu-item-1731\"><a href=\"https:\/\/www.akilsan.com\/index.php\/kvkk-danismanligi\/\">KVKK DANI\u015eMANLI\u011eI<\/a><\/li>\n<li id=\"menu-item-1732\" class=\"menu-item menu-item-type-post_type menu-item-object-page menu-item-1732\"><a href=\"https:\/\/www.akilsan.com\/index.php\/logo-is-ortagi\/\">LOGO \u0130\u015e ORTA\u011eI<\/a><\/li>\n<\/ul><\/div><\/aside><aside id=\"widget_mfn_menu-15\" class=\"widget widget_mfn_menu\"><h4>Makine<\/h4><div class=\"menu-makine-container\"><ul id=\"menu-makine\" class=\"menu submenus-show\"><li id=\"menu-item-1724\" class=\"menu-item menu-item-type-post_type menu-item-object-page menu-item-1724\"><a href=\"https:\/\/www.akilsan.com\/index.php\/talasli-imalat\/\">TALA\u015eLI \u0130MALAT<\/a><\/li>\n<li id=\"menu-item-1725\" class=\"menu-item menu-item-type-post_type menu-item-object-page menu-item-1725\"><a href=\"https:\/\/www.akilsan.com\/index.php\/tasarim\/\">TASARIM<\/a><\/li>\n<li id=\"menu-item-1726\" class=\"menu-item menu-item-type-post_type menu-item-object-page menu-item-1726\"><a href=\"https:\/\/www.akilsan.com\/index.php\/montaj\/\">MONTAJ<\/a><\/li>\n<\/ul><\/div><\/aside>\t\t\t\t<\/div>\n\t\t\t\t<\/div>\n\t\t\t\t\t<\/div>\n\t\t<\/div>\n\t\t\t\t<div class=\"elementor-column elementor-col-50 elementor-top-column elementor-element elementor-element-c020e76\" data-id=\"c020e76\" data-element_type=\"column\">\n\t\t\t<div class=\"elementor-widget-wrap elementor-element-populated\">\n\t\t\t\t<div class=\"elementor-element elementor-element-c15cb04 e-flex e-con-boxed e-con e-child\" data-id=\"c15cb04\" data-element_type=\"container\">\n\t\t\t\t\t<div class=\"e-con-inner\">\n\t\t<div class=\"elementor-element elementor-element-3daecc7 e-con-full e-flex e-con e-child\" data-id=\"3daecc7\" data-element_type=\"container\">\n\t\t\t\t<div class=\"elementor-element elementor-element-605ead3 elementor-widget__width-initial elementor-widget elementor-widget-image\" data-id=\"605ead3\" data-element_type=\"widget\" data-widget_type=\"image.default\">\n\t\t\t\t<div class=\"elementor-widget-container\">\n\t\t\t\t\t\t\t\t\t\t\t\t\t\t\t<img fetchpriority=\"high\" decoding=\"async\" width=\"400\" height=\"400\" src=\"https:\/\/www.akilsan.com\/wp-content\/uploads\/2024\/01\/yazilimortak.png\" class=\"attachment-large size-large wp-image-1936\" alt=\"yazilimortak,\" srcset=\"https:\/\/www.akilsan.com\/wp-content\/uploads\/2024\/01\/yazilimortak.png 400w, https:\/\/www.akilsan.com\/wp-content\/uploads\/2024\/01\/yazilimortak-300x300.png 300w, https:\/\/www.akilsan.com\/wp-content\/uploads\/2024\/01\/yazilimortak-150x150.png 150w, https:\/\/www.akilsan.com\/wp-content\/uploads\/2024\/01\/yazilimortak-75x75.png 75w\" sizes=\"(max-width:767px) 400px, 400px\" \/>\t\t\t\t\t\t\t\t\t\t\t\t\t\t\t<\/div>\n\t\t\t\t<\/div>\n\t\t\t\t<\/div>\n\t\t<div class=\"elementor-element elementor-element-10a9469 e-con-full e-flex e-con e-child\" data-id=\"10a9469\" data-element_type=\"container\">\n\t\t\t\t<div class=\"elementor-element elementor-element-51c7ea4 elementor-widget-divider--view-line elementor-widget elementor-widget-divider\" data-id=\"51c7ea4\" data-element_type=\"widget\" data-widget_type=\"divider.default\">\n\t\t\t\t<div class=\"elementor-widget-container\">\n\t\t\t\t\t\t\t<div class=\"elementor-divider\">\n\t\t\t<span class=\"elementor-divider-separator\">\n\t\t\t\t\t\t<\/span>\n\t\t<\/div>\n\t\t\t\t\t\t<\/div>\n\t\t\t\t<\/div>\n\t\t\t\t<div class=\"elementor-element elementor-element-f615df6 elementor-widget elementor-widget-text-editor\" data-id=\"f615df6\" data-element_type=\"widget\" data-widget_type=\"text-editor.default\">\n\t\t\t\t<div class=\"elementor-widget-container\">\n\t\t\t\t\t\t\t\t\t<div class=\"elementor-element elementor-element-7a04cd8 elementor-widget__width-initial elementor-widget-mobile__width-initial elementor-widget elementor-widget-text-editor\" data-id=\"7a04cd8\" data-element_type=\"widget\" data-widget_type=\"text-editor.default\"><div class=\"elementor-widget-container\"><div class=\"elementor-element elementor-element-f615df6 elementor-widget elementor-widget-text-editor\" data-id=\"f615df6\" data-element_type=\"widget\" data-widget_type=\"text-editor.default\"><div class=\"elementor-widget-container\"><div class=\"elementor-element elementor-element-7a04cd8 elementor-widget__width-initial elementor-widget-mobile__width-initial elementor-widget elementor-widget-text-editor\" data-id=\"7a04cd8\" data-element_type=\"widget\" data-widget_type=\"text-editor.default\"><div class=\"elementor-widget-container\"><p>Ki\u015fisel Veri Dan\u0131\u015fmanl\u0131\u011f\u0131, bireylerin ve kurulu\u015flar\u0131n ki\u015fisel verileri ile ilgili yasalara ve d\u00fczenlemelere uygun bir \u015fekilde y\u00f6netmelerine yard\u0131mc\u0131 olan bir hizmet t\u00fcr\u00fcd\u00fcr. Bir\u00e7ok \u00fclke, ki\u015fisel verilerin toplanmas\u0131, i\u015flenmesi, depolanmas\u0131 ve payla\u015f\u0131lmas\u0131na ili\u015fkin s\u0131k\u0131 kurallar ve d\u00fczenlemeler getirmi\u015ftir. \u00d6rnek olarak Avrupa Birli\u011fi\u2019nde Genel Veri Koruma Y\u00f6netmeli\u011fi (GDPR) ve ABD\u2019de California T\u00fcketici Gizlilik Yasas\u0131 (CCPA) verilebilir. Ki\u015fisel Veri Dan\u0131\u015fmanlar\u0131, bireylerin ve i\u015fletmelerin bu t\u00fcr yasalara ve d\u00fczenlemelere uyum sa\u011flamalar\u0131na yard\u0131mc\u0131 olurlar.<\/p><\/div><\/div><\/div><\/div><div class=\"elementor-element elementor-element-6c9b499 elementor-widget-divider--view-line elementor-widget elementor-widget-divider\" data-id=\"6c9b499\" data-element_type=\"widget\" data-widget_type=\"divider.default\"><div class=\"elementor-widget-container\"><div class=\"elementor-divider\">\u00a0<\/div><\/div><\/div><\/div><\/div>\t\t\t\t\t\t\t\t<\/div>\n\t\t\t\t<\/div>\n\t\t\t\t<div class=\"elementor-element elementor-element-6c9b499 elementor-widget-divider--view-line elementor-widget elementor-widget-divider\" data-id=\"6c9b499\" data-element_type=\"widget\" data-widget_type=\"divider.default\">\n\t\t\t\t<div class=\"elementor-widget-container\">\n\t\t\t\t\t\t\t<div class=\"elementor-divider\">\n\t\t\t<span class=\"elementor-divider-separator\">\n\t\t\t\t\t\t<\/span>\n\t\t<\/div>\n\t\t\t\t\t\t<\/div>\n\t\t\t\t<\/div>\n\t\t\t\t<\/div>\n\t\t\t\t\t<\/div>\n\t\t\t\t<\/div>\n\t\t<div class=\"elementor-element elementor-element-69dfe7e e-flex e-con-boxed e-con e-child\" data-id=\"69dfe7e\" data-element_type=\"container\">\n\t\t\t\t\t<div class=\"e-con-inner\">\n\t\t<div class=\"elementor-element elementor-element-8b0eb11 e-con-full e-flex e-con e-child\" data-id=\"8b0eb11\" data-element_type=\"container\">\n\t\t\t\t<div class=\"elementor-element elementor-element-ece9bc1 elementor-widget elementor-widget-text-editor\" data-id=\"ece9bc1\" data-element_type=\"widget\" data-widget_type=\"text-editor.default\">\n\t\t\t\t<div class=\"elementor-widget-container\">\n\t\t\t\t\t\t\t\t\t<ul><li>S\u00f6zle\u015fmelerin D\u00fczeltilmesi ve Yeniden \u015eekillendirilmesi: \u0130\u015fle ilgili s\u00f6zle\u015fmeler, \u015firketler ve di\u011fer yasal y\u00fck\u00fcml\u00fcler aras\u0131nda ger\u00e7ekle\u015fen anla\u015fmalard\u0131r. Bu s\u00f6zle\u015fmeler, elde edilen ki\u015fisel verilere dair bireylerle, bu verilerin aktar\u0131ld\u0131\u011f\u0131 ki\u015filerle veya verilere eri\u015fimi bulunan di\u011fer \u00fc\u00e7\u00fcnc\u00fc taraflarla yap\u0131lan anla\u015fmalar\u0131 i\u00e7erebilir. Bu dok\u00fcmanlar g\u00f6zden ge\u00e7irilir ve gerekti\u011finde d\u00fczenlemeler yap\u0131l\u0131r; ayr\u0131ca gerekti\u011finde gizlilik anla\u015fmalar\u0131 da yeniden g\u00f6zden ge\u00e7irilip imzalan\u0131r.<\/li><li>Veri \u0130nceleme S\u00fcreci: KVKK kapsam\u0131na giren sorumluluk sahipleri i\u00e7in ger\u00e7ekle\u015ftirilen uyum faaliyetleri \u00e7er\u00e7evesinde, i\u015flenen ki\u015fisel veriler ve veri i\u015fleme ama\u00e7lar\u0131 ayr\u0131\u015ft\u0131r\u0131l\u0131r. Yap\u0131lan analizler neticesinde hangi veri sahiplerinden r\u0131za al\u0131nmas\u0131 gerekti\u011fi belirlenir, r\u0131zan\u0131n i\u00e7eri\u011fi olu\u015fturulur ve nas\u0131l temin edilece\u011fi planlan\u0131r. R\u0131za gerektiren durumlarda veri sahiplerinden gerekli onaylar al\u0131nmak \u00fczere \u00e7al\u0131\u015fmalar yap\u0131l\u0131r.<\/li><li>Ayd\u0131nlatma Metinlerinin Olu\u015fturulmas\u0131: Veri sahipleri olarak kabul edilen kanuni veri sorumlular\u0131 i\u00e7in, ki\u015fisel veri toplama y\u00f6ntemleri ve bu verilerin i\u015flenme ama\u00e7lar\u0131, verilerin \u00fc\u00e7\u00fcnc\u00fc taraflara aktar\u0131lmas\u0131 durumunda al\u0131c\u0131 \u00fc\u00e7\u00fcnc\u00fc taraflar\u0131 ve veri sahiplerinin 6698 say\u0131l\u0131 Ki\u015fisel Verilerin Korunmas\u0131 Kanunu\u2019nun 11. maddesinde belirtilen haklar\u0131na dair bir bilgilendirme bildirisi olu\u015fturulmas\u0131 ama\u00e7lanmaktad\u0131r.<\/li><li>Ki\u015fisel Veri Envanterinin Olu\u015fturulmas\u0131: KVKK (Ki\u015fisel Verilerin Korunmas\u0131 Kanunu) gere\u011fi ger\u00e7ekle\u015ftirilen bir \u00e7al\u0131\u015fma olan ki\u015fisel veri envanteri olu\u015fturma s\u00fcreci, ki\u015fisel verilerin i\u015flenme nedenlerini, veri t\u00fcrlerini, payla\u015f\u0131lan al\u0131c\u0131 gruplar\u0131n\u0131 ve ilgili veri sahibi gruplar\u0131n\u0131 i\u00e7ermektedir. Bu envanter, ki\u015fisel verilerin i\u015flendi\u011fi ama\u00e7lar g\u00f6z \u00f6n\u00fcnde bulundurularak en uzun s\u00fcreyi belirlemek amac\u0131yla haz\u0131rlan\u0131r. E\u011fer ki\u015fisel veriler yabanc\u0131 \u00fclkelere aktar\u0131l\u0131yorsa, bu durumda hangi ki\u015fisel verilerin aktar\u0131ld\u0131\u011f\u0131 ve veri g\u00fcvenli\u011fini sa\u011flamak i\u00e7in al\u0131nan \u00f6nlemler detayl\u0131 bir \u015fekilde a\u00e7\u0131klan\u0131r.<\/li><li>VERB\u0130S Sistemine Kay\u0131t \u0130\u015flemi: Ki\u015fisel Verilerin Korunmas\u0131 Kanunu (KVKK) kapsam\u0131ndaki bireylerin VERB\u0130S platformuna kayd\u0131n\u0131 ger\u00e7ekle\u015ftirmeyi ama\u00e7layan bir s\u00fcre\u00e7tir. Bu s\u00fcre\u00e7te, veri sorumlusu olarak kurulu\u015flar\u0131n KVK Kurumu ile ileti\u015fim kurabilmeleri i\u00e7in gerekli kay\u0131t ad\u0131mlar\u0131 at\u0131l\u0131r ve ayn\u0131 zamanda bir irtibat ki\u015fisi atanmas\u0131 konusunda dan\u0131\u015fmanl\u0131k hizmeti sunulur. Olu\u015fturulan veri envanterinde belirtilen her veri t\u00fcr\u00fc i\u00e7in gerekli tan\u0131mlama i\u015flemleri, VERB\u0130S sistemi i\u00e7in ger\u00e7ekle\u015ftirilir.<\/li><li>Ki\u015fisel Verilerin Depolanmas\u0131 ve Yok Edilmesi Politikas\u0131n\u0131n Olu\u015fturulmas\u0131: Ki\u015fisel verilerin i\u015flenmesine dayanak olan nedenler sona erdi\u011finde, yasal olarak ki\u015fisel verilerin otomatik olarak veya ilgili ki\u015finin talebi \u00fczerine yok edilmesi gerekmektedir. Bu ama\u00e7la, silme ve yok etme s\u00fcre\u00e7lerini y\u00f6nlendirecek olan bir Politika ve Prosed\u00fcr belgesi haz\u0131rlanmal\u0131d\u0131r.<\/li><li>Gerekli G\u00fcvenlik Tedbirlerinin Al\u0131nmas\u0131: Ki\u015fisel verilerin yasa d\u0131\u015f\u0131 yollarla i\u015flenmesinin ve depolanan verilere izinsiz eri\u015fimin engellenmesinin, ayn\u0131 zamanda tutulan ki\u015fisel verilerin korunmas\u0131n\u0131n sa\u011flanmas\u0131, bu hususta \u015firket veya yasal olarak y\u00fck\u00fcml\u00fc olan bireyin sorumlulu\u011fundad\u0131r. Biz olarak, Ki\u015fisel Verilerin Korunmas\u0131 Kanunu\u2019nun \u00f6ng\u00f6rd\u00fc\u011f\u00fc g\u00fcvenlik seviyesine uygun dan\u0131\u015fmanl\u0131k hizmeti sunmaktay\u0131z.<\/li><li>Kanuna Uyum Fark\u0131ndal\u0131k E\u011fitimleri: Ki\u015fisel Verilerin Korunmas\u0131 Kanunu (KVKK) kapsam\u0131nda veri sorumlusu olarak kabul edilen m\u00fckelleflerin y\u00f6neticilerine ve sistem sorumlular\u0131na, kanunla ilgili konularda ve ki\u015fisel verilerin hukuka ayk\u0131r\u0131 \u015fekilde a\u00e7\u0131klanmas\u0131n\u0131n ve payla\u015f\u0131lmas\u0131n\u0131n \u00f6nlenmesi gibi konularda e\u011fitimler verilmektedir. \u00c7al\u0131\u015fanlar i\u00e7in de kanun kapsam\u0131ndaki bu konularda fark\u0131ndal\u0131k \u00e7al\u0131\u015fmalar\u0131 yap\u0131lmaktad\u0131r.<\/li><li>Penetrasyon Testi(Pentest): Penetrasyon testi (veya k\u0131saca pentest), bir bilgisayar sistemi, a\u011f veya yaz\u0131l\u0131m uygulamas\u0131n\u0131n g\u00fcvenlik a\u00e7\u0131klar\u0131n\u0131 belirlemek ve bu a\u00e7\u0131klar\u0131n nas\u0131l s\u00f6m\u00fcr\u00fclebilece\u011fini anlamak amac\u0131yla ger\u00e7ekle\u015ftirilen bir g\u00fcvenlik de\u011ferlendirme y\u00f6ntemidir. Bu testler, bir organizasyonun veya bireyin bili\u015fim sistemlerinin ne kadar g\u00fcvenli oldu\u011funu anlamak i\u00e7in yap\u0131lan kritik bir ad\u0131md\u0131r. Penetrasyon testleri, bir sistemdeki g\u00fcvenlik a\u00e7\u0131klar\u0131n\u0131 belirlemek ve bunlar\u0131 d\u00fczeltmek i\u00e7in \u00f6nleyici ad\u0131mlar atmak i\u00e7in kullan\u0131l\u0131r. Bu testler, sistemlerin ger\u00e7ek d\u00fcnya sald\u0131r\u0131lar\u0131na kar\u015f\u0131 direncini test etmek amac\u0131yla ger\u00e7ekle\u015ftirilir ve organizasyonlar\u0131n g\u00fcvenlik stratejilerini iyile\u015ftirmelerine yard\u0131mc\u0131 olabilir.<\/li><\/ul>\t\t\t\t\t\t\t\t<\/div>\n\t\t\t\t<\/div>\n\t\t\t\t<\/div>\n\t\t\t\t\t<\/div>\n\t\t\t\t<\/div>\n\t\t\t\t\t<\/div>\n\t\t<\/div>\n\t\t\t\t\t<\/div>\n\t\t<\/section>\n\t\t\t\t<\/div>\n\t\t","protected":false},"excerpt":{"rendered":"<p>Ki\u015fisel Veri Dan\u0131\u015fmanl\u0131\u011f\u0131, bireylerin ve kurulu\u015flar\u0131n ki\u015fisel verileri ile ilgili yasalara ve d\u00fczenlemelere uygun bir \u015fekilde y\u00f6netmelerine yard\u0131mc\u0131 olan bir hizmet t\u00fcr\u00fcd\u00fcr. Bir\u00e7ok \u00fclke, ki\u015fisel verilerin<span class=\"excerpt-hellip\"> [\u2026]<\/span><\/p>\n","protected":false},"author":2,"featured_media":0,"parent":0,"menu_order":0,"comment_status":"closed","ping_status":"closed","template":"","meta":{"footnotes":""},"class_list":["post-288","page","type-page","status-publish","hentry"],"yoast_head":"<!-- This site is optimized with the Yoast SEO plugin v26.1.1 - https:\/\/yoast.com\/wordpress\/plugins\/seo\/ -->\n<title>KVKK DANI\u015eMANLI\u011eI - Akilsan Makine ve Yaz\u0131l\u0131m | Logo \u0130\u015f Orta\u011f\u0131<\/title>\n<meta name=\"robots\" content=\"index, follow, max-snippet:-1, max-image-preview:large, max-video-preview:-1\" \/>\n<link rel=\"canonical\" href=\"http:\/\/www.akilsan.com\/index.php\/kvkk-danismanligi\/\" \/>\n<meta property=\"og:locale\" content=\"tr_TR\" \/>\n<meta property=\"og:type\" content=\"article\" \/>\n<meta property=\"og:title\" content=\"KVKK DANI\u015eMANLI\u011eI - Akilsan Makine ve Yaz\u0131l\u0131m | Logo \u0130\u015f Orta\u011f\u0131\" \/>\n<meta property=\"og:description\" content=\"Ki\u015fisel Veri Dan\u0131\u015fmanl\u0131\u011f\u0131, bireylerin ve kurulu\u015flar\u0131n ki\u015fisel verileri ile ilgili yasalara ve d\u00fczenlemelere uygun bir \u015fekilde y\u00f6netmelerine yard\u0131mc\u0131 olan bir hizmet t\u00fcr\u00fcd\u00fcr. Bir\u00e7ok \u00fclke, ki\u015fisel verilerin [\u2026]\" \/>\n<meta property=\"og:url\" content=\"http:\/\/www.akilsan.com\/index.php\/kvkk-danismanligi\/\" \/>\n<meta property=\"og:site_name\" content=\"Akilsan Makine ve Yaz\u0131l\u0131m | Logo \u0130\u015f Orta\u011f\u0131\" \/>\n<meta property=\"article:modified_time\" content=\"2025-10-24T14:01:37+00:00\" \/>\n<meta property=\"og:image\" content=\"https:\/\/www.akilsan.com\/wp-content\/uploads\/2024\/01\/yazilimortak.png\" \/>\n\t<meta property=\"og:image:width\" content=\"400\" \/>\n\t<meta property=\"og:image:height\" content=\"400\" \/>\n\t<meta property=\"og:image:type\" content=\"image\/png\" \/>\n<meta name=\"twitter:card\" content=\"summary_large_image\" \/>\n<meta name=\"twitter:label1\" content=\"Tahmini okuma s\u00fcresi\" \/>\n\t<meta name=\"twitter:data1\" content=\"6 dakika\" \/>\n<script type=\"application\/ld+json\" class=\"yoast-schema-graph\">{\"@context\":\"https:\/\/schema.org\",\"@graph\":[{\"@type\":\"WebPage\",\"@id\":\"http:\/\/www.akilsan.com\/index.php\/kvkk-danismanligi\/\",\"url\":\"http:\/\/www.akilsan.com\/index.php\/kvkk-danismanligi\/\",\"name\":\"KVKK DANI\u015eMANLI\u011eI - Akilsan Makine ve Yaz\u0131l\u0131m | Logo \u0130\u015f Orta\u011f\u0131\",\"isPartOf\":{\"@id\":\"http:\/\/www.akilsan.com\/#website\"},\"primaryImageOfPage\":{\"@id\":\"http:\/\/www.akilsan.com\/index.php\/kvkk-danismanligi\/#primaryimage\"},\"image\":{\"@id\":\"http:\/\/www.akilsan.com\/index.php\/kvkk-danismanligi\/#primaryimage\"},\"thumbnailUrl\":\"http:\/\/www.akilsan.com\/wp-content\/uploads\/2024\/01\/yazilimortak.png\",\"datePublished\":\"2023-12-10T12:52:47+00:00\",\"dateModified\":\"2025-10-24T14:01:37+00:00\",\"breadcrumb\":{\"@id\":\"http:\/\/www.akilsan.com\/index.php\/kvkk-danismanligi\/#breadcrumb\"},\"inLanguage\":\"tr\",\"potentialAction\":[{\"@type\":\"ReadAction\",\"target\":[\"http:\/\/www.akilsan.com\/index.php\/kvkk-danismanligi\/\"]}]},{\"@type\":\"ImageObject\",\"inLanguage\":\"tr\",\"@id\":\"http:\/\/www.akilsan.com\/index.php\/kvkk-danismanligi\/#primaryimage\",\"url\":\"https:\/\/www.akilsan.com\/wp-content\/uploads\/2024\/01\/yazilimortak.png\",\"contentUrl\":\"https:\/\/www.akilsan.com\/wp-content\/uploads\/2024\/01\/yazilimortak.png\",\"width\":400,\"height\":400,\"caption\":\"yazilimortak,\"},{\"@type\":\"BreadcrumbList\",\"@id\":\"http:\/\/www.akilsan.com\/index.php\/kvkk-danismanligi\/#breadcrumb\",\"itemListElement\":[{\"@type\":\"ListItem\",\"position\":1,\"name\":\"Anasayfa\",\"item\":\"https:\/\/www.akilsan.com\/\"},{\"@type\":\"ListItem\",\"position\":2,\"name\":\"KVKK DANI\u015eMANLI\u011eI\"}]},{\"@type\":\"WebSite\",\"@id\":\"http:\/\/www.akilsan.com\/#website\",\"url\":\"http:\/\/www.akilsan.com\/\",\"name\":\"Akilsan Makine ve Yaz\u0131l\u0131m | Logo \u0130\u015f Orta\u011f\u0131\",\"description\":\"\",\"publisher\":{\"@id\":\"http:\/\/www.akilsan.com\/#organization\"},\"potentialAction\":[{\"@type\":\"SearchAction\",\"target\":{\"@type\":\"EntryPoint\",\"urlTemplate\":\"http:\/\/www.akilsan.com\/?s={search_term_string}\"},\"query-input\":{\"@type\":\"PropertyValueSpecification\",\"valueRequired\":true,\"valueName\":\"search_term_string\"}}],\"inLanguage\":\"tr\"},{\"@type\":\"Organization\",\"@id\":\"http:\/\/www.akilsan.com\/#organization\",\"name\":\"Akilsan Makine ve Yaz\u0131l\u0131m | Logo \u0130\u015f Orta\u011f\u0131\",\"url\":\"http:\/\/www.akilsan.com\/\",\"logo\":{\"@type\":\"ImageObject\",\"inLanguage\":\"tr\",\"@id\":\"http:\/\/www.akilsan.com\/#\/schema\/logo\/image\/\",\"url\":\"https:\/\/www.akilsan.com\/wp-content\/uploads\/2023\/12\/logo.png\",\"contentUrl\":\"https:\/\/www.akilsan.com\/wp-content\/uploads\/2023\/12\/logo.png\",\"width\":923,\"height\":251,\"caption\":\"Akilsan Makine ve Yaz\u0131l\u0131m | Logo \u0130\u015f Orta\u011f\u0131\"},\"image\":{\"@id\":\"http:\/\/www.akilsan.com\/#\/schema\/logo\/image\/\"}}]}<\/script>\n<!-- \/ Yoast SEO plugin. -->","yoast_head_json":{"title":"KVKK DANI\u015eMANLI\u011eI - Akilsan Makine ve Yaz\u0131l\u0131m | Logo \u0130\u015f Orta\u011f\u0131","robots":{"index":"index","follow":"follow","max-snippet":"max-snippet:-1","max-image-preview":"max-image-preview:large","max-video-preview":"max-video-preview:-1"},"canonical":"http:\/\/www.akilsan.com\/index.php\/kvkk-danismanligi\/","og_locale":"tr_TR","og_type":"article","og_title":"KVKK DANI\u015eMANLI\u011eI - Akilsan Makine ve Yaz\u0131l\u0131m | Logo \u0130\u015f Orta\u011f\u0131","og_description":"Ki\u015fisel Veri Dan\u0131\u015fmanl\u0131\u011f\u0131, bireylerin ve kurulu\u015flar\u0131n ki\u015fisel verileri ile ilgili yasalara ve d\u00fczenlemelere uygun bir \u015fekilde y\u00f6netmelerine yard\u0131mc\u0131 olan bir hizmet t\u00fcr\u00fcd\u00fcr. Bir\u00e7ok \u00fclke, ki\u015fisel verilerin [\u2026]","og_url":"http:\/\/www.akilsan.com\/index.php\/kvkk-danismanligi\/","og_site_name":"Akilsan Makine ve Yaz\u0131l\u0131m | Logo \u0130\u015f Orta\u011f\u0131","article_modified_time":"2025-10-24T14:01:37+00:00","og_image":[{"width":400,"height":400,"url":"https:\/\/www.akilsan.com\/wp-content\/uploads\/2024\/01\/yazilimortak.png","type":"image\/png"}],"twitter_card":"summary_large_image","twitter_misc":{"Tahmini okuma s\u00fcresi":"6 dakika"},"schema":{"@context":"https:\/\/schema.org","@graph":[{"@type":"WebPage","@id":"http:\/\/www.akilsan.com\/index.php\/kvkk-danismanligi\/","url":"http:\/\/www.akilsan.com\/index.php\/kvkk-danismanligi\/","name":"KVKK DANI\u015eMANLI\u011eI - Akilsan Makine ve Yaz\u0131l\u0131m | Logo \u0130\u015f Orta\u011f\u0131","isPartOf":{"@id":"http:\/\/www.akilsan.com\/#website"},"primaryImageOfPage":{"@id":"http:\/\/www.akilsan.com\/index.php\/kvkk-danismanligi\/#primaryimage"},"image":{"@id":"http:\/\/www.akilsan.com\/index.php\/kvkk-danismanligi\/#primaryimage"},"thumbnailUrl":"http:\/\/www.akilsan.com\/wp-content\/uploads\/2024\/01\/yazilimortak.png","datePublished":"2023-12-10T12:52:47+00:00","dateModified":"2025-10-24T14:01:37+00:00","breadcrumb":{"@id":"http:\/\/www.akilsan.com\/index.php\/kvkk-danismanligi\/#breadcrumb"},"inLanguage":"tr","potentialAction":[{"@type":"ReadAction","target":["http:\/\/www.akilsan.com\/index.php\/kvkk-danismanligi\/"]}]},{"@type":"ImageObject","inLanguage":"tr","@id":"http:\/\/www.akilsan.com\/index.php\/kvkk-danismanligi\/#primaryimage","url":"https:\/\/www.akilsan.com\/wp-content\/uploads\/2024\/01\/yazilimortak.png","contentUrl":"https:\/\/www.akilsan.com\/wp-content\/uploads\/2024\/01\/yazilimortak.png","width":400,"height":400,"caption":"yazilimortak,"},{"@type":"BreadcrumbList","@id":"http:\/\/www.akilsan.com\/index.php\/kvkk-danismanligi\/#breadcrumb","itemListElement":[{"@type":"ListItem","position":1,"name":"Anasayfa","item":"https:\/\/www.akilsan.com\/"},{"@type":"ListItem","position":2,"name":"KVKK DANI\u015eMANLI\u011eI"}]},{"@type":"WebSite","@id":"http:\/\/www.akilsan.com\/#website","url":"http:\/\/www.akilsan.com\/","name":"Akilsan Makine ve Yaz\u0131l\u0131m | Logo \u0130\u015f Orta\u011f\u0131","description":"","publisher":{"@id":"http:\/\/www.akilsan.com\/#organization"},"potentialAction":[{"@type":"SearchAction","target":{"@type":"EntryPoint","urlTemplate":"http:\/\/www.akilsan.com\/?s={search_term_string}"},"query-input":{"@type":"PropertyValueSpecification","valueRequired":true,"valueName":"search_term_string"}}],"inLanguage":"tr"},{"@type":"Organization","@id":"http:\/\/www.akilsan.com\/#organization","name":"Akilsan Makine ve Yaz\u0131l\u0131m | Logo \u0130\u015f Orta\u011f\u0131","url":"http:\/\/www.akilsan.com\/","logo":{"@type":"ImageObject","inLanguage":"tr","@id":"http:\/\/www.akilsan.com\/#\/schema\/logo\/image\/","url":"https:\/\/www.akilsan.com\/wp-content\/uploads\/2023\/12\/logo.png","contentUrl":"https:\/\/www.akilsan.com\/wp-content\/uploads\/2023\/12\/logo.png","width":923,"height":251,"caption":"Akilsan Makine ve Yaz\u0131l\u0131m | Logo \u0130\u015f Orta\u011f\u0131"},"image":{"@id":"http:\/\/www.akilsan.com\/#\/schema\/logo\/image\/"}}]}},"_links":{"self":[{"href":"https:\/\/www.akilsan.com\/index.php\/wp-json\/wp\/v2\/pages\/288","targetHints":{"allow":["GET"]}}],"collection":[{"href":"https:\/\/www.akilsan.com\/index.php\/wp-json\/wp\/v2\/pages"}],"about":[{"href":"https:\/\/www.akilsan.com\/index.php\/wp-json\/wp\/v2\/types\/page"}],"author":[{"embeddable":true,"href":"https:\/\/www.akilsan.com\/index.php\/wp-json\/wp\/v2\/users\/2"}],"replies":[{"embeddable":true,"href":"https:\/\/www.akilsan.com\/index.php\/wp-json\/wp\/v2\/comments?post=288"}],"version-history":[{"count":40,"href":"https:\/\/www.akilsan.com\/index.php\/wp-json\/wp\/v2\/pages\/288\/revisions"}],"predecessor-version":[{"id":2844,"href":"https:\/\/www.akilsan.com\/index.php\/wp-json\/wp\/v2\/pages\/288\/revisions\/2844"}],"wp:attachment":[{"href":"https:\/\/www.akilsan.com\/index.php\/wp-json\/wp\/v2\/media?parent=288"}],"curies":[{"name":"wp","href":"https:\/\/api.w.org\/{rel}","templated":true}]}}