{"id":768,"date":"2023-12-14T16:51:09","date_gmt":"2023-12-14T13:51:09","guid":{"rendered":"http:\/\/www.akilsan.com\/?page_id=768"},"modified":"2025-10-14T11:12:07","modified_gmt":"2025-10-14T08:12:07","slug":"kalite-ozellik","status":"publish","type":"page","link":"https:\/\/www.akilsan.com\/index.php\/kalite-ozellik\/","title":{"rendered":"KAL\u0130TE"},"content":{"rendered":"\t\t<div data-elementor-type=\"wp-page\" data-elementor-id=\"768\" class=\"elementor elementor-768\">\n\t\t\t\t\t\t<section class=\"elementor-section elementor-top-section elementor-element elementor-element-c23dfe5 elementor-section-content-middle elementor-section-boxed elementor-section-height-default elementor-section-height-default\" data-id=\"c23dfe5\" data-element_type=\"section\" data-settings=\"{&quot;background_background&quot;:&quot;classic&quot;}\">\n\t\t\t\t\t\t\t<div class=\"elementor-background-overlay\"><\/div>\n\t\t\t\t\t\t\t<div class=\"elementor-container elementor-column-gap-extended\">\n\t\t\t\t\t<div class=\"elementor-column elementor-col-50 elementor-top-column elementor-element elementor-element-5c6e438 elementor-hidden-mobile\" data-id=\"5c6e438\" data-element_type=\"column\">\n\t\t\t<div class=\"elementor-widget-wrap elementor-element-populated\">\n\t\t\t\t\t\t<div class=\"elementor-element elementor-element-2730817 elementor-widget elementor-widget-sidebar\" data-id=\"2730817\" data-element_type=\"widget\" data-widget_type=\"sidebar.default\">\n\t\t\t\t<div class=\"elementor-widget-container\">\n\t\t\t\t\t<aside id=\"widget_mfn_menu-13\" class=\"widget widget_mfn_menu\"><h4>Belirgin \u00d6zellikler<\/h4><div class=\"menu-belirgin-ozellikler-container\"><ul id=\"menu-belirgin-ozellikler\" class=\"menu submenus-show\"><li id=\"menu-item-1747\" class=\"menu-item menu-item-type-post_type menu-item-object-page menu-item-1747\"><a href=\"https:\/\/www.akilsan.com\/index.php\/ar-ge\/\">AR-GE<\/a><\/li>\n<li id=\"menu-item-1746\" class=\"menu-item menu-item-type-post_type menu-item-object-page menu-item-1746\"><a href=\"https:\/\/www.akilsan.com\/index.php\/kalite-ozellik\/\">KAL\u0130TE<\/a><\/li>\n<li id=\"menu-item-1745\" class=\"menu-item menu-item-type-post_type menu-item-object-page menu-item-1745\"><a href=\"https:\/\/www.akilsan.com\/index.php\/tasarim\/\">TASARIM<\/a><\/li>\n<li id=\"menu-item-1744\" class=\"menu-item menu-item-type-post_type menu-item-object-page menu-item-1744\"><a href=\"https:\/\/www.akilsan.com\/index.php\/prototip\/\">PROTOT\u0130P<\/a><\/li>\n<li id=\"menu-item-1743\" class=\"menu-item menu-item-type-post_type menu-item-object-page menu-item-1743\"><a href=\"https:\/\/www.akilsan.com\/index.php\/talasli-imalat\/\">TALA\u015eLI \u0130MALAT<\/a><\/li>\n<li id=\"menu-item-1742\" class=\"menu-item menu-item-type-post_type menu-item-object-page menu-item-1742\"><a href=\"https:\/\/www.akilsan.com\/index.php\/sevkiyat\/\">SEVK\u0130YAT<\/a><\/li>\n<\/ul><\/div><\/aside><aside id=\"widget_mfn_menu-14\" class=\"widget widget_mfn_menu\"><h4>Yaz\u0131l\u0131m<\/h4><div class=\"menu-yazilim-container\"><ul id=\"menu-yazilim\" class=\"menu submenus-show\"><li id=\"menu-item-1734\" class=\"menu-item menu-item-type-post_type menu-item-object-page menu-item-1734\"><a href=\"https:\/\/www.akilsan.com\/index.php\/sanallastirma\/\">SANALLA\u015eTIRMA<\/a><\/li>\n<li id=\"menu-item-1733\" class=\"menu-item menu-item-type-post_type menu-item-object-page menu-item-1733\"><a href=\"https:\/\/www.akilsan.com\/index.php\/ozel-yazilim-ve-entegrasyon\/\">\u00d6ZEL YAZILIM VE ENTEGRASYON<\/a><\/li>\n<li id=\"menu-item-1731\" class=\"menu-item menu-item-type-post_type menu-item-object-page menu-item-1731\"><a href=\"https:\/\/www.akilsan.com\/index.php\/kvkk-danismanligi\/\">KVKK DANI\u015eMANLI\u011eI<\/a><\/li>\n<li id=\"menu-item-1732\" class=\"menu-item menu-item-type-post_type menu-item-object-page menu-item-1732\"><a href=\"https:\/\/www.akilsan.com\/index.php\/logo-is-ortagi\/\">LOGO \u0130\u015e ORTA\u011eI<\/a><\/li>\n<\/ul><\/div><\/aside><aside id=\"widget_mfn_menu-15\" class=\"widget widget_mfn_menu\"><h4>Makine<\/h4><div class=\"menu-makine-container\"><ul id=\"menu-makine\" class=\"menu submenus-show\"><li id=\"menu-item-1724\" class=\"menu-item menu-item-type-post_type menu-item-object-page menu-item-1724\"><a href=\"https:\/\/www.akilsan.com\/index.php\/talasli-imalat\/\">TALA\u015eLI \u0130MALAT<\/a><\/li>\n<li id=\"menu-item-1725\" class=\"menu-item menu-item-type-post_type menu-item-object-page menu-item-1725\"><a href=\"https:\/\/www.akilsan.com\/index.php\/tasarim\/\">TASARIM<\/a><\/li>\n<li id=\"menu-item-1726\" class=\"menu-item menu-item-type-post_type menu-item-object-page menu-item-1726\"><a href=\"https:\/\/www.akilsan.com\/index.php\/montaj\/\">MONTAJ<\/a><\/li>\n<\/ul><\/div><\/aside>\t\t\t\t<\/div>\n\t\t\t\t<\/div>\n\t\t\t\t\t<\/div>\n\t\t<\/div>\n\t\t\t\t<div class=\"elementor-column elementor-col-50 elementor-top-column elementor-element elementor-element-8fd4bbe\" data-id=\"8fd4bbe\" data-element_type=\"column\">\n\t\t\t<div class=\"elementor-widget-wrap elementor-element-populated\">\n\t\t\t\t<div class=\"elementor-element elementor-element-a110bc1 e-flex e-con-boxed e-con e-child\" data-id=\"a110bc1\" data-element_type=\"container\">\n\t\t\t\t\t<div class=\"e-con-inner\">\n\t\t<div class=\"elementor-element elementor-element-92f3fd7 e-con-full e-flex e-con e-child\" data-id=\"92f3fd7\" data-element_type=\"container\">\n\t\t\t\t<div class=\"elementor-element elementor-element-e166b7a elementor-widget__width-initial elementor-widget elementor-widget-image\" data-id=\"e166b7a\" data-element_type=\"widget\" data-widget_type=\"image.default\">\n\t\t\t\t<div class=\"elementor-widget-container\">\n\t\t\t\t\t\t\t\t\t\t\t\t\t\t\t<img fetchpriority=\"high\" decoding=\"async\" width=\"600\" height=\"400\" src=\"https:\/\/www.akilsan.com\/wp-content\/uploads\/2023\/12\/anasayfakalite.webp\" class=\"attachment-large size-large wp-image-794\" alt=\"anasayfakalite,\" \/>\t\t\t\t\t\t\t\t\t\t\t\t\t\t\t<\/div>\n\t\t\t\t<\/div>\n\t\t\t\t<\/div>\n\t\t<div class=\"elementor-element elementor-element-0721ece e-con-full e-flex e-con e-child\" data-id=\"0721ece\" data-element_type=\"container\">\n\t\t\t\t<div class=\"elementor-element elementor-element-b6a37ea elementor-widget-divider--view-line elementor-widget elementor-widget-divider\" data-id=\"b6a37ea\" data-element_type=\"widget\" data-widget_type=\"divider.default\">\n\t\t\t\t<div class=\"elementor-widget-container\">\n\t\t\t\t\t\t\t<div class=\"elementor-divider\">\n\t\t\t<span class=\"elementor-divider-separator\">\n\t\t\t\t\t\t<\/span>\n\t\t<\/div>\n\t\t\t\t\t\t<\/div>\n\t\t\t\t<\/div>\n\t\t\t\t<div class=\"elementor-element elementor-element-00a6056 elementor-widget elementor-widget-text-editor\" data-id=\"00a6056\" data-element_type=\"widget\" data-widget_type=\"text-editor.default\">\n\t\t\t\t<div class=\"elementor-widget-container\">\n\t\t\t\t\t\t\t\t\t<p>Firmam\u0131z i\u00e7in \u00f6ncelik ta\u015f\u0131yan bir de\u011fer olarak, m\u00fc\u015fteri memnuniyetini art\u0131rmay\u0131 bilgi, teknik ve tecr\u00fcbe ile i\u015fimize verdi\u011fimiz \u00f6nemle sa\u011fl\u0131yoruz.<\/p>\t\t\t\t\t\t\t\t<\/div>\n\t\t\t\t<\/div>\n\t\t\t\t<div class=\"elementor-element elementor-element-234e492 elementor-widget-divider--view-line elementor-widget elementor-widget-divider\" data-id=\"234e492\" data-element_type=\"widget\" data-widget_type=\"divider.default\">\n\t\t\t\t<div class=\"elementor-widget-container\">\n\t\t\t\t\t\t\t<div class=\"elementor-divider\">\n\t\t\t<span class=\"elementor-divider-separator\">\n\t\t\t\t\t\t<\/span>\n\t\t<\/div>\n\t\t\t\t\t\t<\/div>\n\t\t\t\t<\/div>\n\t\t\t\t<\/div>\n\t\t\t\t\t<\/div>\n\t\t\t\t<\/div>\n\t\t<div class=\"elementor-element elementor-element-f9d55fb e-flex e-con-boxed e-con e-child\" data-id=\"f9d55fb\" data-element_type=\"container\">\n\t\t\t\t\t<div class=\"e-con-inner\">\n\t\t<div class=\"elementor-element elementor-element-863b00b e-con-full e-flex e-con e-child\" data-id=\"863b00b\" data-element_type=\"container\">\n\t\t\t\t<div class=\"elementor-element elementor-element-c32dcf7 elementor-widget elementor-widget-text-editor\" data-id=\"c32dcf7\" data-element_type=\"widget\" data-widget_type=\"text-editor.default\">\n\t\t\t\t<div class=\"elementor-widget-container\">\n\t\t\t\t\t\t\t\t\t<p>Giri\u015f, Proses ve Final Kalite Kontrol Gereklilikleri \u0130\u00e7eren Faaliyetler, \u00dcretilen Prototip Par\u00e7alar\u0131n Tasar\u0131m Kriterlerine Uygunlu\u011funu \u0130ncelemeyi i\u00e7erir. Bu a\u015famada boyutsal do\u011frulama ve\/veya g\u00f6rsel kontrol y\u00f6ntemleri kullan\u0131l\u0131r. Ayr\u0131ca ISO 9001 Kalite Y\u00f6netim Sistemi gerekliliklerine uygunlu\u011fun sa\u011flanmas\u0131 da bu s\u00fcre\u00e7lerin bir par\u00e7as\u0131d\u0131r.<\/p><p>Boyutsal \u00d6l\u00e7\u00fcm, bilinmeyen bir de\u011feri kendi cinsinden bilinen bir de\u011ferle kar\u015f\u0131la\u015ft\u0131rmay\u0131 ifade eder. Bu \u00f6l\u00e7\u00fcmler genellikle cetvel, kumpas, mikrometre gibi aletler kullan\u0131larak ger\u00e7ekle\u015ftirilir. Metal at\u00f6lyeleri ve kal\u0131p at\u00f6lyeleri gibi \u00fcretim alanlar\u0131nda boyutsal \u00f6l\u00e7\u00fcm cihazlar\u0131 b\u00fcy\u00fck \u00f6nem ta\u015f\u0131r. Bu cihazlar, d\u0131\u015f y\u00fczeylerin, delik \u00e7aplar\u0131n\u0131n, derinliklerin, kademelerin, y\u00fczeyler aras\u0131ndaki geni\u015fliklerin gibi mesafelerin hassas \u00f6l\u00e7\u00fcm\u00fcnde kullan\u0131l\u0131r. \u00dcretim verimlili\u011fi ve s\u00fcrd\u00fcr\u00fclebilirlik a\u00e7\u0131s\u0131ndan, boyutsal \u00f6l\u00e7\u00fcm cihazlar\u0131n\u0131n do\u011fru sonu\u00e7lar vermesi kritik bir rol oynar.<\/p>\t\t\t\t\t\t\t\t<\/div>\n\t\t\t\t<\/div>\n\t\t\t\t<div class=\"elementor-element elementor-element-0d305f0 elementor-widget elementor-widget-image-carousel\" data-id=\"0d305f0\" data-element_type=\"widget\" data-settings=\"{&quot;pause_on_hover&quot;:&quot;no&quot;,&quot;pause_on_interaction&quot;:&quot;no&quot;,&quot;slides_to_show&quot;:&quot;4&quot;,&quot;navigation&quot;:&quot;none&quot;,&quot;slides_to_show_tablet&quot;:&quot;4&quot;,&quot;autoplay&quot;:&quot;yes&quot;,&quot;autoplay_speed&quot;:5000,&quot;infinite&quot;:&quot;yes&quot;,&quot;speed&quot;:500,&quot;image_spacing_custom&quot;:{&quot;unit&quot;:&quot;px&quot;,&quot;size&quot;:20,&quot;sizes&quot;:[]},&quot;image_spacing_custom_tablet&quot;:{&quot;unit&quot;:&quot;px&quot;,&quot;size&quot;:&quot;&quot;,&quot;sizes&quot;:[]},&quot;image_spacing_custom_mobile&quot;:{&quot;unit&quot;:&quot;px&quot;,&quot;size&quot;:&quot;&quot;,&quot;sizes&quot;:[]}}\" data-widget_type=\"image-carousel.default\">\n\t\t\t\t<div class=\"elementor-widget-container\">\n\t\t\t\t\t\t\t<div class=\"elementor-image-carousel-wrapper swiper\" role=\"region\" aria-roledescription=\"carousel\" aria-label=\"Resim D\u00f6ng\u00fcs\u00fc\" dir=\"ltr\">\n\t\t\t<div class=\"elementor-image-carousel swiper-wrapper\" aria-live=\"off\">\n\t\t\t\t\t\t\t\t<div class=\"swiper-slide\" role=\"group\" aria-roledescription=\"slide\" aria-label=\"1 \/ 7\"><figure class=\"swiper-slide-inner\"><img decoding=\"async\" class=\"swiper-slide-image\" src=\"https:\/\/www.akilsan.com\/wp-content\/uploads\/2023\/12\/parca33.jpeg\" alt=\"parca(33),\" \/><\/figure><\/div><div class=\"swiper-slide\" role=\"group\" aria-roledescription=\"slide\" aria-label=\"2 \/ 7\"><figure class=\"swiper-slide-inner\"><img decoding=\"async\" class=\"swiper-slide-image\" src=\"https:\/\/www.akilsan.com\/wp-content\/uploads\/2023\/12\/parca36.jpeg\" alt=\"parca(36),\" \/><\/figure><\/div><div class=\"swiper-slide\" role=\"group\" aria-roledescription=\"slide\" aria-label=\"3 \/ 7\"><figure class=\"swiper-slide-inner\"><img decoding=\"async\" class=\"swiper-slide-image\" src=\"https:\/\/www.akilsan.com\/wp-content\/uploads\/2023\/12\/parca40.jpeg\" alt=\"parca(40),\" \/><\/figure><\/div><div class=\"swiper-slide\" role=\"group\" aria-roledescription=\"slide\" aria-label=\"4 \/ 7\"><figure class=\"swiper-slide-inner\"><img decoding=\"async\" class=\"swiper-slide-image\" src=\"https:\/\/www.akilsan.com\/wp-content\/uploads\/2023\/12\/parca37.jpeg\" alt=\"parca(37),\" \/><\/figure><\/div><div class=\"swiper-slide\" role=\"group\" aria-roledescription=\"slide\" aria-label=\"5 \/ 7\"><figure class=\"swiper-slide-inner\"><img decoding=\"async\" class=\"swiper-slide-image\" src=\"https:\/\/www.akilsan.com\/wp-content\/uploads\/2023\/12\/parca39.jpeg\" alt=\"parca(39),\" \/><\/figure><\/div><div class=\"swiper-slide\" role=\"group\" aria-roledescription=\"slide\" aria-label=\"6 \/ 7\"><figure class=\"swiper-slide-inner\"><img decoding=\"async\" class=\"swiper-slide-image\" src=\"https:\/\/www.akilsan.com\/wp-content\/uploads\/2023\/12\/parca43.jpeg\" alt=\"parca(43),\" \/><\/figure><\/div><div class=\"swiper-slide\" role=\"group\" aria-roledescription=\"slide\" aria-label=\"7 \/ 7\"><figure class=\"swiper-slide-inner\"><img decoding=\"async\" class=\"swiper-slide-image\" src=\"https:\/\/www.akilsan.com\/wp-content\/uploads\/2023\/12\/parca35.jpeg\" alt=\"parca(35),\" \/><\/figure><\/div>\t\t\t<\/div>\n\t\t\t\t\t\t\t\n\t\t\t\t\t\t\t\t\t<\/div>\n\t\t\t\t\t\t<\/div>\n\t\t\t\t<\/div>\n\t\t\t\t<div class=\"elementor-element elementor-element-87cc028 elementor-widget elementor-widget-text-editor\" data-id=\"87cc028\" data-element_type=\"widget\" data-widget_type=\"text-editor.default\">\n\t\t\t\t<div class=\"elementor-widget-container\">\n\t\t\t\t\t\t\t\t\t<p>Kalite kontrol; \u00fcr\u00fcn veya hizmetin kullan\u0131m\u0131 i\u00e7in uygun olmayan kusurlar\u0131 tespit etme, d\u00fczeltme ve s\u00f6z konusu kusurlar\u0131n \u00f6nlenmesidir. Kalite kontrol departman\u0131nda, kalite kontrol m\u00fchendisleri taraf\u0131ndan ger\u00e7ekle\u015ftirilen faaliyetler, t\u00fcm\u00fcyle bir s\u00fcreci ifade eder.<\/p><p>Kalite kontrol departman\u0131 yaln\u0131zca bitmi\u015f \u00fcr\u00fcn\u00fcn\u00fcn kalite standartlar\u0131na uygunlu\u011funu de\u011fil, \u00fcretim a\u015famas\u0131n\u0131n t\u00fcm s\u00fcre\u00e7lerini kontrol eder. Kalite kontrol departman\u0131n\u0131n g\u00f6revi, \u00fcretim s\u00fcrecinin planlanmas\u0131 ve denetimidir.<\/p><p>Ger\u00e7ekle\u015ftirilen s\u00fcrecin kusursuz olmas\u0131, tedarik\u00e7ilerden t\u00fcketiciye kadar herkesin mutlulu\u011fu kalite kontrol departman\u0131 i\u00e7in b\u00fcy\u00fck \u00f6nem ta\u015f\u0131r. Bunun i\u00e7in m\u00fc\u015fteri beklentilerinin tam ve do\u011fru olarak anla\u015f\u0131lmas\u0131 ve bu do\u011frultuda t\u00fcm departmanlar\u0131n koordineli olarak \u00e7al\u0131\u015fmas\u0131 gerekir.<\/p><p>S\u00fcre\u00e7, sat\u0131n al\u0131nan \u00fcr\u00fcn\u00fcn ve hizmetin belirtilen \u015fartlara uygunlu\u011funun kontrol\u00fc ile ba\u015flar. Bu a\u015famaya giri\u015f kontrol ad\u0131 verilir. Olas\u0131 sorunlarla kar\u015f\u0131la\u015fmamak ad\u0131na, \u00fcr\u00fcn\u00fcn tedarik edilmesinden \u00f6nce, tedarik\u00e7iden gerekli do\u011frulama i\u015flemlerini yapmalar\u0131 ve sevkiyat\u0131 \u00fcr\u00fcn sertifikalar\u0131 ile g\u00f6ndermeleri talep edilir. Giri\u015f kontrollerinden \u00e7\u0131kan her t\u00fcrl\u00fc olumsuzluk tedarik\u00e7i dosyas\u0131na kaydedilir ve sorunun tekrarlamamas\u0131 i\u00e7in gerekli \u00f6nlemler al\u0131n\u0131r.<br \/>\u0130kinci a\u015fama s\u00fcre\u00e7 kontrold\u00fcr. \u00dcretim s\u00fcrecini kontrol alt\u0131nda tutmak i\u00e7in, \u00fcretim s\u00fcre\u00e7leri, i\u015f talimatlar\u0131, lojistik s\u00fcreci, ekipman ve \u00fcretim esnas\u0131nda kullan\u0131lacak \u00f6nleyici ve koruyucu tedbirler \u00f6nceden planlanm\u0131\u015ft\u0131r.<\/p><p>Kontrol s\u00fcreci, haz\u0131rlanm\u0131\u015f planlar \u0131\u015f\u0131\u011f\u0131nda ger\u00e7ekle\u015ftirilir. S\u00fcrecin sorunsuz i\u015flemesi i\u00e7in departmanlar aras\u0131 ileti\u015fim ve koordine kusursuz olmal\u0131d\u0131r. Aksi durumda olu\u015fabilecek sorunlar, kalite kontrol departman\u0131 taraf\u0131ndan tespit edilir, en k\u0131sa s\u00fcrede giderilir ve tekrarlanmamas\u0131 i\u00e7in gerekli \u00f6nlemler al\u0131n\u0131r.<\/p><p>Son kontrol a\u015famas\u0131, kalite kontrol departman\u0131 taraf\u0131ndan s\u00fcrd\u00fcr\u00fclen s\u00fcrecin son a\u015famas\u0131d\u0131r. Burada bitmi\u015f \u00fcr\u00fcn\u00fcn\u00fc, belirtilen standartlara ve teknik resme uygunlu\u011fu kontrol edilir. Bu a\u015famada olas\u0131 bir sorunla kar\u015f\u0131la\u015f\u0131ld\u0131\u011f\u0131nda, ayn\u0131 sorunla daha \u00f6nceden kar\u015f\u0131la\u015f\u0131l\u0131p kar\u015f\u0131la\u015f\u0131lmad\u0131\u011f\u0131na bak\u0131l\u0131r. \u0130lk kez kar\u015f\u0131la\u015f\u0131lan bir sorunsa gerekli \u00f6nlemler al\u0131n\u0131r.<\/p>\t\t\t\t\t\t\t\t<\/div>\n\t\t\t\t<\/div>\n\t\t\t\t<\/div>\n\t\t\t\t\t<\/div>\n\t\t\t\t<\/div>\n\t\t\t\t\t<\/div>\n\t\t<\/div>\n\t\t\t\t\t<\/div>\n\t\t<\/section>\n\t\t\t\t<\/div>\n\t\t","protected":false},"excerpt":{"rendered":"<p>Firmam\u0131z i\u00e7in \u00f6ncelik ta\u015f\u0131yan bir de\u011fer olarak, m\u00fc\u015fteri memnuniyetini art\u0131rmay\u0131 bilgi, teknik ve tecr\u00fcbe ile i\u015fimize verdi\u011fimiz \u00f6nemle sa\u011fl\u0131yoruz. Giri\u015f, Proses ve Final Kalite Kontrol Gereklilikleri<span class=\"excerpt-hellip\"> [\u2026]<\/span><\/p>\n","protected":false},"author":2,"featured_media":0,"parent":0,"menu_order":0,"comment_status":"closed","ping_status":"closed","template":"","meta":{"footnotes":""},"class_list":["post-768","page","type-page","status-publish","hentry"],"yoast_head":"<!-- This site is optimized with the Yoast SEO plugin v26.1.1 - https:\/\/yoast.com\/wordpress\/plugins\/seo\/ -->\n<title>KAL\u0130TE - Akilsan Makine ve Yaz\u0131l\u0131m | Logo \u0130\u015f Orta\u011f\u0131<\/title>\n<meta name=\"robots\" content=\"index, follow, max-snippet:-1, max-image-preview:large, max-video-preview:-1\" \/>\n<link rel=\"canonical\" href=\"http:\/\/www.akilsan.com\/index.php\/kalite-ozellik\/\" \/>\n<meta property=\"og:locale\" content=\"tr_TR\" \/>\n<meta property=\"og:type\" content=\"article\" \/>\n<meta property=\"og:title\" content=\"KAL\u0130TE - Akilsan Makine ve Yaz\u0131l\u0131m | Logo \u0130\u015f Orta\u011f\u0131\" \/>\n<meta property=\"og:description\" content=\"Firmam\u0131z i\u00e7in \u00f6ncelik ta\u015f\u0131yan bir de\u011fer olarak, m\u00fc\u015fteri memnuniyetini art\u0131rmay\u0131 bilgi, teknik ve tecr\u00fcbe ile i\u015fimize verdi\u011fimiz \u00f6nemle sa\u011fl\u0131yoruz. Giri\u015f, Proses ve Final Kalite Kontrol Gereklilikleri [\u2026]\" \/>\n<meta property=\"og:url\" content=\"http:\/\/www.akilsan.com\/index.php\/kalite-ozellik\/\" \/>\n<meta property=\"og:site_name\" content=\"Akilsan Makine ve Yaz\u0131l\u0131m | Logo \u0130\u015f Orta\u011f\u0131\" \/>\n<meta property=\"article:modified_time\" content=\"2025-10-14T08:12:07+00:00\" \/>\n<meta property=\"og:image\" content=\"https:\/\/www.akilsan.com\/wp-content\/uploads\/2023\/12\/anasayfakalite.webp\" \/>\n\t<meta property=\"og:image:width\" content=\"600\" \/>\n\t<meta property=\"og:image:height\" content=\"400\" \/>\n\t<meta property=\"og:image:type\" content=\"image\/webp\" \/>\n<meta name=\"twitter:card\" content=\"summary_large_image\" \/>\n<meta name=\"twitter:label1\" content=\"Tahmini okuma s\u00fcresi\" \/>\n\t<meta name=\"twitter:data1\" content=\"6 dakika\" \/>\n<script type=\"application\/ld+json\" class=\"yoast-schema-graph\">{\"@context\":\"https:\/\/schema.org\",\"@graph\":[{\"@type\":\"WebPage\",\"@id\":\"http:\/\/www.akilsan.com\/index.php\/kalite-ozellik\/\",\"url\":\"http:\/\/www.akilsan.com\/index.php\/kalite-ozellik\/\",\"name\":\"KAL\u0130TE - Akilsan Makine ve Yaz\u0131l\u0131m | Logo \u0130\u015f Orta\u011f\u0131\",\"isPartOf\":{\"@id\":\"http:\/\/www.akilsan.com\/#website\"},\"primaryImageOfPage\":{\"@id\":\"http:\/\/www.akilsan.com\/index.php\/kalite-ozellik\/#primaryimage\"},\"image\":{\"@id\":\"http:\/\/www.akilsan.com\/index.php\/kalite-ozellik\/#primaryimage\"},\"thumbnailUrl\":\"http:\/\/www.akilsan.com\/wp-content\/uploads\/2023\/12\/anasayfakalite.webp\",\"datePublished\":\"2023-12-14T13:51:09+00:00\",\"dateModified\":\"2025-10-14T08:12:07+00:00\",\"breadcrumb\":{\"@id\":\"http:\/\/www.akilsan.com\/index.php\/kalite-ozellik\/#breadcrumb\"},\"inLanguage\":\"tr\",\"potentialAction\":[{\"@type\":\"ReadAction\",\"target\":[\"http:\/\/www.akilsan.com\/index.php\/kalite-ozellik\/\"]}]},{\"@type\":\"ImageObject\",\"inLanguage\":\"tr\",\"@id\":\"http:\/\/www.akilsan.com\/index.php\/kalite-ozellik\/#primaryimage\",\"url\":\"https:\/\/www.akilsan.com\/wp-content\/uploads\/2023\/12\/anasayfakalite.webp\",\"contentUrl\":\"https:\/\/www.akilsan.com\/wp-content\/uploads\/2023\/12\/anasayfakalite.webp\",\"width\":600,\"height\":400,\"caption\":\"anasayfakalite,\"},{\"@type\":\"BreadcrumbList\",\"@id\":\"http:\/\/www.akilsan.com\/index.php\/kalite-ozellik\/#breadcrumb\",\"itemListElement\":[{\"@type\":\"ListItem\",\"position\":1,\"name\":\"Anasayfa\",\"item\":\"https:\/\/www.akilsan.com\/\"},{\"@type\":\"ListItem\",\"position\":2,\"name\":\"KAL\u0130TE\"}]},{\"@type\":\"WebSite\",\"@id\":\"http:\/\/www.akilsan.com\/#website\",\"url\":\"http:\/\/www.akilsan.com\/\",\"name\":\"Akilsan Makine ve Yaz\u0131l\u0131m | Logo \u0130\u015f Orta\u011f\u0131\",\"description\":\"\",\"publisher\":{\"@id\":\"http:\/\/www.akilsan.com\/#organization\"},\"potentialAction\":[{\"@type\":\"SearchAction\",\"target\":{\"@type\":\"EntryPoint\",\"urlTemplate\":\"http:\/\/www.akilsan.com\/?s={search_term_string}\"},\"query-input\":{\"@type\":\"PropertyValueSpecification\",\"valueRequired\":true,\"valueName\":\"search_term_string\"}}],\"inLanguage\":\"tr\"},{\"@type\":\"Organization\",\"@id\":\"http:\/\/www.akilsan.com\/#organization\",\"name\":\"Akilsan Makine ve Yaz\u0131l\u0131m | Logo \u0130\u015f Orta\u011f\u0131\",\"url\":\"http:\/\/www.akilsan.com\/\",\"logo\":{\"@type\":\"ImageObject\",\"inLanguage\":\"tr\",\"@id\":\"http:\/\/www.akilsan.com\/#\/schema\/logo\/image\/\",\"url\":\"https:\/\/www.akilsan.com\/wp-content\/uploads\/2023\/12\/logo.png\",\"contentUrl\":\"https:\/\/www.akilsan.com\/wp-content\/uploads\/2023\/12\/logo.png\",\"width\":923,\"height\":251,\"caption\":\"Akilsan Makine ve Yaz\u0131l\u0131m | Logo \u0130\u015f Orta\u011f\u0131\"},\"image\":{\"@id\":\"http:\/\/www.akilsan.com\/#\/schema\/logo\/image\/\"}}]}<\/script>\n<!-- \/ Yoast SEO plugin. -->","yoast_head_json":{"title":"KAL\u0130TE - Akilsan Makine ve Yaz\u0131l\u0131m | Logo \u0130\u015f Orta\u011f\u0131","robots":{"index":"index","follow":"follow","max-snippet":"max-snippet:-1","max-image-preview":"max-image-preview:large","max-video-preview":"max-video-preview:-1"},"canonical":"http:\/\/www.akilsan.com\/index.php\/kalite-ozellik\/","og_locale":"tr_TR","og_type":"article","og_title":"KAL\u0130TE - Akilsan Makine ve Yaz\u0131l\u0131m | Logo \u0130\u015f Orta\u011f\u0131","og_description":"Firmam\u0131z i\u00e7in \u00f6ncelik ta\u015f\u0131yan bir de\u011fer olarak, m\u00fc\u015fteri memnuniyetini art\u0131rmay\u0131 bilgi, teknik ve tecr\u00fcbe ile i\u015fimize verdi\u011fimiz \u00f6nemle sa\u011fl\u0131yoruz. Giri\u015f, Proses ve Final Kalite Kontrol Gereklilikleri [\u2026]","og_url":"http:\/\/www.akilsan.com\/index.php\/kalite-ozellik\/","og_site_name":"Akilsan Makine ve Yaz\u0131l\u0131m | Logo \u0130\u015f Orta\u011f\u0131","article_modified_time":"2025-10-14T08:12:07+00:00","og_image":[{"width":600,"height":400,"url":"https:\/\/www.akilsan.com\/wp-content\/uploads\/2023\/12\/anasayfakalite.webp","type":"image\/webp"}],"twitter_card":"summary_large_image","twitter_misc":{"Tahmini okuma s\u00fcresi":"6 dakika"},"schema":{"@context":"https:\/\/schema.org","@graph":[{"@type":"WebPage","@id":"http:\/\/www.akilsan.com\/index.php\/kalite-ozellik\/","url":"http:\/\/www.akilsan.com\/index.php\/kalite-ozellik\/","name":"KAL\u0130TE - Akilsan Makine ve Yaz\u0131l\u0131m | Logo \u0130\u015f Orta\u011f\u0131","isPartOf":{"@id":"http:\/\/www.akilsan.com\/#website"},"primaryImageOfPage":{"@id":"http:\/\/www.akilsan.com\/index.php\/kalite-ozellik\/#primaryimage"},"image":{"@id":"http:\/\/www.akilsan.com\/index.php\/kalite-ozellik\/#primaryimage"},"thumbnailUrl":"http:\/\/www.akilsan.com\/wp-content\/uploads\/2023\/12\/anasayfakalite.webp","datePublished":"2023-12-14T13:51:09+00:00","dateModified":"2025-10-14T08:12:07+00:00","breadcrumb":{"@id":"http:\/\/www.akilsan.com\/index.php\/kalite-ozellik\/#breadcrumb"},"inLanguage":"tr","potentialAction":[{"@type":"ReadAction","target":["http:\/\/www.akilsan.com\/index.php\/kalite-ozellik\/"]}]},{"@type":"ImageObject","inLanguage":"tr","@id":"http:\/\/www.akilsan.com\/index.php\/kalite-ozellik\/#primaryimage","url":"https:\/\/www.akilsan.com\/wp-content\/uploads\/2023\/12\/anasayfakalite.webp","contentUrl":"https:\/\/www.akilsan.com\/wp-content\/uploads\/2023\/12\/anasayfakalite.webp","width":600,"height":400,"caption":"anasayfakalite,"},{"@type":"BreadcrumbList","@id":"http:\/\/www.akilsan.com\/index.php\/kalite-ozellik\/#breadcrumb","itemListElement":[{"@type":"ListItem","position":1,"name":"Anasayfa","item":"https:\/\/www.akilsan.com\/"},{"@type":"ListItem","position":2,"name":"KAL\u0130TE"}]},{"@type":"WebSite","@id":"http:\/\/www.akilsan.com\/#website","url":"http:\/\/www.akilsan.com\/","name":"Akilsan Makine ve Yaz\u0131l\u0131m | Logo \u0130\u015f Orta\u011f\u0131","description":"","publisher":{"@id":"http:\/\/www.akilsan.com\/#organization"},"potentialAction":[{"@type":"SearchAction","target":{"@type":"EntryPoint","urlTemplate":"http:\/\/www.akilsan.com\/?s={search_term_string}"},"query-input":{"@type":"PropertyValueSpecification","valueRequired":true,"valueName":"search_term_string"}}],"inLanguage":"tr"},{"@type":"Organization","@id":"http:\/\/www.akilsan.com\/#organization","name":"Akilsan Makine ve Yaz\u0131l\u0131m | Logo \u0130\u015f Orta\u011f\u0131","url":"http:\/\/www.akilsan.com\/","logo":{"@type":"ImageObject","inLanguage":"tr","@id":"http:\/\/www.akilsan.com\/#\/schema\/logo\/image\/","url":"https:\/\/www.akilsan.com\/wp-content\/uploads\/2023\/12\/logo.png","contentUrl":"https:\/\/www.akilsan.com\/wp-content\/uploads\/2023\/12\/logo.png","width":923,"height":251,"caption":"Akilsan Makine ve Yaz\u0131l\u0131m | Logo \u0130\u015f Orta\u011f\u0131"},"image":{"@id":"http:\/\/www.akilsan.com\/#\/schema\/logo\/image\/"}}]}},"_links":{"self":[{"href":"https:\/\/www.akilsan.com\/index.php\/wp-json\/wp\/v2\/pages\/768","targetHints":{"allow":["GET"]}}],"collection":[{"href":"https:\/\/www.akilsan.com\/index.php\/wp-json\/wp\/v2\/pages"}],"about":[{"href":"https:\/\/www.akilsan.com\/index.php\/wp-json\/wp\/v2\/types\/page"}],"author":[{"embeddable":true,"href":"https:\/\/www.akilsan.com\/index.php\/wp-json\/wp\/v2\/users\/2"}],"replies":[{"embeddable":true,"href":"https:\/\/www.akilsan.com\/index.php\/wp-json\/wp\/v2\/comments?post=768"}],"version-history":[{"count":28,"href":"https:\/\/www.akilsan.com\/index.php\/wp-json\/wp\/v2\/pages\/768\/revisions"}],"predecessor-version":[{"id":2438,"href":"https:\/\/www.akilsan.com\/index.php\/wp-json\/wp\/v2\/pages\/768\/revisions\/2438"}],"wp:attachment":[{"href":"https:\/\/www.akilsan.com\/index.php\/wp-json\/wp\/v2\/media?parent=768"}],"curies":[{"name":"wp","href":"https:\/\/api.w.org\/{rel}","templated":true}]}}