{"id":770,"date":"2023-12-14T16:52:07","date_gmt":"2023-12-14T13:52:07","guid":{"rendered":"http:\/\/www.akilsan.com\/?page_id=770"},"modified":"2025-10-14T11:14:08","modified_gmt":"2025-10-14T08:14:08","slug":"prototip","status":"publish","type":"page","link":"https:\/\/www.akilsan.com\/index.php\/prototip\/","title":{"rendered":"PROTOT\u0130P"},"content":{"rendered":"\t\t<div data-elementor-type=\"wp-page\" data-elementor-id=\"770\" class=\"elementor elementor-770\">\n\t\t\t\t\t\t<section class=\"elementor-section elementor-top-section elementor-element elementor-element-fb8fd2c elementor-section-content-middle elementor-section-boxed elementor-section-height-default elementor-section-height-default\" data-id=\"fb8fd2c\" data-element_type=\"section\" data-settings=\"{&quot;background_background&quot;:&quot;classic&quot;}\">\n\t\t\t\t\t\t\t<div class=\"elementor-background-overlay\"><\/div>\n\t\t\t\t\t\t\t<div class=\"elementor-container elementor-column-gap-extended\">\n\t\t\t\t\t<div class=\"elementor-column elementor-col-50 elementor-top-column elementor-element elementor-element-3d84776 elementor-hidden-mobile\" data-id=\"3d84776\" data-element_type=\"column\">\n\t\t\t<div class=\"elementor-widget-wrap elementor-element-populated\">\n\t\t\t\t\t\t<div class=\"elementor-element elementor-element-f7367c6 elementor-widget elementor-widget-sidebar\" data-id=\"f7367c6\" data-element_type=\"widget\" data-widget_type=\"sidebar.default\">\n\t\t\t\t<div class=\"elementor-widget-container\">\n\t\t\t\t\t<aside id=\"widget_mfn_menu-13\" class=\"widget widget_mfn_menu\"><h4>Belirgin \u00d6zellikler<\/h4><div class=\"menu-belirgin-ozellikler-container\"><ul id=\"menu-belirgin-ozellikler\" class=\"menu submenus-show\"><li id=\"menu-item-1747\" class=\"menu-item menu-item-type-post_type menu-item-object-page menu-item-1747\"><a href=\"https:\/\/www.akilsan.com\/index.php\/ar-ge\/\">AR-GE<\/a><\/li>\n<li id=\"menu-item-1746\" class=\"menu-item menu-item-type-post_type menu-item-object-page menu-item-1746\"><a href=\"https:\/\/www.akilsan.com\/index.php\/kalite-ozellik\/\">KAL\u0130TE<\/a><\/li>\n<li id=\"menu-item-1745\" class=\"menu-item menu-item-type-post_type menu-item-object-page menu-item-1745\"><a href=\"https:\/\/www.akilsan.com\/index.php\/tasarim\/\">TASARIM<\/a><\/li>\n<li id=\"menu-item-1744\" class=\"menu-item menu-item-type-post_type menu-item-object-page menu-item-1744\"><a href=\"https:\/\/www.akilsan.com\/index.php\/prototip\/\">PROTOT\u0130P<\/a><\/li>\n<li id=\"menu-item-1743\" class=\"menu-item menu-item-type-post_type menu-item-object-page menu-item-1743\"><a href=\"https:\/\/www.akilsan.com\/index.php\/talasli-imalat\/\">TALA\u015eLI \u0130MALAT<\/a><\/li>\n<li id=\"menu-item-1742\" class=\"menu-item menu-item-type-post_type menu-item-object-page menu-item-1742\"><a href=\"https:\/\/www.akilsan.com\/index.php\/sevkiyat\/\">SEVK\u0130YAT<\/a><\/li>\n<\/ul><\/div><\/aside><aside id=\"widget_mfn_menu-14\" class=\"widget widget_mfn_menu\"><h4>Yaz\u0131l\u0131m<\/h4><div class=\"menu-yazilim-container\"><ul id=\"menu-yazilim\" class=\"menu submenus-show\"><li id=\"menu-item-1734\" class=\"menu-item menu-item-type-post_type menu-item-object-page menu-item-1734\"><a href=\"https:\/\/www.akilsan.com\/index.php\/sanallastirma\/\">SANALLA\u015eTIRMA<\/a><\/li>\n<li id=\"menu-item-1733\" class=\"menu-item menu-item-type-post_type menu-item-object-page menu-item-1733\"><a href=\"https:\/\/www.akilsan.com\/index.php\/ozel-yazilim-ve-entegrasyon\/\">\u00d6ZEL YAZILIM VE ENTEGRASYON<\/a><\/li>\n<li id=\"menu-item-1731\" class=\"menu-item menu-item-type-post_type menu-item-object-page menu-item-1731\"><a href=\"https:\/\/www.akilsan.com\/index.php\/kvkk-danismanligi\/\">KVKK DANI\u015eMANLI\u011eI<\/a><\/li>\n<li id=\"menu-item-1732\" class=\"menu-item menu-item-type-post_type menu-item-object-page menu-item-1732\"><a href=\"https:\/\/www.akilsan.com\/index.php\/logo-is-ortagi\/\">LOGO \u0130\u015e ORTA\u011eI<\/a><\/li>\n<\/ul><\/div><\/aside><aside id=\"widget_mfn_menu-15\" class=\"widget widget_mfn_menu\"><h4>Makine<\/h4><div class=\"menu-makine-container\"><ul id=\"menu-makine\" class=\"menu submenus-show\"><li id=\"menu-item-1724\" class=\"menu-item menu-item-type-post_type menu-item-object-page menu-item-1724\"><a href=\"https:\/\/www.akilsan.com\/index.php\/talasli-imalat\/\">TALA\u015eLI \u0130MALAT<\/a><\/li>\n<li id=\"menu-item-1725\" class=\"menu-item menu-item-type-post_type menu-item-object-page menu-item-1725\"><a href=\"https:\/\/www.akilsan.com\/index.php\/tasarim\/\">TASARIM<\/a><\/li>\n<li id=\"menu-item-1726\" class=\"menu-item menu-item-type-post_type menu-item-object-page menu-item-1726\"><a href=\"https:\/\/www.akilsan.com\/index.php\/montaj\/\">MONTAJ<\/a><\/li>\n<\/ul><\/div><\/aside>\t\t\t\t<\/div>\n\t\t\t\t<\/div>\n\t\t\t\t\t<\/div>\n\t\t<\/div>\n\t\t\t\t<div class=\"elementor-column elementor-col-50 elementor-top-column elementor-element elementor-element-c503801\" data-id=\"c503801\" data-element_type=\"column\">\n\t\t\t<div class=\"elementor-widget-wrap elementor-element-populated\">\n\t\t\t\t<div class=\"elementor-element elementor-element-12f7544 e-flex e-con-boxed e-con e-child\" data-id=\"12f7544\" data-element_type=\"container\">\n\t\t\t\t\t<div class=\"e-con-inner\">\n\t\t<div class=\"elementor-element elementor-element-f2ca624 e-con-full e-flex e-con e-child\" data-id=\"f2ca624\" data-element_type=\"container\">\n\t\t\t\t<div class=\"elementor-element elementor-element-93efece elementor-widget__width-initial elementor-widget elementor-widget-image\" data-id=\"93efece\" data-element_type=\"widget\" data-widget_type=\"image.default\">\n\t\t\t\t<div class=\"elementor-widget-container\">\n\t\t\t\t\t\t\t\t\t\t\t\t\t\t\t<img fetchpriority=\"high\" decoding=\"async\" width=\"600\" height=\"400\" src=\"https:\/\/www.akilsan.com\/wp-content\/uploads\/2023\/12\/anasayfaprototip.webp\" class=\"attachment-large size-large wp-image-790\" alt=\"anasayfaprototip,\" \/>\t\t\t\t\t\t\t\t\t\t\t\t\t\t\t<\/div>\n\t\t\t\t<\/div>\n\t\t\t\t<\/div>\n\t\t<div class=\"elementor-element elementor-element-4f38725 e-con-full e-flex e-con e-child\" data-id=\"4f38725\" data-element_type=\"container\">\n\t\t\t\t<div class=\"elementor-element elementor-element-a913e8e elementor-widget-divider--view-line elementor-widget elementor-widget-divider\" data-id=\"a913e8e\" data-element_type=\"widget\" data-widget_type=\"divider.default\">\n\t\t\t\t<div class=\"elementor-widget-container\">\n\t\t\t\t\t\t\t<div class=\"elementor-divider\">\n\t\t\t<span class=\"elementor-divider-separator\">\n\t\t\t\t\t\t<\/span>\n\t\t<\/div>\n\t\t\t\t\t\t<\/div>\n\t\t\t\t<\/div>\n\t\t\t\t<div class=\"elementor-element elementor-element-9b13e2f elementor-widget elementor-widget-text-editor\" data-id=\"9b13e2f\" data-element_type=\"widget\" data-widget_type=\"text-editor.default\">\n\t\t\t\t<div class=\"elementor-widget-container\">\n\t\t\t\t\t\t\t\t\t<p>Prototipler, \u00fcr\u00fcn\u00fcn i\u015flevselli\u011fini test etmek ve geli\u015ftirmek i\u00e7in kullan\u0131l\u0131r. Tasar\u0131m s\u00fcrecinde prototip olu\u015fturma, \u00fcr\u00fcn\u00fcn son hali i\u00e7in de\u011ferli geri bildirimler sa\u011flar ve geli\u015ftirme s\u00fcrecinin verimlili\u011fini art\u0131r\u0131r.<\/p>\t\t\t\t\t\t\t\t<\/div>\n\t\t\t\t<\/div>\n\t\t\t\t<div class=\"elementor-element elementor-element-cdbcb1f elementor-widget-divider--view-line elementor-widget elementor-widget-divider\" data-id=\"cdbcb1f\" data-element_type=\"widget\" data-widget_type=\"divider.default\">\n\t\t\t\t<div class=\"elementor-widget-container\">\n\t\t\t\t\t\t\t<div class=\"elementor-divider\">\n\t\t\t<span class=\"elementor-divider-separator\">\n\t\t\t\t\t\t<\/span>\n\t\t<\/div>\n\t\t\t\t\t\t<\/div>\n\t\t\t\t<\/div>\n\t\t\t\t<\/div>\n\t\t\t\t\t<\/div>\n\t\t\t\t<\/div>\n\t\t<div class=\"elementor-element elementor-element-9fe3df9 e-flex e-con-boxed e-con e-child\" data-id=\"9fe3df9\" data-element_type=\"container\">\n\t\t\t\t\t<div class=\"e-con-inner\">\n\t\t<div class=\"elementor-element elementor-element-334520c e-con-full e-flex e-con e-child\" data-id=\"334520c\" data-element_type=\"container\">\n\t\t\t\t<div class=\"elementor-element elementor-element-e87e4e8 elementor-widget elementor-widget-text-editor\" data-id=\"e87e4e8\" data-element_type=\"widget\" data-widget_type=\"text-editor.default\">\n\t\t\t\t<div class=\"elementor-widget-container\">\n\t\t\t\t\t\t\t\t\t<p>Makine ve yaz\u0131l\u0131m geli\u015ftirme s\u00fcre\u00e7leri, karma\u015f\u0131k ihtiya\u00e7lar\u0131 ve gereksinimleri kar\u015f\u0131lamak ad\u0131na \u00f6zenli ve detayl\u0131 bir \u00e7aba gerektirir. Bu s\u00fcre\u00e7lerde, prototip olu\u015fturma y\u00f6ntemi, tasar\u0131m\u0131n etkili bir \u015fekilde anla\u015f\u0131lmas\u0131, hatalar\u0131n tespiti, iyile\u015ftirmelerin yap\u0131lmas\u0131 ve son \u00fcr\u00fcn\u00fcn olu\u015fturulmas\u0131nda kritik bir rol oynar. Hem makine hem de yaz\u0131l\u0131m alanlar\u0131nda prototip olu\u015fturman\u0131n de\u011feri b\u00fcy\u00fckt\u00fcr.<\/p><div class=\"elementor-element elementor-element-38a46e5 elementor-widget elementor-widget-heading\" data-id=\"38a46e5\" data-element_type=\"widget\" data-widget_type=\"heading.default\"><div class=\"elementor-widget-container\"><h4>Makine Geli\u015ftirmede Prototip:<\/h4><\/div><\/div><div class=\"elementor-element elementor-element-b0b9949 elementor-widget elementor-widget-text-editor\" data-id=\"b0b9949\" data-element_type=\"widget\" data-widget_type=\"text-editor.default\"><div class=\"elementor-widget-container\"><p>Makine geli\u015ftirme s\u00fcrecinde prototip, tasar\u0131m\u0131n fiziksel formunu alarak ger\u00e7ek d\u00fcnyada nas\u0131l \u00e7al\u0131\u015faca\u011f\u0131n\u0131n anla\u015f\u0131lmas\u0131n\u0131 sa\u011flar. Bu a\u015famada prototip, tasar\u0131m\u0131n \u00f6zelliklerini ve performans\u0131n\u0131 g\u00f6rsel olarak ve i\u015flevsel olarak g\u00f6sterir.<\/p><h4>Yaz\u0131l\u0131m Geli\u015ftirmede Prototip:<\/h4><\/div><\/div><div class=\"elementor-element elementor-element-f8f91e9 elementor-widget elementor-widget-text-editor\" data-id=\"f8f91e9\" data-element_type=\"widget\" data-widget_type=\"text-editor.default\"><div class=\"elementor-widget-container\"><p>Yaz\u0131l\u0131m geli\u015ftirme s\u00fcrecinde prototip, yaz\u0131l\u0131m\u0131n i\u015flevselli\u011fini ve kullan\u0131c\u0131 aray\u00fcz\u00fcn\u00fc g\u00f6rselle\u015ftirmek ve test etmek i\u00e7in kullan\u0131l\u0131r.<\/p><\/div><\/div><div class=\"elementor-element elementor-element-00174be elementor-widget elementor-widget-text-editor\" data-id=\"00174be\" data-element_type=\"widget\" data-widget_type=\"text-editor.default\"><div class=\"elementor-widget-container\"><p>Makine ve yaz\u0131l\u0131m geli\u015ftirmede prototip olu\u015fturma s\u00fcreci, yarat\u0131c\u0131l\u0131\u011f\u0131 ve inovasyonu destekleyerek, tasar\u0131m\u0131n ger\u00e7ek d\u00fcnya ko\u015fullar\u0131nda nas\u0131l performans g\u00f6sterece\u011fini anlamak ve hatalar\u0131 \u00f6nceden tespit etmek i\u00e7in \u00f6nemlidir. Prototip olu\u015fturma, geli\u015ftirilen \u00e7\u00f6z\u00fcm\u00fcn kullan\u0131c\u0131 gereksinimlerini kar\u015f\u0131lamas\u0131, performans\u0131 sa\u011flamas\u0131 ve verimli \u00e7al\u0131\u015fmas\u0131 i\u00e7in vazge\u00e7ilmez bir a\u015famad\u0131r.<\/p><\/div><\/div>\t\t\t\t\t\t\t\t<\/div>\n\t\t\t\t<\/div>\n\t\t\t\t<\/div>\n\t\t\t\t\t<\/div>\n\t\t\t\t<\/div>\n\t\t\t\t\t<\/div>\n\t\t<\/div>\n\t\t\t\t\t<\/div>\n\t\t<\/section>\n\t\t\t\t<\/div>\n\t\t","protected":false},"excerpt":{"rendered":"<p>Prototipler, \u00fcr\u00fcn\u00fcn i\u015flevselli\u011fini test etmek ve geli\u015ftirmek i\u00e7in kullan\u0131l\u0131r. Tasar\u0131m s\u00fcrecinde prototip olu\u015fturma, \u00fcr\u00fcn\u00fcn son hali i\u00e7in de\u011ferli geri bildirimler sa\u011flar ve geli\u015ftirme s\u00fcrecinin verimlili\u011fini art\u0131r\u0131r.<span class=\"excerpt-hellip\"> [\u2026]<\/span><\/p>\n","protected":false},"author":2,"featured_media":0,"parent":0,"menu_order":0,"comment_status":"closed","ping_status":"closed","template":"","meta":{"footnotes":""},"class_list":["post-770","page","type-page","status-publish","hentry"],"yoast_head":"<!-- This site is optimized with the Yoast SEO plugin v26.1.1 - https:\/\/yoast.com\/wordpress\/plugins\/seo\/ -->\n<title>PROTOT\u0130P - Akilsan Makine ve Yaz\u0131l\u0131m | Logo \u0130\u015f Orta\u011f\u0131<\/title>\n<meta name=\"robots\" content=\"index, follow, max-snippet:-1, max-image-preview:large, max-video-preview:-1\" \/>\n<link rel=\"canonical\" href=\"http:\/\/www.akilsan.com\/index.php\/prototip\/\" \/>\n<meta property=\"og:locale\" content=\"tr_TR\" \/>\n<meta property=\"og:type\" content=\"article\" \/>\n<meta property=\"og:title\" content=\"PROTOT\u0130P - Akilsan Makine ve Yaz\u0131l\u0131m | Logo \u0130\u015f Orta\u011f\u0131\" \/>\n<meta property=\"og:description\" content=\"Prototipler, \u00fcr\u00fcn\u00fcn i\u015flevselli\u011fini test etmek ve geli\u015ftirmek i\u00e7in kullan\u0131l\u0131r. Tasar\u0131m s\u00fcrecinde prototip olu\u015fturma, \u00fcr\u00fcn\u00fcn son hali i\u00e7in de\u011ferli geri bildirimler sa\u011flar ve geli\u015ftirme s\u00fcrecinin verimlili\u011fini art\u0131r\u0131r. [\u2026]\" \/>\n<meta property=\"og:url\" content=\"http:\/\/www.akilsan.com\/index.php\/prototip\/\" \/>\n<meta property=\"og:site_name\" content=\"Akilsan Makine ve Yaz\u0131l\u0131m | Logo \u0130\u015f Orta\u011f\u0131\" \/>\n<meta property=\"article:modified_time\" content=\"2025-10-14T08:14:08+00:00\" \/>\n<meta property=\"og:image\" content=\"https:\/\/www.akilsan.com\/wp-content\/uploads\/2023\/12\/anasayfaprototip.webp\" \/>\n\t<meta property=\"og:image:width\" content=\"600\" \/>\n\t<meta property=\"og:image:height\" content=\"400\" \/>\n\t<meta property=\"og:image:type\" content=\"image\/webp\" \/>\n<meta name=\"twitter:card\" content=\"summary_large_image\" \/>\n<meta name=\"twitter:label1\" content=\"Tahmini okuma s\u00fcresi\" \/>\n\t<meta name=\"twitter:data1\" content=\"2 dakika\" \/>\n<script type=\"application\/ld+json\" class=\"yoast-schema-graph\">{\"@context\":\"https:\/\/schema.org\",\"@graph\":[{\"@type\":\"WebPage\",\"@id\":\"http:\/\/www.akilsan.com\/index.php\/prototip\/\",\"url\":\"http:\/\/www.akilsan.com\/index.php\/prototip\/\",\"name\":\"PROTOT\u0130P - Akilsan Makine ve Yaz\u0131l\u0131m | Logo \u0130\u015f Orta\u011f\u0131\",\"isPartOf\":{\"@id\":\"http:\/\/www.akilsan.com\/#website\"},\"primaryImageOfPage\":{\"@id\":\"http:\/\/www.akilsan.com\/index.php\/prototip\/#primaryimage\"},\"image\":{\"@id\":\"http:\/\/www.akilsan.com\/index.php\/prototip\/#primaryimage\"},\"thumbnailUrl\":\"http:\/\/www.akilsan.com\/wp-content\/uploads\/2023\/12\/anasayfaprototip.webp\",\"datePublished\":\"2023-12-14T13:52:07+00:00\",\"dateModified\":\"2025-10-14T08:14:08+00:00\",\"breadcrumb\":{\"@id\":\"http:\/\/www.akilsan.com\/index.php\/prototip\/#breadcrumb\"},\"inLanguage\":\"tr\",\"potentialAction\":[{\"@type\":\"ReadAction\",\"target\":[\"http:\/\/www.akilsan.com\/index.php\/prototip\/\"]}]},{\"@type\":\"ImageObject\",\"inLanguage\":\"tr\",\"@id\":\"http:\/\/www.akilsan.com\/index.php\/prototip\/#primaryimage\",\"url\":\"https:\/\/www.akilsan.com\/wp-content\/uploads\/2023\/12\/anasayfaprototip.webp\",\"contentUrl\":\"https:\/\/www.akilsan.com\/wp-content\/uploads\/2023\/12\/anasayfaprototip.webp\",\"width\":600,\"height\":400,\"caption\":\"anasayfaprototip,\"},{\"@type\":\"BreadcrumbList\",\"@id\":\"http:\/\/www.akilsan.com\/index.php\/prototip\/#breadcrumb\",\"itemListElement\":[{\"@type\":\"ListItem\",\"position\":1,\"name\":\"Anasayfa\",\"item\":\"https:\/\/www.akilsan.com\/\"},{\"@type\":\"ListItem\",\"position\":2,\"name\":\"PROTOT\u0130P\"}]},{\"@type\":\"WebSite\",\"@id\":\"http:\/\/www.akilsan.com\/#website\",\"url\":\"http:\/\/www.akilsan.com\/\",\"name\":\"Akilsan Makine ve Yaz\u0131l\u0131m | Logo \u0130\u015f Orta\u011f\u0131\",\"description\":\"\",\"publisher\":{\"@id\":\"http:\/\/www.akilsan.com\/#organization\"},\"potentialAction\":[{\"@type\":\"SearchAction\",\"target\":{\"@type\":\"EntryPoint\",\"urlTemplate\":\"http:\/\/www.akilsan.com\/?s={search_term_string}\"},\"query-input\":{\"@type\":\"PropertyValueSpecification\",\"valueRequired\":true,\"valueName\":\"search_term_string\"}}],\"inLanguage\":\"tr\"},{\"@type\":\"Organization\",\"@id\":\"http:\/\/www.akilsan.com\/#organization\",\"name\":\"Akilsan Makine ve Yaz\u0131l\u0131m | Logo \u0130\u015f Orta\u011f\u0131\",\"url\":\"http:\/\/www.akilsan.com\/\",\"logo\":{\"@type\":\"ImageObject\",\"inLanguage\":\"tr\",\"@id\":\"http:\/\/www.akilsan.com\/#\/schema\/logo\/image\/\",\"url\":\"https:\/\/www.akilsan.com\/wp-content\/uploads\/2023\/12\/logo.png\",\"contentUrl\":\"https:\/\/www.akilsan.com\/wp-content\/uploads\/2023\/12\/logo.png\",\"width\":923,\"height\":251,\"caption\":\"Akilsan Makine ve Yaz\u0131l\u0131m | Logo \u0130\u015f Orta\u011f\u0131\"},\"image\":{\"@id\":\"http:\/\/www.akilsan.com\/#\/schema\/logo\/image\/\"}}]}<\/script>\n<!-- \/ Yoast SEO plugin. -->","yoast_head_json":{"title":"PROTOT\u0130P - Akilsan Makine ve Yaz\u0131l\u0131m | Logo \u0130\u015f Orta\u011f\u0131","robots":{"index":"index","follow":"follow","max-snippet":"max-snippet:-1","max-image-preview":"max-image-preview:large","max-video-preview":"max-video-preview:-1"},"canonical":"http:\/\/www.akilsan.com\/index.php\/prototip\/","og_locale":"tr_TR","og_type":"article","og_title":"PROTOT\u0130P - Akilsan Makine ve Yaz\u0131l\u0131m | Logo \u0130\u015f Orta\u011f\u0131","og_description":"Prototipler, \u00fcr\u00fcn\u00fcn i\u015flevselli\u011fini test etmek ve geli\u015ftirmek i\u00e7in kullan\u0131l\u0131r. Tasar\u0131m s\u00fcrecinde prototip olu\u015fturma, \u00fcr\u00fcn\u00fcn son hali i\u00e7in de\u011ferli geri bildirimler sa\u011flar ve geli\u015ftirme s\u00fcrecinin verimlili\u011fini art\u0131r\u0131r. [\u2026]","og_url":"http:\/\/www.akilsan.com\/index.php\/prototip\/","og_site_name":"Akilsan Makine ve Yaz\u0131l\u0131m | Logo \u0130\u015f Orta\u011f\u0131","article_modified_time":"2025-10-14T08:14:08+00:00","og_image":[{"width":600,"height":400,"url":"https:\/\/www.akilsan.com\/wp-content\/uploads\/2023\/12\/anasayfaprototip.webp","type":"image\/webp"}],"twitter_card":"summary_large_image","twitter_misc":{"Tahmini okuma s\u00fcresi":"2 dakika"},"schema":{"@context":"https:\/\/schema.org","@graph":[{"@type":"WebPage","@id":"http:\/\/www.akilsan.com\/index.php\/prototip\/","url":"http:\/\/www.akilsan.com\/index.php\/prototip\/","name":"PROTOT\u0130P - Akilsan Makine ve Yaz\u0131l\u0131m | Logo \u0130\u015f Orta\u011f\u0131","isPartOf":{"@id":"http:\/\/www.akilsan.com\/#website"},"primaryImageOfPage":{"@id":"http:\/\/www.akilsan.com\/index.php\/prototip\/#primaryimage"},"image":{"@id":"http:\/\/www.akilsan.com\/index.php\/prototip\/#primaryimage"},"thumbnailUrl":"http:\/\/www.akilsan.com\/wp-content\/uploads\/2023\/12\/anasayfaprototip.webp","datePublished":"2023-12-14T13:52:07+00:00","dateModified":"2025-10-14T08:14:08+00:00","breadcrumb":{"@id":"http:\/\/www.akilsan.com\/index.php\/prototip\/#breadcrumb"},"inLanguage":"tr","potentialAction":[{"@type":"ReadAction","target":["http:\/\/www.akilsan.com\/index.php\/prototip\/"]}]},{"@type":"ImageObject","inLanguage":"tr","@id":"http:\/\/www.akilsan.com\/index.php\/prototip\/#primaryimage","url":"https:\/\/www.akilsan.com\/wp-content\/uploads\/2023\/12\/anasayfaprototip.webp","contentUrl":"https:\/\/www.akilsan.com\/wp-content\/uploads\/2023\/12\/anasayfaprototip.webp","width":600,"height":400,"caption":"anasayfaprototip,"},{"@type":"BreadcrumbList","@id":"http:\/\/www.akilsan.com\/index.php\/prototip\/#breadcrumb","itemListElement":[{"@type":"ListItem","position":1,"name":"Anasayfa","item":"https:\/\/www.akilsan.com\/"},{"@type":"ListItem","position":2,"name":"PROTOT\u0130P"}]},{"@type":"WebSite","@id":"http:\/\/www.akilsan.com\/#website","url":"http:\/\/www.akilsan.com\/","name":"Akilsan Makine ve Yaz\u0131l\u0131m | Logo \u0130\u015f Orta\u011f\u0131","description":"","publisher":{"@id":"http:\/\/www.akilsan.com\/#organization"},"potentialAction":[{"@type":"SearchAction","target":{"@type":"EntryPoint","urlTemplate":"http:\/\/www.akilsan.com\/?s={search_term_string}"},"query-input":{"@type":"PropertyValueSpecification","valueRequired":true,"valueName":"search_term_string"}}],"inLanguage":"tr"},{"@type":"Organization","@id":"http:\/\/www.akilsan.com\/#organization","name":"Akilsan Makine ve Yaz\u0131l\u0131m | Logo \u0130\u015f Orta\u011f\u0131","url":"http:\/\/www.akilsan.com\/","logo":{"@type":"ImageObject","inLanguage":"tr","@id":"http:\/\/www.akilsan.com\/#\/schema\/logo\/image\/","url":"https:\/\/www.akilsan.com\/wp-content\/uploads\/2023\/12\/logo.png","contentUrl":"https:\/\/www.akilsan.com\/wp-content\/uploads\/2023\/12\/logo.png","width":923,"height":251,"caption":"Akilsan Makine ve Yaz\u0131l\u0131m | Logo \u0130\u015f Orta\u011f\u0131"},"image":{"@id":"http:\/\/www.akilsan.com\/#\/schema\/logo\/image\/"}}]}},"_links":{"self":[{"href":"https:\/\/www.akilsan.com\/index.php\/wp-json\/wp\/v2\/pages\/770","targetHints":{"allow":["GET"]}}],"collection":[{"href":"https:\/\/www.akilsan.com\/index.php\/wp-json\/wp\/v2\/pages"}],"about":[{"href":"https:\/\/www.akilsan.com\/index.php\/wp-json\/wp\/v2\/types\/page"}],"author":[{"embeddable":true,"href":"https:\/\/www.akilsan.com\/index.php\/wp-json\/wp\/v2\/users\/2"}],"replies":[{"embeddable":true,"href":"https:\/\/www.akilsan.com\/index.php\/wp-json\/wp\/v2\/comments?post=770"}],"version-history":[{"count":22,"href":"https:\/\/www.akilsan.com\/index.php\/wp-json\/wp\/v2\/pages\/770\/revisions"}],"predecessor-version":[{"id":2441,"href":"https:\/\/www.akilsan.com\/index.php\/wp-json\/wp\/v2\/pages\/770\/revisions\/2441"}],"wp:attachment":[{"href":"https:\/\/www.akilsan.com\/index.php\/wp-json\/wp\/v2\/media?parent=770"}],"curies":[{"name":"wp","href":"https:\/\/api.w.org\/{rel}","templated":true}]}}