{"id":776,"date":"2023-12-14T16:54:09","date_gmt":"2023-12-14T13:54:09","guid":{"rendered":"http:\/\/www.akilsan.com\/?page_id=776"},"modified":"2025-10-14T11:16:03","modified_gmt":"2025-10-14T08:16:03","slug":"sevkiyat","status":"publish","type":"page","link":"https:\/\/www.akilsan.com\/index.php\/sevkiyat\/","title":{"rendered":"SEVK\u0130YAT"},"content":{"rendered":"\t\t<div data-elementor-type=\"wp-page\" data-elementor-id=\"776\" class=\"elementor elementor-776\">\n\t\t\t\t\t\t<section class=\"elementor-section elementor-top-section elementor-element elementor-element-833b250 elementor-section-content-middle elementor-section-boxed elementor-section-height-default elementor-section-height-default\" data-id=\"833b250\" data-element_type=\"section\" data-settings=\"{&quot;background_background&quot;:&quot;classic&quot;}\">\n\t\t\t\t\t\t\t<div class=\"elementor-background-overlay\"><\/div>\n\t\t\t\t\t\t\t<div class=\"elementor-container elementor-column-gap-extended\">\n\t\t\t\t\t<div class=\"elementor-column elementor-col-50 elementor-top-column elementor-element elementor-element-4af00b5 elementor-hidden-mobile\" data-id=\"4af00b5\" data-element_type=\"column\">\n\t\t\t<div class=\"elementor-widget-wrap elementor-element-populated\">\n\t\t\t\t\t\t<div class=\"elementor-element elementor-element-f0344a7 elementor-widget elementor-widget-sidebar\" data-id=\"f0344a7\" data-element_type=\"widget\" data-widget_type=\"sidebar.default\">\n\t\t\t\t<div class=\"elementor-widget-container\">\n\t\t\t\t\t<aside id=\"widget_mfn_menu-13\" class=\"widget widget_mfn_menu\"><h4>Belirgin \u00d6zellikler<\/h4><div class=\"menu-belirgin-ozellikler-container\"><ul id=\"menu-belirgin-ozellikler\" class=\"menu submenus-show\"><li id=\"menu-item-1747\" class=\"menu-item menu-item-type-post_type menu-item-object-page menu-item-1747\"><a href=\"https:\/\/www.akilsan.com\/index.php\/ar-ge\/\">AR-GE<\/a><\/li>\n<li id=\"menu-item-1746\" class=\"menu-item menu-item-type-post_type menu-item-object-page menu-item-1746\"><a href=\"https:\/\/www.akilsan.com\/index.php\/kalite-ozellik\/\">KAL\u0130TE<\/a><\/li>\n<li id=\"menu-item-1745\" class=\"menu-item menu-item-type-post_type menu-item-object-page menu-item-1745\"><a href=\"https:\/\/www.akilsan.com\/index.php\/tasarim\/\">TASARIM<\/a><\/li>\n<li id=\"menu-item-1744\" class=\"menu-item menu-item-type-post_type menu-item-object-page menu-item-1744\"><a href=\"https:\/\/www.akilsan.com\/index.php\/prototip\/\">PROTOT\u0130P<\/a><\/li>\n<li id=\"menu-item-1743\" class=\"menu-item menu-item-type-post_type menu-item-object-page menu-item-1743\"><a href=\"https:\/\/www.akilsan.com\/index.php\/talasli-imalat\/\">TALA\u015eLI \u0130MALAT<\/a><\/li>\n<li id=\"menu-item-1742\" class=\"menu-item menu-item-type-post_type menu-item-object-page menu-item-1742\"><a href=\"https:\/\/www.akilsan.com\/index.php\/sevkiyat\/\">SEVK\u0130YAT<\/a><\/li>\n<\/ul><\/div><\/aside><aside id=\"widget_mfn_menu-14\" class=\"widget widget_mfn_menu\"><h4>Yaz\u0131l\u0131m<\/h4><div class=\"menu-yazilim-container\"><ul id=\"menu-yazilim\" class=\"menu submenus-show\"><li id=\"menu-item-1734\" class=\"menu-item menu-item-type-post_type menu-item-object-page menu-item-1734\"><a href=\"https:\/\/www.akilsan.com\/index.php\/sanallastirma\/\">SANALLA\u015eTIRMA<\/a><\/li>\n<li id=\"menu-item-1733\" class=\"menu-item menu-item-type-post_type menu-item-object-page menu-item-1733\"><a href=\"https:\/\/www.akilsan.com\/index.php\/ozel-yazilim-ve-entegrasyon\/\">\u00d6ZEL YAZILIM VE ENTEGRASYON<\/a><\/li>\n<li id=\"menu-item-1731\" class=\"menu-item menu-item-type-post_type menu-item-object-page menu-item-1731\"><a href=\"https:\/\/www.akilsan.com\/index.php\/kvkk-danismanligi\/\">KVKK DANI\u015eMANLI\u011eI<\/a><\/li>\n<li id=\"menu-item-1732\" class=\"menu-item menu-item-type-post_type menu-item-object-page menu-item-1732\"><a href=\"https:\/\/www.akilsan.com\/index.php\/logo-is-ortagi\/\">LOGO \u0130\u015e ORTA\u011eI<\/a><\/li>\n<\/ul><\/div><\/aside><aside id=\"widget_mfn_menu-15\" class=\"widget widget_mfn_menu\"><h4>Makine<\/h4><div class=\"menu-makine-container\"><ul id=\"menu-makine\" class=\"menu submenus-show\"><li id=\"menu-item-1724\" class=\"menu-item menu-item-type-post_type menu-item-object-page menu-item-1724\"><a href=\"https:\/\/www.akilsan.com\/index.php\/talasli-imalat\/\">TALA\u015eLI \u0130MALAT<\/a><\/li>\n<li id=\"menu-item-1725\" class=\"menu-item menu-item-type-post_type menu-item-object-page menu-item-1725\"><a href=\"https:\/\/www.akilsan.com\/index.php\/tasarim\/\">TASARIM<\/a><\/li>\n<li id=\"menu-item-1726\" class=\"menu-item menu-item-type-post_type menu-item-object-page menu-item-1726\"><a href=\"https:\/\/www.akilsan.com\/index.php\/montaj\/\">MONTAJ<\/a><\/li>\n<\/ul><\/div><\/aside>\t\t\t\t<\/div>\n\t\t\t\t<\/div>\n\t\t\t\t\t<\/div>\n\t\t<\/div>\n\t\t\t\t<div class=\"elementor-column elementor-col-50 elementor-top-column elementor-element elementor-element-9baff04\" data-id=\"9baff04\" data-element_type=\"column\">\n\t\t\t<div class=\"elementor-widget-wrap elementor-element-populated\">\n\t\t\t\t<div class=\"elementor-element elementor-element-b646ebb e-flex e-con-boxed e-con e-child\" data-id=\"b646ebb\" data-element_type=\"container\">\n\t\t\t\t\t<div class=\"e-con-inner\">\n\t\t<div class=\"elementor-element elementor-element-244a901 e-con-full e-flex e-con e-child\" data-id=\"244a901\" data-element_type=\"container\">\n\t\t\t\t<div class=\"elementor-element elementor-element-9742f00 elementor-widget__width-initial elementor-widget elementor-widget-image\" data-id=\"9742f00\" data-element_type=\"widget\" data-widget_type=\"image.default\">\n\t\t\t\t<div class=\"elementor-widget-container\">\n\t\t\t\t\t\t\t\t\t\t\t\t\t\t\t<img fetchpriority=\"high\" decoding=\"async\" width=\"600\" height=\"400\" src=\"https:\/\/www.akilsan.com\/wp-content\/uploads\/2023\/12\/anasayfasevkiyat.webp\" class=\"attachment-large size-large wp-image-788\" alt=\"anasayfasevkiyat,\" \/>\t\t\t\t\t\t\t\t\t\t\t\t\t\t\t<\/div>\n\t\t\t\t<\/div>\n\t\t\t\t<\/div>\n\t\t<div class=\"elementor-element elementor-element-a25a162 e-con-full e-flex e-con e-child\" data-id=\"a25a162\" data-element_type=\"container\">\n\t\t\t\t<div class=\"elementor-element elementor-element-1095b04 elementor-widget-divider--view-line elementor-widget elementor-widget-divider\" data-id=\"1095b04\" data-element_type=\"widget\" data-widget_type=\"divider.default\">\n\t\t\t\t<div class=\"elementor-widget-container\">\n\t\t\t\t\t\t\t<div class=\"elementor-divider\">\n\t\t\t<span class=\"elementor-divider-separator\">\n\t\t\t\t\t\t<\/span>\n\t\t<\/div>\n\t\t\t\t\t\t<\/div>\n\t\t\t\t<\/div>\n\t\t\t\t<div class=\"elementor-element elementor-element-d17528c elementor-widget elementor-widget-text-editor\" data-id=\"d17528c\" data-element_type=\"widget\" data-widget_type=\"text-editor.default\">\n\t\t\t\t<div class=\"elementor-widget-container\">\n\t\t\t\t\t\t\t\t\t<p>Geli\u015fmi\u015f lojistik ve nakliye y\u00f6netimi sayesinde \u00fcr\u00fcnler ve malzemeler, tedarik\u00e7iden m\u00fc\u015fteriye h\u0131zl\u0131 ve g\u00fcvenilir bir \u015fekilde ta\u015f\u0131nabilmektedir. Ger\u00e7ek zamanl\u0131 izleme ve veri analizi, sevkiyat\u0131n etkin takibini m\u00fcmk\u00fcn k\u0131larak i\u015fletmemizin verimlili\u011fini artt\u0131r\u0131yor.<\/p>\t\t\t\t\t\t\t\t<\/div>\n\t\t\t\t<\/div>\n\t\t\t\t<div class=\"elementor-element elementor-element-e516944 elementor-widget-divider--view-line elementor-widget elementor-widget-divider\" data-id=\"e516944\" data-element_type=\"widget\" data-widget_type=\"divider.default\">\n\t\t\t\t<div class=\"elementor-widget-container\">\n\t\t\t\t\t\t\t<div class=\"elementor-divider\">\n\t\t\t<span class=\"elementor-divider-separator\">\n\t\t\t\t\t\t<\/span>\n\t\t<\/div>\n\t\t\t\t\t\t<\/div>\n\t\t\t\t<\/div>\n\t\t\t\t<\/div>\n\t\t\t\t\t<\/div>\n\t\t\t\t<\/div>\n\t\t<div class=\"elementor-element elementor-element-14512e4 e-flex e-con-boxed e-con e-child\" data-id=\"14512e4\" data-element_type=\"container\">\n\t\t\t\t\t<div class=\"e-con-inner\">\n\t\t<div class=\"elementor-element elementor-element-ce81687 e-con-full e-flex e-con e-child\" data-id=\"ce81687\" data-element_type=\"container\">\n\t\t\t\t<div class=\"elementor-element elementor-element-6ffe3d6 elementor-widget elementor-widget-text-editor\" data-id=\"6ffe3d6\" data-element_type=\"widget\" data-widget_type=\"text-editor.default\">\n\t\t\t\t<div class=\"elementor-widget-container\">\n\t\t\t\t\t\t\t\t\t<p>\u0130\u015fletmemiz, m\u00fc\u015fterilerimizin \u00f6zel taleplerini en \u00fcst d\u00fczeyde \u00f6nemseyerek, bu taleplere y\u00f6nelik \u00fcretim s\u00fcrecini titizlikle y\u00fcr\u00fctmektedir. M\u00fc\u015fterilerimizin ihtiya\u00e7lar\u0131na uygun olarak tasarlanan \u00fcr\u00fcnleri \u00fcretirken, kalite standartlar\u0131ndan \u00f6d\u00fcn vermeden en son teknolojileri kullanmaktay\u0131z.<\/p><p>\u00dcr\u00fcnlerimizin \u00fcretim a\u015famas\u0131n\u0131n ard\u0131ndan, sevkiyat s\u00fcrecine hassasiyetle yakla\u015fmaktay\u0131z. Uzman ekibimiz, \u00fcr\u00fcnleri titizlikle paketleyerek ta\u015f\u0131ma s\u0131ras\u0131nda herhangi bir hasar riskini en aza indirir. \u00dcr\u00fcnlerin g\u00fcvenli bir \u015fekilde ta\u015f\u0131nabilmesi i\u00e7in gerekli \u00f6nlemleri almak ve ambalajlama i\u015flemlerini \u00f6zenle ger\u00e7ekle\u015ftirmek \u00f6nceliklerimiz aras\u0131ndad\u0131r.<\/p><p>M\u00fc\u015fteri memnuniyeti odakl\u0131 hizmet anlay\u0131\u015f\u0131m\u0131z gere\u011fi, belirlenen teslimat s\u00fcresine riayet etmek ve \u00fcr\u00fcnlerin sorunsuz bir \u015fekilde m\u00fc\u015fterimize ula\u015fmas\u0131n\u0131 sa\u011flamak en b\u00fcy\u00fck \u00f6nceliklerimizden biridir.<\/p>\t\t\t\t\t\t\t\t<\/div>\n\t\t\t\t<\/div>\n\t\t\t\t<\/div>\n\t\t\t\t\t<\/div>\n\t\t\t\t<\/div>\n\t\t\t\t\t<\/div>\n\t\t<\/div>\n\t\t\t\t\t<\/div>\n\t\t<\/section>\n\t\t\t\t<\/div>\n\t\t","protected":false},"excerpt":{"rendered":"<p>Geli\u015fmi\u015f lojistik ve nakliye y\u00f6netimi sayesinde \u00fcr\u00fcnler ve malzemeler, tedarik\u00e7iden m\u00fc\u015fteriye h\u0131zl\u0131 ve g\u00fcvenilir bir \u015fekilde ta\u015f\u0131nabilmektedir. Ger\u00e7ek zamanl\u0131 izleme ve veri analizi, sevkiyat\u0131n etkin takibini<span class=\"excerpt-hellip\"> [\u2026]<\/span><\/p>\n","protected":false},"author":2,"featured_media":0,"parent":0,"menu_order":0,"comment_status":"closed","ping_status":"closed","template":"","meta":{"footnotes":""},"class_list":["post-776","page","type-page","status-publish","hentry"],"yoast_head":"<!-- This site is optimized with the Yoast SEO plugin v26.1.1 - https:\/\/yoast.com\/wordpress\/plugins\/seo\/ -->\n<title>SEVK\u0130YAT - Akilsan Makine ve Yaz\u0131l\u0131m | Logo \u0130\u015f Orta\u011f\u0131<\/title>\n<meta name=\"robots\" content=\"index, follow, max-snippet:-1, max-image-preview:large, max-video-preview:-1\" \/>\n<link rel=\"canonical\" href=\"http:\/\/www.akilsan.com\/index.php\/sevkiyat\/\" \/>\n<meta property=\"og:locale\" content=\"tr_TR\" \/>\n<meta property=\"og:type\" content=\"article\" \/>\n<meta property=\"og:title\" content=\"SEVK\u0130YAT - Akilsan Makine ve Yaz\u0131l\u0131m | Logo \u0130\u015f Orta\u011f\u0131\" \/>\n<meta property=\"og:description\" content=\"Geli\u015fmi\u015f lojistik ve nakliye y\u00f6netimi sayesinde \u00fcr\u00fcnler ve malzemeler, tedarik\u00e7iden m\u00fc\u015fteriye h\u0131zl\u0131 ve g\u00fcvenilir bir \u015fekilde ta\u015f\u0131nabilmektedir. Ger\u00e7ek zamanl\u0131 izleme ve veri analizi, sevkiyat\u0131n etkin takibini [\u2026]\" \/>\n<meta property=\"og:url\" content=\"http:\/\/www.akilsan.com\/index.php\/sevkiyat\/\" \/>\n<meta property=\"og:site_name\" content=\"Akilsan Makine ve Yaz\u0131l\u0131m | Logo \u0130\u015f Orta\u011f\u0131\" \/>\n<meta property=\"article:modified_time\" content=\"2025-10-14T08:16:03+00:00\" \/>\n<meta property=\"og:image\" content=\"https:\/\/www.akilsan.com\/wp-content\/uploads\/2023\/12\/anasayfasevkiyat.webp\" \/>\n\t<meta property=\"og:image:width\" content=\"600\" \/>\n\t<meta property=\"og:image:height\" content=\"400\" \/>\n\t<meta property=\"og:image:type\" content=\"image\/webp\" \/>\n<meta name=\"twitter:card\" content=\"summary_large_image\" \/>\n<meta name=\"twitter:label1\" content=\"Tahmini okuma s\u00fcresi\" \/>\n\t<meta name=\"twitter:data1\" content=\"2 dakika\" \/>\n<script type=\"application\/ld+json\" class=\"yoast-schema-graph\">{\"@context\":\"https:\/\/schema.org\",\"@graph\":[{\"@type\":\"WebPage\",\"@id\":\"http:\/\/www.akilsan.com\/index.php\/sevkiyat\/\",\"url\":\"http:\/\/www.akilsan.com\/index.php\/sevkiyat\/\",\"name\":\"SEVK\u0130YAT - Akilsan Makine ve Yaz\u0131l\u0131m | Logo \u0130\u015f Orta\u011f\u0131\",\"isPartOf\":{\"@id\":\"http:\/\/www.akilsan.com\/#website\"},\"primaryImageOfPage\":{\"@id\":\"http:\/\/www.akilsan.com\/index.php\/sevkiyat\/#primaryimage\"},\"image\":{\"@id\":\"http:\/\/www.akilsan.com\/index.php\/sevkiyat\/#primaryimage\"},\"thumbnailUrl\":\"http:\/\/www.akilsan.com\/wp-content\/uploads\/2023\/12\/anasayfasevkiyat.webp\",\"datePublished\":\"2023-12-14T13:54:09+00:00\",\"dateModified\":\"2025-10-14T08:16:03+00:00\",\"breadcrumb\":{\"@id\":\"http:\/\/www.akilsan.com\/index.php\/sevkiyat\/#breadcrumb\"},\"inLanguage\":\"tr\",\"potentialAction\":[{\"@type\":\"ReadAction\",\"target\":[\"http:\/\/www.akilsan.com\/index.php\/sevkiyat\/\"]}]},{\"@type\":\"ImageObject\",\"inLanguage\":\"tr\",\"@id\":\"http:\/\/www.akilsan.com\/index.php\/sevkiyat\/#primaryimage\",\"url\":\"https:\/\/www.akilsan.com\/wp-content\/uploads\/2023\/12\/anasayfasevkiyat.webp\",\"contentUrl\":\"https:\/\/www.akilsan.com\/wp-content\/uploads\/2023\/12\/anasayfasevkiyat.webp\",\"width\":600,\"height\":400,\"caption\":\"anasayfasevkiyat,\"},{\"@type\":\"BreadcrumbList\",\"@id\":\"http:\/\/www.akilsan.com\/index.php\/sevkiyat\/#breadcrumb\",\"itemListElement\":[{\"@type\":\"ListItem\",\"position\":1,\"name\":\"Anasayfa\",\"item\":\"https:\/\/www.akilsan.com\/\"},{\"@type\":\"ListItem\",\"position\":2,\"name\":\"SEVK\u0130YAT\"}]},{\"@type\":\"WebSite\",\"@id\":\"http:\/\/www.akilsan.com\/#website\",\"url\":\"http:\/\/www.akilsan.com\/\",\"name\":\"Akilsan Makine ve Yaz\u0131l\u0131m | Logo \u0130\u015f Orta\u011f\u0131\",\"description\":\"\",\"publisher\":{\"@id\":\"http:\/\/www.akilsan.com\/#organization\"},\"potentialAction\":[{\"@type\":\"SearchAction\",\"target\":{\"@type\":\"EntryPoint\",\"urlTemplate\":\"http:\/\/www.akilsan.com\/?s={search_term_string}\"},\"query-input\":{\"@type\":\"PropertyValueSpecification\",\"valueRequired\":true,\"valueName\":\"search_term_string\"}}],\"inLanguage\":\"tr\"},{\"@type\":\"Organization\",\"@id\":\"http:\/\/www.akilsan.com\/#organization\",\"name\":\"Akilsan Makine ve Yaz\u0131l\u0131m | Logo \u0130\u015f Orta\u011f\u0131\",\"url\":\"http:\/\/www.akilsan.com\/\",\"logo\":{\"@type\":\"ImageObject\",\"inLanguage\":\"tr\",\"@id\":\"http:\/\/www.akilsan.com\/#\/schema\/logo\/image\/\",\"url\":\"https:\/\/www.akilsan.com\/wp-content\/uploads\/2023\/12\/logo.png\",\"contentUrl\":\"https:\/\/www.akilsan.com\/wp-content\/uploads\/2023\/12\/logo.png\",\"width\":923,\"height\":251,\"caption\":\"Akilsan Makine ve Yaz\u0131l\u0131m | Logo \u0130\u015f Orta\u011f\u0131\"},\"image\":{\"@id\":\"http:\/\/www.akilsan.com\/#\/schema\/logo\/image\/\"}}]}<\/script>\n<!-- \/ Yoast SEO plugin. -->","yoast_head_json":{"title":"SEVK\u0130YAT - Akilsan Makine ve Yaz\u0131l\u0131m | Logo \u0130\u015f Orta\u011f\u0131","robots":{"index":"index","follow":"follow","max-snippet":"max-snippet:-1","max-image-preview":"max-image-preview:large","max-video-preview":"max-video-preview:-1"},"canonical":"http:\/\/www.akilsan.com\/index.php\/sevkiyat\/","og_locale":"tr_TR","og_type":"article","og_title":"SEVK\u0130YAT - Akilsan Makine ve Yaz\u0131l\u0131m | Logo \u0130\u015f Orta\u011f\u0131","og_description":"Geli\u015fmi\u015f lojistik ve nakliye y\u00f6netimi sayesinde \u00fcr\u00fcnler ve malzemeler, tedarik\u00e7iden m\u00fc\u015fteriye h\u0131zl\u0131 ve g\u00fcvenilir bir \u015fekilde ta\u015f\u0131nabilmektedir. Ger\u00e7ek zamanl\u0131 izleme ve veri analizi, sevkiyat\u0131n etkin takibini [\u2026]","og_url":"http:\/\/www.akilsan.com\/index.php\/sevkiyat\/","og_site_name":"Akilsan Makine ve Yaz\u0131l\u0131m | Logo \u0130\u015f Orta\u011f\u0131","article_modified_time":"2025-10-14T08:16:03+00:00","og_image":[{"width":600,"height":400,"url":"https:\/\/www.akilsan.com\/wp-content\/uploads\/2023\/12\/anasayfasevkiyat.webp","type":"image\/webp"}],"twitter_card":"summary_large_image","twitter_misc":{"Tahmini okuma s\u00fcresi":"2 dakika"},"schema":{"@context":"https:\/\/schema.org","@graph":[{"@type":"WebPage","@id":"http:\/\/www.akilsan.com\/index.php\/sevkiyat\/","url":"http:\/\/www.akilsan.com\/index.php\/sevkiyat\/","name":"SEVK\u0130YAT - Akilsan Makine ve Yaz\u0131l\u0131m | Logo \u0130\u015f Orta\u011f\u0131","isPartOf":{"@id":"http:\/\/www.akilsan.com\/#website"},"primaryImageOfPage":{"@id":"http:\/\/www.akilsan.com\/index.php\/sevkiyat\/#primaryimage"},"image":{"@id":"http:\/\/www.akilsan.com\/index.php\/sevkiyat\/#primaryimage"},"thumbnailUrl":"http:\/\/www.akilsan.com\/wp-content\/uploads\/2023\/12\/anasayfasevkiyat.webp","datePublished":"2023-12-14T13:54:09+00:00","dateModified":"2025-10-14T08:16:03+00:00","breadcrumb":{"@id":"http:\/\/www.akilsan.com\/index.php\/sevkiyat\/#breadcrumb"},"inLanguage":"tr","potentialAction":[{"@type":"ReadAction","target":["http:\/\/www.akilsan.com\/index.php\/sevkiyat\/"]}]},{"@type":"ImageObject","inLanguage":"tr","@id":"http:\/\/www.akilsan.com\/index.php\/sevkiyat\/#primaryimage","url":"https:\/\/www.akilsan.com\/wp-content\/uploads\/2023\/12\/anasayfasevkiyat.webp","contentUrl":"https:\/\/www.akilsan.com\/wp-content\/uploads\/2023\/12\/anasayfasevkiyat.webp","width":600,"height":400,"caption":"anasayfasevkiyat,"},{"@type":"BreadcrumbList","@id":"http:\/\/www.akilsan.com\/index.php\/sevkiyat\/#breadcrumb","itemListElement":[{"@type":"ListItem","position":1,"name":"Anasayfa","item":"https:\/\/www.akilsan.com\/"},{"@type":"ListItem","position":2,"name":"SEVK\u0130YAT"}]},{"@type":"WebSite","@id":"http:\/\/www.akilsan.com\/#website","url":"http:\/\/www.akilsan.com\/","name":"Akilsan Makine ve Yaz\u0131l\u0131m | Logo \u0130\u015f Orta\u011f\u0131","description":"","publisher":{"@id":"http:\/\/www.akilsan.com\/#organization"},"potentialAction":[{"@type":"SearchAction","target":{"@type":"EntryPoint","urlTemplate":"http:\/\/www.akilsan.com\/?s={search_term_string}"},"query-input":{"@type":"PropertyValueSpecification","valueRequired":true,"valueName":"search_term_string"}}],"inLanguage":"tr"},{"@type":"Organization","@id":"http:\/\/www.akilsan.com\/#organization","name":"Akilsan Makine ve Yaz\u0131l\u0131m | Logo \u0130\u015f Orta\u011f\u0131","url":"http:\/\/www.akilsan.com\/","logo":{"@type":"ImageObject","inLanguage":"tr","@id":"http:\/\/www.akilsan.com\/#\/schema\/logo\/image\/","url":"https:\/\/www.akilsan.com\/wp-content\/uploads\/2023\/12\/logo.png","contentUrl":"https:\/\/www.akilsan.com\/wp-content\/uploads\/2023\/12\/logo.png","width":923,"height":251,"caption":"Akilsan Makine ve Yaz\u0131l\u0131m | Logo \u0130\u015f Orta\u011f\u0131"},"image":{"@id":"http:\/\/www.akilsan.com\/#\/schema\/logo\/image\/"}}]}},"_links":{"self":[{"href":"https:\/\/www.akilsan.com\/index.php\/wp-json\/wp\/v2\/pages\/776","targetHints":{"allow":["GET"]}}],"collection":[{"href":"https:\/\/www.akilsan.com\/index.php\/wp-json\/wp\/v2\/pages"}],"about":[{"href":"https:\/\/www.akilsan.com\/index.php\/wp-json\/wp\/v2\/types\/page"}],"author":[{"embeddable":true,"href":"https:\/\/www.akilsan.com\/index.php\/wp-json\/wp\/v2\/users\/2"}],"replies":[{"embeddable":true,"href":"https:\/\/www.akilsan.com\/index.php\/wp-json\/wp\/v2\/comments?post=776"}],"version-history":[{"count":19,"href":"https:\/\/www.akilsan.com\/index.php\/wp-json\/wp\/v2\/pages\/776\/revisions"}],"predecessor-version":[{"id":2444,"href":"https:\/\/www.akilsan.com\/index.php\/wp-json\/wp\/v2\/pages\/776\/revisions\/2444"}],"wp:attachment":[{"href":"https:\/\/www.akilsan.com\/index.php\/wp-json\/wp\/v2\/media?parent=776"}],"curies":[{"name":"wp","href":"https:\/\/api.w.org\/{rel}","templated":true}]}}