{"id":82,"date":"2023-12-07T15:02:42","date_gmt":"2023-12-07T12:02:42","guid":{"rendered":"http:\/\/www.akilsan.com\/?page_id=82"},"modified":"2025-06-11T08:35:43","modified_gmt":"2025-06-11T05:35:43","slug":"sertifikalarimiz","status":"publish","type":"page","link":"https:\/\/www.akilsan.com\/index.php\/sertifikalarimiz\/","title":{"rendered":"SERT\u0130F\u0130KALARIMIZ"},"content":{"rendered":"\t\t<div data-elementor-type=\"wp-page\" data-elementor-id=\"82\" class=\"elementor elementor-82\">\n\t\t\t\t<div class=\"elementor-element elementor-element-f96a4d9 e-flex e-con-boxed e-con e-parent\" data-id=\"f96a4d9\" data-element_type=\"container\">\n\t\t\t\t\t<div class=\"e-con-inner\">\n\t\t<div class=\"elementor-element elementor-element-2079ba4 e-con-full e-flex e-con e-child\" data-id=\"2079ba4\" data-element_type=\"container\">\n\t\t\t\t<\/div>\n\t\t<div class=\"elementor-element elementor-element-27cd35f e-con-full e-flex e-con e-child\" data-id=\"27cd35f\" data-element_type=\"container\">\n\t\t\t\t<\/div>\n\t\t<div class=\"elementor-element elementor-element-b2de0b6 e-con-full e-flex e-con e-child\" data-id=\"b2de0b6\" data-element_type=\"container\">\n\t\t\t\t<\/div>\n\t\t<div class=\"elementor-element elementor-element-a129506 e-con-full e-flex e-con e-child\" data-id=\"a129506\" data-element_type=\"container\">\n\t\t\t\t<\/div>\n\t\t<div class=\"elementor-element elementor-element-fc10afd e-con-full e-flex e-con e-child\" data-id=\"fc10afd\" data-element_type=\"container\">\n\t\t\t\t<div class=\"elementor-element elementor-element-442de40 elementor-widget elementor-widget-image\" data-id=\"442de40\" data-element_type=\"widget\" data-widget_type=\"image.default\">\n\t\t\t\t<div class=\"elementor-widget-container\">\n\t\t\t\t\t\t\t\t\t\t\t\t\t\t\t\t<a href=\"https:\/\/www.akilsan.com\/wp-content\/uploads\/2025\/06\/ISO-45001.png\" data-elementor-open-lightbox=\"yes\" data-elementor-lightbox-title=\"ISO-45001\" data-e-action-hash=\"#elementor-action%3Aaction%3Dlightbox%26settings%3DeyJpZCI6MjIwOSwidXJsIjoiaHR0cHM6XC9cL3d3dy5ha2lsc2FuLmNvbVwvd3AtY29udGVudFwvdXBsb2Fkc1wvMjAyNVwvMDZcL0lTTy00NTAwMS5wbmcifQ%3D%3D\">\n\t\t\t\t\t\t\t<img fetchpriority=\"high\" decoding=\"async\" width=\"848\" height=\"1200\" src=\"https:\/\/www.akilsan.com\/wp-content\/uploads\/2025\/06\/ISO-45001-848x1200.png\" class=\"attachment-large size-large wp-image-2209\" alt=\"\" srcset=\"https:\/\/www.akilsan.com\/wp-content\/uploads\/2025\/06\/ISO-45001-848x1200.png 848w, https:\/\/www.akilsan.com\/wp-content\/uploads\/2025\/06\/ISO-45001-354x500.png 354w, https:\/\/www.akilsan.com\/wp-content\/uploads\/2025\/06\/ISO-45001-212x300.png 212w, https:\/\/www.akilsan.com\/wp-content\/uploads\/2025\/06\/ISO-45001-768x1086.png 768w, https:\/\/www.akilsan.com\/wp-content\/uploads\/2025\/06\/ISO-45001-53x75.png 53w, https:\/\/www.akilsan.com\/wp-content\/uploads\/2025\/06\/ISO-45001-480x679.png 480w, https:\/\/www.akilsan.com\/wp-content\/uploads\/2025\/06\/ISO-45001-800x1131.png 800w, https:\/\/www.akilsan.com\/wp-content\/uploads\/2025\/06\/ISO-45001.png 992w\" sizes=\"(max-width:767px) 480px, (max-width:848px) 100vw, 848px\" \/>\t\t\t\t\t\t\t\t<\/a>\n\t\t\t\t\t\t\t\t\t\t\t\t\t\t\t<\/div>\n\t\t\t\t<\/div>\n\t\t\t\t<\/div>\n\t\t<div class=\"elementor-element elementor-element-abc02eb e-con-full e-flex e-con e-child\" data-id=\"abc02eb\" data-element_type=\"container\">\n\t\t\t\t<\/div>\n\t\t\t\t\t<\/div>\n\t\t\t\t<\/div>\n\t\t<div class=\"elementor-element elementor-element-17cc1d9 e-flex e-con-boxed e-con e-parent\" data-id=\"17cc1d9\" data-element_type=\"container\">\n\t\t\t\t\t<div class=\"e-con-inner\">\n\t\t<div class=\"elementor-element elementor-element-0399e3c e-con-full e-flex e-con e-child\" data-id=\"0399e3c\" data-element_type=\"container\">\n\t\t\t\t<div class=\"elementor-element elementor-element-014cd1d elementor-widget elementor-widget-image\" data-id=\"014cd1d\" data-element_type=\"widget\" data-widget_type=\"image.default\">\n\t\t\t\t<div class=\"elementor-widget-container\">\n\t\t\t\t\t\t\t\t\t\t\t\t\t\t\t\t<a href=\"https:\/\/www.akilsan.com\/wp-content\/uploads\/2025\/06\/ISO-9001.jpg\" data-elementor-open-lightbox=\"yes\" data-elementor-lightbox-title=\"ISO-9001\" data-e-action-hash=\"#elementor-action%3Aaction%3Dlightbox%26settings%3DeyJpZCI6MjIwMSwidXJsIjoiaHR0cHM6XC9cL3d3dy5ha2lsc2FuLmNvbVwvd3AtY29udGVudFwvdXBsb2Fkc1wvMjAyNVwvMDZcL0lTTy05MDAxLmpwZyJ9\">\n\t\t\t\t\t\t\t<img decoding=\"async\" width=\"843\" height=\"1200\" src=\"https:\/\/www.akilsan.com\/wp-content\/uploads\/2025\/06\/ISO-9001-843x1200.jpg\" class=\"attachment-large size-large wp-image-2201\" alt=\"\" srcset=\"https:\/\/www.akilsan.com\/wp-content\/uploads\/2025\/06\/ISO-9001-843x1200.jpg 843w, https:\/\/www.akilsan.com\/wp-content\/uploads\/2025\/06\/ISO-9001-351x500.jpg 351w, https:\/\/www.akilsan.com\/wp-content\/uploads\/2025\/06\/ISO-9001-211x300.jpg 211w, https:\/\/www.akilsan.com\/wp-content\/uploads\/2025\/06\/ISO-9001-768x1093.jpg 768w, https:\/\/www.akilsan.com\/wp-content\/uploads\/2025\/06\/ISO-9001-1079x1536.jpg 1079w, https:\/\/www.akilsan.com\/wp-content\/uploads\/2025\/06\/ISO-9001-53x75.jpg 53w, https:\/\/www.akilsan.com\/wp-content\/uploads\/2025\/06\/ISO-9001-480x683.jpg 480w, https:\/\/www.akilsan.com\/wp-content\/uploads\/2025\/06\/ISO-9001-800x1139.jpg 800w, https:\/\/www.akilsan.com\/wp-content\/uploads\/2025\/06\/ISO-9001.jpg 1124w\" sizes=\"(max-width:767px) 480px, (max-width:843px) 100vw, 843px\" \/>\t\t\t\t\t\t\t\t<\/a>\n\t\t\t\t\t\t\t\t\t\t\t\t\t\t\t<\/div>\n\t\t\t\t<\/div>\n\t\t\t\t<\/div>\n\t\t<div class=\"elementor-element elementor-element-a7d4a56 e-con-full e-flex e-con e-child\" data-id=\"a7d4a56\" data-element_type=\"container\">\n\t\t\t\t<div class=\"elementor-element elementor-element-e791c8d elementor-widget elementor-widget-image\" data-id=\"e791c8d\" data-element_type=\"widget\" data-widget_type=\"image.default\">\n\t\t\t\t<div class=\"elementor-widget-container\">\n\t\t\t\t\t\t\t\t\t\t\t\t\t\t\t\t<a href=\"https:\/\/www.akilsan.com\/wp-content\/uploads\/2025\/06\/ISO-14001.jpg\" data-elementor-open-lightbox=\"yes\" data-elementor-lightbox-title=\"ISO-14001\" data-e-action-hash=\"#elementor-action%3Aaction%3Dlightbox%26settings%3DeyJpZCI6MjIwMiwidXJsIjoiaHR0cHM6XC9cL3d3dy5ha2lsc2FuLmNvbVwvd3AtY29udGVudFwvdXBsb2Fkc1wvMjAyNVwvMDZcL0lTTy0xNDAwMS5qcGcifQ%3D%3D\">\n\t\t\t\t\t\t\t<img decoding=\"async\" width=\"839\" height=\"1200\" src=\"https:\/\/www.akilsan.com\/wp-content\/uploads\/2025\/06\/ISO-14001-839x1200.jpg\" class=\"attachment-large size-large wp-image-2202\" alt=\"\" srcset=\"https:\/\/www.akilsan.com\/wp-content\/uploads\/2025\/06\/ISO-14001-839x1200.jpg 839w, https:\/\/www.akilsan.com\/wp-content\/uploads\/2025\/06\/ISO-14001-349x500.jpg 349w, https:\/\/www.akilsan.com\/wp-content\/uploads\/2025\/06\/ISO-14001-210x300.jpg 210w, https:\/\/www.akilsan.com\/wp-content\/uploads\/2025\/06\/ISO-14001-768x1099.jpg 768w, https:\/\/www.akilsan.com\/wp-content\/uploads\/2025\/06\/ISO-14001-1073x1536.jpg 1073w, https:\/\/www.akilsan.com\/wp-content\/uploads\/2025\/06\/ISO-14001-52x75.jpg 52w, https:\/\/www.akilsan.com\/wp-content\/uploads\/2025\/06\/ISO-14001-480x687.jpg 480w, https:\/\/www.akilsan.com\/wp-content\/uploads\/2025\/06\/ISO-14001-800x1145.jpg 800w, https:\/\/www.akilsan.com\/wp-content\/uploads\/2025\/06\/ISO-14001.jpg 1118w\" sizes=\"(max-width:767px) 480px, (max-width:839px) 100vw, 839px\" \/>\t\t\t\t\t\t\t\t<\/a>\n\t\t\t\t\t\t\t\t\t\t\t\t\t\t\t<\/div>\n\t\t\t\t<\/div>\n\t\t\t\t<\/div>\n\t\t<div class=\"elementor-element elementor-element-95e8706 e-con-full e-flex e-con e-child\" data-id=\"95e8706\" data-element_type=\"container\">\n\t\t\t\t<div class=\"elementor-element elementor-element-0a8bf2a elementor-widget elementor-widget-image\" data-id=\"0a8bf2a\" data-element_type=\"widget\" data-widget_type=\"image.default\">\n\t\t\t\t<div class=\"elementor-widget-container\">\n\t\t\t\t\t\t\t\t\t\t\t\t\t\t\t\t<a href=\"https:\/\/www.akilsan.com\/wp-content\/uploads\/2025\/06\/ISO-27001.jpg\" data-elementor-open-lightbox=\"yes\" data-elementor-lightbox-title=\"ISO-27001\" data-e-action-hash=\"#elementor-action%3Aaction%3Dlightbox%26settings%3DeyJpZCI6MjIwMywidXJsIjoiaHR0cHM6XC9cL3d3dy5ha2lsc2FuLmNvbVwvd3AtY29udGVudFwvdXBsb2Fkc1wvMjAyNVwvMDZcL0lTTy0yNzAwMS5qcGcifQ%3D%3D\">\n\t\t\t\t\t\t\t<img loading=\"lazy\" decoding=\"async\" width=\"828\" height=\"1200\" src=\"https:\/\/www.akilsan.com\/wp-content\/uploads\/2025\/06\/ISO-27001-828x1200.jpg\" class=\"attachment-large size-large wp-image-2203\" alt=\"\" srcset=\"https:\/\/www.akilsan.com\/wp-content\/uploads\/2025\/06\/ISO-27001-828x1200.jpg 828w, https:\/\/www.akilsan.com\/wp-content\/uploads\/2025\/06\/ISO-27001-345x500.jpg 345w, https:\/\/www.akilsan.com\/wp-content\/uploads\/2025\/06\/ISO-27001-207x300.jpg 207w, https:\/\/www.akilsan.com\/wp-content\/uploads\/2025\/06\/ISO-27001-768x1113.jpg 768w, https:\/\/www.akilsan.com\/wp-content\/uploads\/2025\/06\/ISO-27001-1060x1536.jpg 1060w, https:\/\/www.akilsan.com\/wp-content\/uploads\/2025\/06\/ISO-27001-52x75.jpg 52w, https:\/\/www.akilsan.com\/wp-content\/uploads\/2025\/06\/ISO-27001-480x696.jpg 480w, https:\/\/www.akilsan.com\/wp-content\/uploads\/2025\/06\/ISO-27001-800x1159.jpg 800w, https:\/\/www.akilsan.com\/wp-content\/uploads\/2025\/06\/ISO-27001.jpg 1104w\" sizes=\"(max-width:767px) 480px, (max-width:828px) 100vw, 828px\" \/>\t\t\t\t\t\t\t\t<\/a>\n\t\t\t\t\t\t\t\t\t\t\t\t\t\t\t<\/div>\n\t\t\t\t<\/div>\n\t\t\t\t<\/div>\n\t\t<div class=\"elementor-element elementor-element-2c54783 e-con-full e-flex e-con e-child\" data-id=\"2c54783\" data-element_type=\"container\">\n\t\t\t\t<div class=\"elementor-element elementor-element-8ec3397 elementor-widget elementor-widget-image\" data-id=\"8ec3397\" data-element_type=\"widget\" data-widget_type=\"image.default\">\n\t\t\t\t<div class=\"elementor-widget-container\">\n\t\t\t\t\t\t\t\t\t\t\t\t\t\t\t\t<a href=\"https:\/\/www.akilsan.com\/wp-content\/uploads\/2025\/06\/LOGO-GO-3-SERTIFIKASI.jpg\" data-elementor-open-lightbox=\"yes\" data-elementor-lightbox-title=\"LOGO-GO-3-SERTIFIKASI\" data-e-action-hash=\"#elementor-action%3Aaction%3Dlightbox%26settings%3DeyJpZCI6MjE5OCwidXJsIjoiaHR0cHM6XC9cL3d3dy5ha2lsc2FuLmNvbVwvd3AtY29udGVudFwvdXBsb2Fkc1wvMjAyNVwvMDZcL0xPR08tR08tMy1TRVJUSUZJS0FTSS5qcGcifQ%3D%3D\">\n\t\t\t\t\t\t\t<img loading=\"lazy\" decoding=\"async\" width=\"716\" height=\"530\" src=\"https:\/\/www.akilsan.com\/wp-content\/uploads\/2025\/06\/LOGO-GO-3-SERTIFIKASI.jpg\" class=\"attachment-large size-large wp-image-2198\" alt=\"\" srcset=\"https:\/\/www.akilsan.com\/wp-content\/uploads\/2025\/06\/LOGO-GO-3-SERTIFIKASI.jpg 716w, https:\/\/www.akilsan.com\/wp-content\/uploads\/2025\/06\/LOGO-GO-3-SERTIFIKASI-500x370.jpg 500w, https:\/\/www.akilsan.com\/wp-content\/uploads\/2025\/06\/LOGO-GO-3-SERTIFIKASI-300x222.jpg 300w, https:\/\/www.akilsan.com\/wp-content\/uploads\/2025\/06\/LOGO-GO-3-SERTIFIKASI-101x75.jpg 101w, https:\/\/www.akilsan.com\/wp-content\/uploads\/2025\/06\/LOGO-GO-3-SERTIFIKASI-480x355.jpg 480w\" sizes=\"(max-width:767px) 480px, 716px\" \/>\t\t\t\t\t\t\t\t<\/a>\n\t\t\t\t\t\t\t\t\t\t\t\t\t\t\t<\/div>\n\t\t\t\t<\/div>\n\t\t\t\t<\/div>\n\t\t<div class=\"elementor-element elementor-element-4d8a29e e-con-full e-flex e-con e-child\" data-id=\"4d8a29e\" data-element_type=\"container\">\n\t\t\t\t<div class=\"elementor-element elementor-element-5ad74ee elementor-widget elementor-widget-image\" data-id=\"5ad74ee\" data-element_type=\"widget\" data-widget_type=\"image.default\">\n\t\t\t\t<div class=\"elementor-widget-container\">\n\t\t\t\t\t\t\t\t\t\t\t\t\t\t\t\t<a href=\"https:\/\/www.akilsan.com\/wp-content\/uploads\/2025\/06\/LOGO-TIGER-3-SERTIFIKASI.jpg\" data-elementor-open-lightbox=\"yes\" data-elementor-lightbox-title=\"LOGO-TIGER-3-SERTIFIKASI\" data-e-action-hash=\"#elementor-action%3Aaction%3Dlightbox%26settings%3DeyJpZCI6MjE5OSwidXJsIjoiaHR0cHM6XC9cL3d3dy5ha2lsc2FuLmNvbVwvd3AtY29udGVudFwvdXBsb2Fkc1wvMjAyNVwvMDZcL0xPR08tVElHRVItMy1TRVJUSUZJS0FTSS5qcGcifQ%3D%3D\">\n\t\t\t\t\t\t\t<img loading=\"lazy\" decoding=\"async\" width=\"712\" height=\"530\" src=\"https:\/\/www.akilsan.com\/wp-content\/uploads\/2025\/06\/LOGO-TIGER-3-SERTIFIKASI.jpg\" class=\"attachment-large size-large wp-image-2199\" alt=\"\" srcset=\"https:\/\/www.akilsan.com\/wp-content\/uploads\/2025\/06\/LOGO-TIGER-3-SERTIFIKASI.jpg 712w, https:\/\/www.akilsan.com\/wp-content\/uploads\/2025\/06\/LOGO-TIGER-3-SERTIFIKASI-500x372.jpg 500w, https:\/\/www.akilsan.com\/wp-content\/uploads\/2025\/06\/LOGO-TIGER-3-SERTIFIKASI-300x223.jpg 300w, https:\/\/www.akilsan.com\/wp-content\/uploads\/2025\/06\/LOGO-TIGER-3-SERTIFIKASI-101x75.jpg 101w, https:\/\/www.akilsan.com\/wp-content\/uploads\/2025\/06\/LOGO-TIGER-3-SERTIFIKASI-480x357.jpg 480w\" sizes=\"(max-width:767px) 480px, 712px\" \/>\t\t\t\t\t\t\t\t<\/a>\n\t\t\t\t\t\t\t\t\t\t\t\t\t\t\t<\/div>\n\t\t\t\t<\/div>\n\t\t\t\t<\/div>\n\t\t<div class=\"elementor-element elementor-element-c678674 e-con-full e-flex e-con e-child\" data-id=\"c678674\" data-element_type=\"container\">\n\t\t\t\t<div class=\"elementor-element elementor-element-8859007 elementor-widget elementor-widget-image\" data-id=\"8859007\" data-element_type=\"widget\" data-widget_type=\"image.default\">\n\t\t\t\t<div class=\"elementor-widget-container\">\n\t\t\t\t\t\t\t\t\t\t\t\t\t\t\t\t<a href=\"https:\/\/www.akilsan.com\/wp-content\/uploads\/2025\/06\/LOGO-WINDOWS-UYGULAMA-ARACLARI.jpg\" data-elementor-open-lightbox=\"yes\" data-elementor-lightbox-title=\"LOGO-WINDOWS-UYGULAMA-ARACLARI\" data-e-action-hash=\"#elementor-action%3Aaction%3Dlightbox%26settings%3DeyJpZCI6MjIwMCwidXJsIjoiaHR0cHM6XC9cL3d3dy5ha2lsc2FuLmNvbVwvd3AtY29udGVudFwvdXBsb2Fkc1wvMjAyNVwvMDZcL0xPR08tV0lORE9XUy1VWUdVTEFNQS1BUkFDTEFSSS5qcGcifQ%3D%3D\">\n\t\t\t\t\t\t\t<img loading=\"lazy\" decoding=\"async\" width=\"714\" height=\"533\" src=\"https:\/\/www.akilsan.com\/wp-content\/uploads\/2025\/06\/LOGO-WINDOWS-UYGULAMA-ARACLARI.jpg\" class=\"attachment-large size-large wp-image-2200\" alt=\"\" srcset=\"https:\/\/www.akilsan.com\/wp-content\/uploads\/2025\/06\/LOGO-WINDOWS-UYGULAMA-ARACLARI.jpg 714w, https:\/\/www.akilsan.com\/wp-content\/uploads\/2025\/06\/LOGO-WINDOWS-UYGULAMA-ARACLARI-500x373.jpg 500w, https:\/\/www.akilsan.com\/wp-content\/uploads\/2025\/06\/LOGO-WINDOWS-UYGULAMA-ARACLARI-300x224.jpg 300w, https:\/\/www.akilsan.com\/wp-content\/uploads\/2025\/06\/LOGO-WINDOWS-UYGULAMA-ARACLARI-100x75.jpg 100w, https:\/\/www.akilsan.com\/wp-content\/uploads\/2025\/06\/LOGO-WINDOWS-UYGULAMA-ARACLARI-480x358.jpg 480w\" sizes=\"(max-width:767px) 480px, 714px\" \/>\t\t\t\t\t\t\t\t<\/a>\n\t\t\t\t\t\t\t\t\t\t\t\t\t\t\t<\/div>\n\t\t\t\t<\/div>\n\t\t\t\t<\/div>\n\t\t\t\t\t<\/div>\n\t\t\t\t<\/div>\n\t\t<div class=\"elementor-element elementor-element-9c51b44 e-flex e-con-boxed e-con e-parent\" data-id=\"9c51b44\" data-element_type=\"container\">\n\t\t\t\t\t<div class=\"e-con-inner\">\n\t\t\t\t\t<\/div>\n\t\t\t\t<\/div>\n\t\t<div class=\"elementor-element elementor-element-1f8702a e-flex e-con-boxed e-con e-parent\" data-id=\"1f8702a\" data-element_type=\"container\">\n\t\t\t\t\t<div class=\"e-con-inner\">\n\t\t\t\t\t<\/div>\n\t\t\t\t<\/div>\n\t\t\t\t<\/div>\n\t\t","protected":false},"excerpt":{"rendered":"","protected":false},"author":2,"featured_media":0,"parent":0,"menu_order":0,"comment_status":"closed","ping_status":"closed","template":"","meta":{"footnotes":""},"class_list":["post-82","page","type-page","status-publish","hentry"],"yoast_head":"<!-- This site is optimized with the Yoast SEO plugin v26.1.1 - https:\/\/yoast.com\/wordpress\/plugins\/seo\/ -->\n<title>SERT\u0130F\u0130KALARIMIZ - Akilsan Makine ve Yaz\u0131l\u0131m | Logo \u0130\u015f Orta\u011f\u0131<\/title>\n<meta name=\"robots\" content=\"index, follow, max-snippet:-1, max-image-preview:large, max-video-preview:-1\" \/>\n<link rel=\"canonical\" href=\"http:\/\/www.akilsan.com\/index.php\/sertifikalarimiz\/\" \/>\n<meta property=\"og:locale\" content=\"tr_TR\" \/>\n<meta property=\"og:type\" content=\"article\" \/>\n<meta property=\"og:title\" content=\"SERT\u0130F\u0130KALARIMIZ - Akilsan Makine ve Yaz\u0131l\u0131m | Logo \u0130\u015f Orta\u011f\u0131\" \/>\n<meta property=\"og:url\" content=\"http:\/\/www.akilsan.com\/index.php\/sertifikalarimiz\/\" \/>\n<meta property=\"og:site_name\" content=\"Akilsan Makine ve Yaz\u0131l\u0131m | Logo \u0130\u015f Orta\u011f\u0131\" \/>\n<meta property=\"article:modified_time\" content=\"2025-06-11T05:35:43+00:00\" \/>\n<meta property=\"og:image\" content=\"http:\/\/www.akilsan.com\/wp-content\/uploads\/2025\/06\/ISO-45001-848x1200.png\" \/>\n<meta name=\"twitter:card\" content=\"summary_large_image\" \/>\n<meta name=\"twitter:label1\" content=\"Tahmini okuma s\u00fcresi\" \/>\n\t<meta name=\"twitter:data1\" content=\"2 dakika\" \/>\n<script type=\"application\/ld+json\" class=\"yoast-schema-graph\">{\"@context\":\"https:\/\/schema.org\",\"@graph\":[{\"@type\":\"WebPage\",\"@id\":\"http:\/\/www.akilsan.com\/index.php\/sertifikalarimiz\/\",\"url\":\"http:\/\/www.akilsan.com\/index.php\/sertifikalarimiz\/\",\"name\":\"SERT\u0130F\u0130KALARIMIZ - Akilsan Makine ve Yaz\u0131l\u0131m | Logo \u0130\u015f Orta\u011f\u0131\",\"isPartOf\":{\"@id\":\"http:\/\/www.akilsan.com\/#website\"},\"primaryImageOfPage\":{\"@id\":\"http:\/\/www.akilsan.com\/index.php\/sertifikalarimiz\/#primaryimage\"},\"image\":{\"@id\":\"http:\/\/www.akilsan.com\/index.php\/sertifikalarimiz\/#primaryimage\"},\"thumbnailUrl\":\"http:\/\/www.akilsan.com\/wp-content\/uploads\/2025\/06\/ISO-45001-848x1200.png\",\"datePublished\":\"2023-12-07T12:02:42+00:00\",\"dateModified\":\"2025-06-11T05:35:43+00:00\",\"breadcrumb\":{\"@id\":\"http:\/\/www.akilsan.com\/index.php\/sertifikalarimiz\/#breadcrumb\"},\"inLanguage\":\"tr\",\"potentialAction\":[{\"@type\":\"ReadAction\",\"target\":[\"http:\/\/www.akilsan.com\/index.php\/sertifikalarimiz\/\"]}]},{\"@type\":\"ImageObject\",\"inLanguage\":\"tr\",\"@id\":\"http:\/\/www.akilsan.com\/index.php\/sertifikalarimiz\/#primaryimage\",\"url\":\"https:\/\/www.akilsan.com\/wp-content\/uploads\/2025\/06\/ISO-45001.png\",\"contentUrl\":\"https:\/\/www.akilsan.com\/wp-content\/uploads\/2025\/06\/ISO-45001.png\",\"width\":992,\"height\":1403},{\"@type\":\"BreadcrumbList\",\"@id\":\"http:\/\/www.akilsan.com\/index.php\/sertifikalarimiz\/#breadcrumb\",\"itemListElement\":[{\"@type\":\"ListItem\",\"position\":1,\"name\":\"Anasayfa\",\"item\":\"https:\/\/www.akilsan.com\/\"},{\"@type\":\"ListItem\",\"position\":2,\"name\":\"SERT\u0130F\u0130KALARIMIZ\"}]},{\"@type\":\"WebSite\",\"@id\":\"http:\/\/www.akilsan.com\/#website\",\"url\":\"http:\/\/www.akilsan.com\/\",\"name\":\"Akilsan Makine ve Yaz\u0131l\u0131m | Logo \u0130\u015f Orta\u011f\u0131\",\"description\":\"\",\"publisher\":{\"@id\":\"http:\/\/www.akilsan.com\/#organization\"},\"potentialAction\":[{\"@type\":\"SearchAction\",\"target\":{\"@type\":\"EntryPoint\",\"urlTemplate\":\"http:\/\/www.akilsan.com\/?s={search_term_string}\"},\"query-input\":{\"@type\":\"PropertyValueSpecification\",\"valueRequired\":true,\"valueName\":\"search_term_string\"}}],\"inLanguage\":\"tr\"},{\"@type\":\"Organization\",\"@id\":\"http:\/\/www.akilsan.com\/#organization\",\"name\":\"Akilsan Makine ve Yaz\u0131l\u0131m | Logo \u0130\u015f Orta\u011f\u0131\",\"url\":\"http:\/\/www.akilsan.com\/\",\"logo\":{\"@type\":\"ImageObject\",\"inLanguage\":\"tr\",\"@id\":\"http:\/\/www.akilsan.com\/#\/schema\/logo\/image\/\",\"url\":\"https:\/\/www.akilsan.com\/wp-content\/uploads\/2023\/12\/logo.png\",\"contentUrl\":\"https:\/\/www.akilsan.com\/wp-content\/uploads\/2023\/12\/logo.png\",\"width\":923,\"height\":251,\"caption\":\"Akilsan Makine ve Yaz\u0131l\u0131m | Logo \u0130\u015f Orta\u011f\u0131\"},\"image\":{\"@id\":\"http:\/\/www.akilsan.com\/#\/schema\/logo\/image\/\"}}]}<\/script>\n<!-- \/ Yoast SEO plugin. -->","yoast_head_json":{"title":"SERT\u0130F\u0130KALARIMIZ - Akilsan Makine ve Yaz\u0131l\u0131m | Logo \u0130\u015f Orta\u011f\u0131","robots":{"index":"index","follow":"follow","max-snippet":"max-snippet:-1","max-image-preview":"max-image-preview:large","max-video-preview":"max-video-preview:-1"},"canonical":"http:\/\/www.akilsan.com\/index.php\/sertifikalarimiz\/","og_locale":"tr_TR","og_type":"article","og_title":"SERT\u0130F\u0130KALARIMIZ - Akilsan Makine ve Yaz\u0131l\u0131m | Logo \u0130\u015f Orta\u011f\u0131","og_url":"http:\/\/www.akilsan.com\/index.php\/sertifikalarimiz\/","og_site_name":"Akilsan Makine ve Yaz\u0131l\u0131m | Logo \u0130\u015f Orta\u011f\u0131","article_modified_time":"2025-06-11T05:35:43+00:00","og_image":[{"url":"http:\/\/www.akilsan.com\/wp-content\/uploads\/2025\/06\/ISO-45001-848x1200.png","type":"","width":"","height":""}],"twitter_card":"summary_large_image","twitter_misc":{"Tahmini okuma s\u00fcresi":"2 dakika"},"schema":{"@context":"https:\/\/schema.org","@graph":[{"@type":"WebPage","@id":"http:\/\/www.akilsan.com\/index.php\/sertifikalarimiz\/","url":"http:\/\/www.akilsan.com\/index.php\/sertifikalarimiz\/","name":"SERT\u0130F\u0130KALARIMIZ - Akilsan Makine ve Yaz\u0131l\u0131m | Logo \u0130\u015f Orta\u011f\u0131","isPartOf":{"@id":"http:\/\/www.akilsan.com\/#website"},"primaryImageOfPage":{"@id":"http:\/\/www.akilsan.com\/index.php\/sertifikalarimiz\/#primaryimage"},"image":{"@id":"http:\/\/www.akilsan.com\/index.php\/sertifikalarimiz\/#primaryimage"},"thumbnailUrl":"http:\/\/www.akilsan.com\/wp-content\/uploads\/2025\/06\/ISO-45001-848x1200.png","datePublished":"2023-12-07T12:02:42+00:00","dateModified":"2025-06-11T05:35:43+00:00","breadcrumb":{"@id":"http:\/\/www.akilsan.com\/index.php\/sertifikalarimiz\/#breadcrumb"},"inLanguage":"tr","potentialAction":[{"@type":"ReadAction","target":["http:\/\/www.akilsan.com\/index.php\/sertifikalarimiz\/"]}]},{"@type":"ImageObject","inLanguage":"tr","@id":"http:\/\/www.akilsan.com\/index.php\/sertifikalarimiz\/#primaryimage","url":"https:\/\/www.akilsan.com\/wp-content\/uploads\/2025\/06\/ISO-45001.png","contentUrl":"https:\/\/www.akilsan.com\/wp-content\/uploads\/2025\/06\/ISO-45001.png","width":992,"height":1403},{"@type":"BreadcrumbList","@id":"http:\/\/www.akilsan.com\/index.php\/sertifikalarimiz\/#breadcrumb","itemListElement":[{"@type":"ListItem","position":1,"name":"Anasayfa","item":"https:\/\/www.akilsan.com\/"},{"@type":"ListItem","position":2,"name":"SERT\u0130F\u0130KALARIMIZ"}]},{"@type":"WebSite","@id":"http:\/\/www.akilsan.com\/#website","url":"http:\/\/www.akilsan.com\/","name":"Akilsan Makine ve Yaz\u0131l\u0131m | Logo \u0130\u015f Orta\u011f\u0131","description":"","publisher":{"@id":"http:\/\/www.akilsan.com\/#organization"},"potentialAction":[{"@type":"SearchAction","target":{"@type":"EntryPoint","urlTemplate":"http:\/\/www.akilsan.com\/?s={search_term_string}"},"query-input":{"@type":"PropertyValueSpecification","valueRequired":true,"valueName":"search_term_string"}}],"inLanguage":"tr"},{"@type":"Organization","@id":"http:\/\/www.akilsan.com\/#organization","name":"Akilsan Makine ve Yaz\u0131l\u0131m | Logo \u0130\u015f Orta\u011f\u0131","url":"http:\/\/www.akilsan.com\/","logo":{"@type":"ImageObject","inLanguage":"tr","@id":"http:\/\/www.akilsan.com\/#\/schema\/logo\/image\/","url":"https:\/\/www.akilsan.com\/wp-content\/uploads\/2023\/12\/logo.png","contentUrl":"https:\/\/www.akilsan.com\/wp-content\/uploads\/2023\/12\/logo.png","width":923,"height":251,"caption":"Akilsan Makine ve Yaz\u0131l\u0131m | Logo \u0130\u015f Orta\u011f\u0131"},"image":{"@id":"http:\/\/www.akilsan.com\/#\/schema\/logo\/image\/"}}]}},"_links":{"self":[{"href":"https:\/\/www.akilsan.com\/index.php\/wp-json\/wp\/v2\/pages\/82","targetHints":{"allow":["GET"]}}],"collection":[{"href":"https:\/\/www.akilsan.com\/index.php\/wp-json\/wp\/v2\/pages"}],"about":[{"href":"https:\/\/www.akilsan.com\/index.php\/wp-json\/wp\/v2\/types\/page"}],"author":[{"embeddable":true,"href":"https:\/\/www.akilsan.com\/index.php\/wp-json\/wp\/v2\/users\/2"}],"replies":[{"embeddable":true,"href":"https:\/\/www.akilsan.com\/index.php\/wp-json\/wp\/v2\/comments?post=82"}],"version-history":[{"count":74,"href":"https:\/\/www.akilsan.com\/index.php\/wp-json\/wp\/v2\/pages\/82\/revisions"}],"predecessor-version":[{"id":2212,"href":"https:\/\/www.akilsan.com\/index.php\/wp-json\/wp\/v2\/pages\/82\/revisions\/2212"}],"wp:attachment":[{"href":"https:\/\/www.akilsan.com\/index.php\/wp-json\/wp\/v2\/media?parent=82"}],"curies":[{"name":"wp","href":"https:\/\/api.w.org\/{rel}","templated":true}]}}