{"id":84,"date":"2023-12-07T15:05:07","date_gmt":"2023-12-07T12:05:07","guid":{"rendered":"http:\/\/www.akilsan.com\/?page_id=84"},"modified":"2025-10-13T10:12:22","modified_gmt":"2025-10-13T07:12:22","slug":"kalite-politikasi","status":"publish","type":"page","link":"https:\/\/www.akilsan.com\/index.php\/kalite-politikasi\/","title":{"rendered":"KAL\u0130TE POL\u0130T\u0130KASI"},"content":{"rendered":"\t\t<div data-elementor-type=\"wp-page\" data-elementor-id=\"84\" class=\"elementor elementor-84\">\n\t\t\t\t<div class=\"elementor-element elementor-element-77ce6f8 e-flex e-con-boxed e-con e-parent\" data-id=\"77ce6f8\" data-element_type=\"container\">\n\t\t\t\t\t<div class=\"e-con-inner\">\n\t\t\t\t<div class=\"elementor-element elementor-element-b1bd86c elementor-widget elementor-widget-image\" data-id=\"b1bd86c\" data-element_type=\"widget\" data-widget_type=\"image.default\">\n\t\t\t\t<div class=\"elementor-widget-container\">\n\t\t\t\t\t\t\t\t\t\t\t\t\t\t\t\t<a href=\"https:\/\/www.akilsan.com\/wp-content\/uploads\/2023\/12\/kalite_politikasi.pdf\">\n\t\t\t\t\t\t\t<img fetchpriority=\"high\" decoding=\"async\" width=\"382\" height=\"547\" src=\"https:\/\/www.akilsan.com\/wp-content\/uploads\/2023\/12\/kalite.jpg\" class=\"attachment-large size-large wp-image-628\" alt=\"kalite,\" \/>\t\t\t\t\t\t\t\t<\/a>\n\t\t\t\t\t\t\t\t\t\t\t\t\t\t\t<\/div>\n\t\t\t\t<\/div>\n\t\t\t\t\t<\/div>\n\t\t\t\t<\/div>\n\t\t\t\t<\/div>\n\t\t","protected":false},"excerpt":{"rendered":"","protected":false},"author":2,"featured_media":0,"parent":0,"menu_order":0,"comment_status":"closed","ping_status":"closed","template":"","meta":{"footnotes":""},"class_list":["post-84","page","type-page","status-publish","hentry"],"yoast_head":"<!-- This site is optimized with the Yoast SEO plugin v26.1.1 - https:\/\/yoast.com\/wordpress\/plugins\/seo\/ -->\n<title>KAL\u0130TE POL\u0130T\u0130KASI - Akilsan Makine ve Yaz\u0131l\u0131m | Logo \u0130\u015f Orta\u011f\u0131<\/title>\n<meta name=\"robots\" content=\"index, follow, max-snippet:-1, max-image-preview:large, max-video-preview:-1\" \/>\n<link rel=\"canonical\" href=\"http:\/\/www.akilsan.com\/index.php\/kalite-politikasi\/\" \/>\n<meta property=\"og:locale\" content=\"tr_TR\" \/>\n<meta property=\"og:type\" content=\"article\" \/>\n<meta property=\"og:title\" content=\"KAL\u0130TE POL\u0130T\u0130KASI - Akilsan Makine ve Yaz\u0131l\u0131m | Logo \u0130\u015f Orta\u011f\u0131\" \/>\n<meta property=\"og:url\" content=\"http:\/\/www.akilsan.com\/index.php\/kalite-politikasi\/\" \/>\n<meta property=\"og:site_name\" content=\"Akilsan Makine ve Yaz\u0131l\u0131m | Logo \u0130\u015f Orta\u011f\u0131\" \/>\n<meta property=\"article:modified_time\" content=\"2025-10-13T07:12:22+00:00\" \/>\n<meta property=\"og:image\" content=\"http:\/\/www.akilsan.com\/wp-content\/uploads\/2023\/12\/kalite.jpg\" \/>\n<meta name=\"twitter:card\" content=\"summary_large_image\" \/>\n<meta name=\"twitter:label1\" content=\"Tahmini okuma s\u00fcresi\" \/>\n\t<meta name=\"twitter:data1\" content=\"1 dakika\" \/>\n<script type=\"application\/ld+json\" class=\"yoast-schema-graph\">{\"@context\":\"https:\/\/schema.org\",\"@graph\":[{\"@type\":\"WebPage\",\"@id\":\"http:\/\/www.akilsan.com\/index.php\/kalite-politikasi\/\",\"url\":\"http:\/\/www.akilsan.com\/index.php\/kalite-politikasi\/\",\"name\":\"KAL\u0130TE POL\u0130T\u0130KASI - Akilsan Makine ve Yaz\u0131l\u0131m | Logo \u0130\u015f Orta\u011f\u0131\",\"isPartOf\":{\"@id\":\"http:\/\/www.akilsan.com\/#website\"},\"primaryImageOfPage\":{\"@id\":\"http:\/\/www.akilsan.com\/index.php\/kalite-politikasi\/#primaryimage\"},\"image\":{\"@id\":\"http:\/\/www.akilsan.com\/index.php\/kalite-politikasi\/#primaryimage\"},\"thumbnailUrl\":\"http:\/\/www.akilsan.com\/wp-content\/uploads\/2023\/12\/kalite.jpg\",\"datePublished\":\"2023-12-07T12:05:07+00:00\",\"dateModified\":\"2025-10-13T07:12:22+00:00\",\"breadcrumb\":{\"@id\":\"http:\/\/www.akilsan.com\/index.php\/kalite-politikasi\/#breadcrumb\"},\"inLanguage\":\"tr\",\"potentialAction\":[{\"@type\":\"ReadAction\",\"target\":[\"http:\/\/www.akilsan.com\/index.php\/kalite-politikasi\/\"]}]},{\"@type\":\"ImageObject\",\"inLanguage\":\"tr\",\"@id\":\"http:\/\/www.akilsan.com\/index.php\/kalite-politikasi\/#primaryimage\",\"url\":\"https:\/\/www.akilsan.com\/wp-content\/uploads\/2023\/12\/kalite.jpg\",\"contentUrl\":\"https:\/\/www.akilsan.com\/wp-content\/uploads\/2023\/12\/kalite.jpg\",\"width\":382,\"height\":547,\"caption\":\"kalite,\"},{\"@type\":\"BreadcrumbList\",\"@id\":\"http:\/\/www.akilsan.com\/index.php\/kalite-politikasi\/#breadcrumb\",\"itemListElement\":[{\"@type\":\"ListItem\",\"position\":1,\"name\":\"Anasayfa\",\"item\":\"https:\/\/www.akilsan.com\/\"},{\"@type\":\"ListItem\",\"position\":2,\"name\":\"KAL\u0130TE POL\u0130T\u0130KASI\"}]},{\"@type\":\"WebSite\",\"@id\":\"http:\/\/www.akilsan.com\/#website\",\"url\":\"http:\/\/www.akilsan.com\/\",\"name\":\"Akilsan Makine ve Yaz\u0131l\u0131m | Logo \u0130\u015f Orta\u011f\u0131\",\"description\":\"\",\"publisher\":{\"@id\":\"http:\/\/www.akilsan.com\/#organization\"},\"potentialAction\":[{\"@type\":\"SearchAction\",\"target\":{\"@type\":\"EntryPoint\",\"urlTemplate\":\"http:\/\/www.akilsan.com\/?s={search_term_string}\"},\"query-input\":{\"@type\":\"PropertyValueSpecification\",\"valueRequired\":true,\"valueName\":\"search_term_string\"}}],\"inLanguage\":\"tr\"},{\"@type\":\"Organization\",\"@id\":\"http:\/\/www.akilsan.com\/#organization\",\"name\":\"Akilsan Makine ve Yaz\u0131l\u0131m | Logo \u0130\u015f Orta\u011f\u0131\",\"url\":\"http:\/\/www.akilsan.com\/\",\"logo\":{\"@type\":\"ImageObject\",\"inLanguage\":\"tr\",\"@id\":\"http:\/\/www.akilsan.com\/#\/schema\/logo\/image\/\",\"url\":\"https:\/\/www.akilsan.com\/wp-content\/uploads\/2023\/12\/logo.png\",\"contentUrl\":\"https:\/\/www.akilsan.com\/wp-content\/uploads\/2023\/12\/logo.png\",\"width\":923,\"height\":251,\"caption\":\"Akilsan Makine ve Yaz\u0131l\u0131m | Logo \u0130\u015f Orta\u011f\u0131\"},\"image\":{\"@id\":\"http:\/\/www.akilsan.com\/#\/schema\/logo\/image\/\"}}]}<\/script>\n<!-- \/ Yoast SEO plugin. -->","yoast_head_json":{"title":"KAL\u0130TE POL\u0130T\u0130KASI - Akilsan Makine ve Yaz\u0131l\u0131m | Logo \u0130\u015f Orta\u011f\u0131","robots":{"index":"index","follow":"follow","max-snippet":"max-snippet:-1","max-image-preview":"max-image-preview:large","max-video-preview":"max-video-preview:-1"},"canonical":"http:\/\/www.akilsan.com\/index.php\/kalite-politikasi\/","og_locale":"tr_TR","og_type":"article","og_title":"KAL\u0130TE POL\u0130T\u0130KASI - Akilsan Makine ve Yaz\u0131l\u0131m | Logo \u0130\u015f Orta\u011f\u0131","og_url":"http:\/\/www.akilsan.com\/index.php\/kalite-politikasi\/","og_site_name":"Akilsan Makine ve Yaz\u0131l\u0131m | Logo \u0130\u015f Orta\u011f\u0131","article_modified_time":"2025-10-13T07:12:22+00:00","og_image":[{"url":"http:\/\/www.akilsan.com\/wp-content\/uploads\/2023\/12\/kalite.jpg","type":"","width":"","height":""}],"twitter_card":"summary_large_image","twitter_misc":{"Tahmini okuma s\u00fcresi":"1 dakika"},"schema":{"@context":"https:\/\/schema.org","@graph":[{"@type":"WebPage","@id":"http:\/\/www.akilsan.com\/index.php\/kalite-politikasi\/","url":"http:\/\/www.akilsan.com\/index.php\/kalite-politikasi\/","name":"KAL\u0130TE POL\u0130T\u0130KASI - Akilsan Makine ve Yaz\u0131l\u0131m | Logo \u0130\u015f Orta\u011f\u0131","isPartOf":{"@id":"http:\/\/www.akilsan.com\/#website"},"primaryImageOfPage":{"@id":"http:\/\/www.akilsan.com\/index.php\/kalite-politikasi\/#primaryimage"},"image":{"@id":"http:\/\/www.akilsan.com\/index.php\/kalite-politikasi\/#primaryimage"},"thumbnailUrl":"http:\/\/www.akilsan.com\/wp-content\/uploads\/2023\/12\/kalite.jpg","datePublished":"2023-12-07T12:05:07+00:00","dateModified":"2025-10-13T07:12:22+00:00","breadcrumb":{"@id":"http:\/\/www.akilsan.com\/index.php\/kalite-politikasi\/#breadcrumb"},"inLanguage":"tr","potentialAction":[{"@type":"ReadAction","target":["http:\/\/www.akilsan.com\/index.php\/kalite-politikasi\/"]}]},{"@type":"ImageObject","inLanguage":"tr","@id":"http:\/\/www.akilsan.com\/index.php\/kalite-politikasi\/#primaryimage","url":"https:\/\/www.akilsan.com\/wp-content\/uploads\/2023\/12\/kalite.jpg","contentUrl":"https:\/\/www.akilsan.com\/wp-content\/uploads\/2023\/12\/kalite.jpg","width":382,"height":547,"caption":"kalite,"},{"@type":"BreadcrumbList","@id":"http:\/\/www.akilsan.com\/index.php\/kalite-politikasi\/#breadcrumb","itemListElement":[{"@type":"ListItem","position":1,"name":"Anasayfa","item":"https:\/\/www.akilsan.com\/"},{"@type":"ListItem","position":2,"name":"KAL\u0130TE POL\u0130T\u0130KASI"}]},{"@type":"WebSite","@id":"http:\/\/www.akilsan.com\/#website","url":"http:\/\/www.akilsan.com\/","name":"Akilsan Makine ve Yaz\u0131l\u0131m | Logo \u0130\u015f Orta\u011f\u0131","description":"","publisher":{"@id":"http:\/\/www.akilsan.com\/#organization"},"potentialAction":[{"@type":"SearchAction","target":{"@type":"EntryPoint","urlTemplate":"http:\/\/www.akilsan.com\/?s={search_term_string}"},"query-input":{"@type":"PropertyValueSpecification","valueRequired":true,"valueName":"search_term_string"}}],"inLanguage":"tr"},{"@type":"Organization","@id":"http:\/\/www.akilsan.com\/#organization","name":"Akilsan Makine ve Yaz\u0131l\u0131m | Logo \u0130\u015f Orta\u011f\u0131","url":"http:\/\/www.akilsan.com\/","logo":{"@type":"ImageObject","inLanguage":"tr","@id":"http:\/\/www.akilsan.com\/#\/schema\/logo\/image\/","url":"https:\/\/www.akilsan.com\/wp-content\/uploads\/2023\/12\/logo.png","contentUrl":"https:\/\/www.akilsan.com\/wp-content\/uploads\/2023\/12\/logo.png","width":923,"height":251,"caption":"Akilsan Makine ve Yaz\u0131l\u0131m | Logo \u0130\u015f Orta\u011f\u0131"},"image":{"@id":"http:\/\/www.akilsan.com\/#\/schema\/logo\/image\/"}}]}},"_links":{"self":[{"href":"https:\/\/www.akilsan.com\/index.php\/wp-json\/wp\/v2\/pages\/84","targetHints":{"allow":["GET"]}}],"collection":[{"href":"https:\/\/www.akilsan.com\/index.php\/wp-json\/wp\/v2\/pages"}],"about":[{"href":"https:\/\/www.akilsan.com\/index.php\/wp-json\/wp\/v2\/types\/page"}],"author":[{"embeddable":true,"href":"https:\/\/www.akilsan.com\/index.php\/wp-json\/wp\/v2\/users\/2"}],"replies":[{"embeddable":true,"href":"https:\/\/www.akilsan.com\/index.php\/wp-json\/wp\/v2\/comments?post=84"}],"version-history":[{"count":27,"href":"https:\/\/www.akilsan.com\/index.php\/wp-json\/wp\/v2\/pages\/84\/revisions"}],"predecessor-version":[{"id":2300,"href":"https:\/\/www.akilsan.com\/index.php\/wp-json\/wp\/v2\/pages\/84\/revisions\/2300"}],"wp:attachment":[{"href":"https:\/\/www.akilsan.com\/index.php\/wp-json\/wp\/v2\/media?parent=84"}],"curies":[{"name":"wp","href":"https:\/\/api.w.org\/{rel}","templated":true}]}}