{"id":96,"date":"2023-12-07T15:21:27","date_gmt":"2023-12-07T12:21:27","guid":{"rendered":"http:\/\/www.akilsan.com\/?page_id=96"},"modified":"2025-10-13T11:06:21","modified_gmt":"2025-10-13T08:06:21","slug":"insan-kaynaklari","status":"publish","type":"page","link":"https:\/\/www.akilsan.com\/index.php\/insan-kaynaklari\/","title":{"rendered":"\u0130NSAN KAYNAKLARI"},"content":{"rendered":"\t\t<div data-elementor-type=\"wp-page\" data-elementor-id=\"96\" class=\"elementor elementor-96\">\n\t\t\t\t<div class=\"elementor-element elementor-element-de6fcf9 e-flex e-con-boxed e-con e-parent\" data-id=\"de6fcf9\" data-element_type=\"container\">\n\t\t\t\t\t<div class=\"e-con-inner\">\n\t\t\t\t<div class=\"elementor-element elementor-element-a92aad6 elementor-widget elementor-widget-heading\" data-id=\"a92aad6\" data-element_type=\"widget\" data-widget_type=\"heading.default\">\n\t\t\t\t<div class=\"elementor-widget-container\">\n\t\t\t\t\t<h4 class=\"elementor-heading-title elementor-size-default\">Politikam\u0131z<\/h4>\t\t\t\t<\/div>\n\t\t\t\t<\/div>\n\t\t\t\t<div class=\"elementor-element elementor-element-0913850 elementor-widget elementor-widget-heading\" data-id=\"0913850\" data-element_type=\"widget\" data-widget_type=\"heading.default\">\n\t\t\t\t<div class=\"elementor-widget-container\">\n\t\t\t\t\t<h2 class=\"elementor-heading-title elementor-size-default\">\u0130nsan Kaynaklar\u0131<\/h2>\t\t\t\t<\/div>\n\t\t\t\t<\/div>\n\t\t\t\t<div class=\"elementor-element elementor-element-2f497e3 elementor-widget elementor-widget-text-editor\" data-id=\"2f497e3\" data-element_type=\"widget\" data-widget_type=\"text-editor.default\">\n\t\t\t\t<div class=\"elementor-widget-container\">\n\t\t\t\t\t\t\t\t\t<p>AK\u0130LSAN Makine ve Yaz\u0131l\u0131m olarak insan sermayemizi en etkili \u015fekilde y\u00f6netmeyi ve \u00e7al\u0131\u015fanlar\u0131m\u0131z\u0131n ba\u015far\u0131lar\u0131na katk\u0131 sa\u011flamay\u0131 ama\u00e7lar. Politikam\u0131z\u0131 s\u00fcrekli g\u00f6zden ge\u00e7irerek, de\u011fi\u015fen ihtiya\u00e7lara ve en iyi uygulamalara uygun \u015fekilde g\u00fcncellemeye \u00f6nem veriyoruz.<\/p><ul><li>\u0130\u015fe Al\u0131m ve Se\u00e7me: AK\u0130LSAN Makine ve Yaz\u0131l\u0131m olarak, en uygun yeteneklere sahip adaylar\u0131 b\u00fcnyemize katmay\u0131 ama\u00e7l\u0131yoruz. \u0130\u015fe al\u0131m s\u00fcre\u00e7lerimiz adil ve objektif kriterlere dayanarak y\u00fcr\u00fct\u00fcl\u00fcr. Adaylar\u0131n deneyimleri, becerileri ve uyumu titizlikle de\u011ferlendirilir.<\/li><li>Performans De\u011ferlendirmeleri: D\u00fczenli performans de\u011ferlendirmeleri ile \u00e7al\u0131\u015fanlar\u0131n hedeflerine ula\u015fmalar\u0131n\u0131 destekliyor, g\u00fc\u00e7l\u00fc y\u00f6nlerini belirlemelerine yard\u0131mc\u0131 oluyoruz. Geri bildirim odakl\u0131 bir yakla\u015f\u0131m benimseyerek s\u00fcrekli iyile\u015fmeyi hedefliyoruz.<\/li><li>\u00c7al\u0131\u015fan \u0130li\u015fkileri: AK\u0130LSAN Makine ve Yaz\u0131l\u0131m ailesi olarak, sayg\u0131, a\u00e7\u0131kl\u0131k ve i\u015fbirli\u011fi temelinde olu\u015fturulan bir \u00e7al\u0131\u015fma ortam\u0131n\u0131 destekliyoruz. \u00c7al\u0131\u015fanlar\u0131n g\u00f6r\u00fc\u015flerini dinlemeye ve kat\u0131l\u0131m\u0131n\u0131 te\u015fvik etmeye \u00f6zen g\u00f6steriyoruz.<\/li><li>\u0130\u015f Sa\u011fl\u0131\u011f\u0131 ve G\u00fcvenli\u011fi: \u00c7al\u0131\u015fanlar\u0131m\u0131z\u0131n sa\u011fl\u0131\u011f\u0131 ve g\u00fcvenli\u011fi \u00f6nceli\u011fimizdir. \u0130\u015f sa\u011fl\u0131\u011f\u0131 ve g\u00fcvenli\u011fi standartlar\u0131n\u0131 s\u0131k\u0131 bir \u015fekilde uygulayarak riskleri en aza indirir, g\u00fcvenli \u00e7al\u0131\u015fma ko\u015fullar\u0131 sa\u011flar\u0131z.<\/li><li>\u00c7e\u015fitlilik ve Kapsay\u0131c\u0131l\u0131k: Her t\u00fcrl\u00fc farkl\u0131l\u0131\u011f\u0131 zenginlik olarak kabul eder, \u00e7e\u015fitli yetenekleri ve bak\u0131\u015f a\u00e7\u0131lar\u0131n\u0131 te\u015fvik ederiz. Kapsay\u0131c\u0131 bir \u00e7al\u0131\u015fma ortam\u0131 yaratmak i\u00e7in \u00e7aba sarf eder, herkesin e\u015fit ve sayg\u0131n bir \u015fekilde de\u011fer g\u00f6rd\u00fc\u011f\u00fcnden emin oluruz.<\/li><\/ul>\t\t\t\t\t\t\t\t<\/div>\n\t\t\t\t<\/div>\n\t\t\t\t<div class=\"elementor-element elementor-element-f3f7c52 elementor-widget elementor-widget-shortcode\" data-id=\"f3f7c52\" data-element_type=\"widget\" data-widget_type=\"shortcode.default\">\n\t\t\t\t<div class=\"elementor-widget-container\">\n\t\t\t\t\t\t\t<div class=\"elementor-shortcode\">\n<div class=\"wpcf7 no-js\" id=\"wpcf7-f1296-o1\" lang=\"tr-TR\" dir=\"ltr\" data-wpcf7-id=\"1296\">\n<div class=\"screen-reader-response\"><p role=\"status\" aria-live=\"polite\" aria-atomic=\"true\"><\/p> <ul><\/ul><\/div>\n<form action=\"\/index.php\/wp-json\/wp\/v2\/pages\/96#wpcf7-f1296-o1\" method=\"post\" class=\"wpcf7-form init\" aria-label=\"\u0130leti\u015fim Formu\" enctype=\"multipart\/form-data\" novalidate=\"novalidate\" data-status=\"init\">\n<fieldset class=\"hidden-fields-container\"><input type=\"hidden\" name=\"_wpcf7\" value=\"1296\" \/><input type=\"hidden\" name=\"_wpcf7_version\" value=\"6.1.3\" \/><input type=\"hidden\" name=\"_wpcf7_locale\" value=\"tr_TR\" \/><input type=\"hidden\" name=\"_wpcf7_unit_tag\" value=\"wpcf7-f1296-o1\" \/><input type=\"hidden\" name=\"_wpcf7_container_post\" value=\"0\" \/><input type=\"hidden\" name=\"_wpcf7_posted_data_hash\" value=\"\" \/>\n<\/fieldset>\n<div style=\"border: 2px solid #0a6fb8; border-radius: 12px; padding: 20px; background: #ffffff; box-shadow: 0 4px 12px rgba(0,0,0,0.1); max-width: 1100px; margin: 20px auto;\">\n\t<p><label style=\"font-size: 24px; font-weight: bold; display: block; text-align: center; margin-bottom: 20px;\">\u0130\u015e BA\u015eVURUSU<\/label>\n\t<\/p>\n\t<p><label> Ad\u0131n\u0131z Soyad\u0131n\u0131z<br \/>\n<span class=\"wpcf7-form-control-wrap\" data-name=\"your-name\"><input size=\"40\" maxlength=\"400\" class=\"wpcf7-form-control wpcf7-text wpcf7-validates-as-required\" autocomplete=\"name\" aria-required=\"true\" aria-invalid=\"false\" value=\"\" type=\"text\" name=\"your-name\" \/><\/span><br \/>\n<\/label>\n\t<\/p>\n\t<p><label> E-posta adresiniz<br \/>\n<span class=\"wpcf7-form-control-wrap\" data-name=\"your-email\"><input size=\"40\" maxlength=\"400\" class=\"wpcf7-form-control wpcf7-email wpcf7-validates-as-required wpcf7-text wpcf7-validates-as-email\" autocomplete=\"email\" aria-required=\"true\" aria-invalid=\"false\" value=\"\" type=\"email\" name=\"your-email\" \/><\/span><br \/>\n<\/label>\n\t<\/p>\n\t<p><label> Telefon<br \/>\n<span class=\"wpcf7-form-control-wrap\" data-name=\"tel-382\"><input size=\"40\" maxlength=\"400\" class=\"wpcf7-form-control wpcf7-tel wpcf7-validates-as-required wpcf7-text wpcf7-validates-as-tel\" aria-required=\"true\" aria-invalid=\"false\" value=\"\" type=\"tel\" name=\"tel-382\" \/><\/span><br \/>\n<\/label>\n\t<\/p>\n\t<p><label> CV<br \/>\n<span class=\"wpcf7-form-control-wrap\" data-name=\"file-586\"><input size=\"40\" class=\"wpcf7-form-control wpcf7-file wpcf7-validates-as-required\" accept=\"audio\/*,video\/*,image\/*\" aria-required=\"true\" aria-invalid=\"false\" type=\"file\" name=\"file-586\" \/><\/span><br \/>\n<\/label>\n\t<\/p>\n\t<p><label><br \/>\n<span class=\"wpcf7-form-control-wrap\" data-name=\"acceptance-552\"><span class=\"wpcf7-form-control wpcf7-acceptance optional\"><span class=\"wpcf7-list-item\"><input type=\"checkbox\" name=\"acceptance-552\" value=\"1\" aria-invalid=\"false\" \/><\/span><\/span><\/span> KVKK Metnini okudum kabul ediyorum<br \/>\n<\/label>\n\t<\/p>\n\t<p><input class=\"wpcf7-form-control wpcf7-submit has-spinner\" type=\"submit\" value=\"G\u00f6nder\" \/>\n\t<\/p>\n<\/div><div class=\"wpcf7-response-output\" aria-hidden=\"true\"><\/div>\n<\/form>\n<\/div>\n<\/div>\n\t\t\t\t\t\t<\/div>\n\t\t\t\t<\/div>\n\t\t\t\t\t<\/div>\n\t\t\t\t<\/div>\n\t\t\t\t<\/div>\n\t\t","protected":false},"excerpt":{"rendered":"<p>Politikam\u0131z \u0130nsan Kaynaklar\u0131 AK\u0130LSAN Makine ve Yaz\u0131l\u0131m olarak insan sermayemizi en etkili \u015fekilde y\u00f6netmeyi ve \u00e7al\u0131\u015fanlar\u0131m\u0131z\u0131n ba\u015far\u0131lar\u0131na katk\u0131 sa\u011flamay\u0131 ama\u00e7lar. Politikam\u0131z\u0131 s\u00fcrekli g\u00f6zden ge\u00e7irerek, de\u011fi\u015fen ihtiya\u00e7lara<span class=\"excerpt-hellip\"> [\u2026]<\/span><\/p>\n","protected":false},"author":2,"featured_media":0,"parent":0,"menu_order":0,"comment_status":"closed","ping_status":"closed","template":"","meta":{"footnotes":""},"class_list":["post-96","page","type-page","status-publish","hentry"],"yoast_head":"<!-- This site is optimized with the Yoast SEO plugin v26.1.1 - https:\/\/yoast.com\/wordpress\/plugins\/seo\/ -->\n<title>\u0130NSAN KAYNAKLARI - Akilsan Makine ve Yaz\u0131l\u0131m | Logo \u0130\u015f Orta\u011f\u0131<\/title>\n<meta name=\"robots\" content=\"index, follow, max-snippet:-1, max-image-preview:large, max-video-preview:-1\" \/>\n<link rel=\"canonical\" href=\"http:\/\/www.akilsan.com\/index.php\/insan-kaynaklari\/\" \/>\n<meta property=\"og:locale\" content=\"tr_TR\" \/>\n<meta property=\"og:type\" content=\"article\" \/>\n<meta property=\"og:title\" content=\"\u0130NSAN KAYNAKLARI - Akilsan Makine ve Yaz\u0131l\u0131m | Logo \u0130\u015f Orta\u011f\u0131\" \/>\n<meta property=\"og:description\" content=\"Politikam\u0131z \u0130nsan Kaynaklar\u0131 AK\u0130LSAN Makine ve Yaz\u0131l\u0131m olarak insan sermayemizi en etkili \u015fekilde y\u00f6netmeyi ve \u00e7al\u0131\u015fanlar\u0131m\u0131z\u0131n ba\u015far\u0131lar\u0131na katk\u0131 sa\u011flamay\u0131 ama\u00e7lar. Politikam\u0131z\u0131 s\u00fcrekli g\u00f6zden ge\u00e7irerek, de\u011fi\u015fen ihtiya\u00e7lara [\u2026]\" \/>\n<meta property=\"og:url\" content=\"http:\/\/www.akilsan.com\/index.php\/insan-kaynaklari\/\" \/>\n<meta property=\"og:site_name\" content=\"Akilsan Makine ve Yaz\u0131l\u0131m | Logo \u0130\u015f Orta\u011f\u0131\" \/>\n<meta property=\"article:modified_time\" content=\"2025-10-13T08:06:21+00:00\" \/>\n<meta name=\"twitter:card\" content=\"summary_large_image\" \/>\n<meta name=\"twitter:label1\" content=\"Tahmini okuma s\u00fcresi\" \/>\n\t<meta name=\"twitter:data1\" content=\"2 dakika\" \/>\n<script type=\"application\/ld+json\" class=\"yoast-schema-graph\">{\"@context\":\"https:\/\/schema.org\",\"@graph\":[{\"@type\":\"WebPage\",\"@id\":\"http:\/\/www.akilsan.com\/index.php\/insan-kaynaklari\/\",\"url\":\"http:\/\/www.akilsan.com\/index.php\/insan-kaynaklari\/\",\"name\":\"\u0130NSAN KAYNAKLARI - Akilsan Makine ve Yaz\u0131l\u0131m | Logo \u0130\u015f Orta\u011f\u0131\",\"isPartOf\":{\"@id\":\"http:\/\/www.akilsan.com\/#website\"},\"datePublished\":\"2023-12-07T12:21:27+00:00\",\"dateModified\":\"2025-10-13T08:06:21+00:00\",\"breadcrumb\":{\"@id\":\"http:\/\/www.akilsan.com\/index.php\/insan-kaynaklari\/#breadcrumb\"},\"inLanguage\":\"tr\",\"potentialAction\":[{\"@type\":\"ReadAction\",\"target\":[\"http:\/\/www.akilsan.com\/index.php\/insan-kaynaklari\/\"]}]},{\"@type\":\"BreadcrumbList\",\"@id\":\"http:\/\/www.akilsan.com\/index.php\/insan-kaynaklari\/#breadcrumb\",\"itemListElement\":[{\"@type\":\"ListItem\",\"position\":1,\"name\":\"Anasayfa\",\"item\":\"https:\/\/www.akilsan.com\/\"},{\"@type\":\"ListItem\",\"position\":2,\"name\":\"\u0130NSAN KAYNAKLARI\"}]},{\"@type\":\"WebSite\",\"@id\":\"http:\/\/www.akilsan.com\/#website\",\"url\":\"http:\/\/www.akilsan.com\/\",\"name\":\"Akilsan Makine ve Yaz\u0131l\u0131m | Logo \u0130\u015f Orta\u011f\u0131\",\"description\":\"\",\"publisher\":{\"@id\":\"http:\/\/www.akilsan.com\/#organization\"},\"potentialAction\":[{\"@type\":\"SearchAction\",\"target\":{\"@type\":\"EntryPoint\",\"urlTemplate\":\"http:\/\/www.akilsan.com\/?s={search_term_string}\"},\"query-input\":{\"@type\":\"PropertyValueSpecification\",\"valueRequired\":true,\"valueName\":\"search_term_string\"}}],\"inLanguage\":\"tr\"},{\"@type\":\"Organization\",\"@id\":\"http:\/\/www.akilsan.com\/#organization\",\"name\":\"Akilsan Makine ve Yaz\u0131l\u0131m | Logo \u0130\u015f Orta\u011f\u0131\",\"url\":\"http:\/\/www.akilsan.com\/\",\"logo\":{\"@type\":\"ImageObject\",\"inLanguage\":\"tr\",\"@id\":\"http:\/\/www.akilsan.com\/#\/schema\/logo\/image\/\",\"url\":\"https:\/\/www.akilsan.com\/wp-content\/uploads\/2023\/12\/logo.png\",\"contentUrl\":\"https:\/\/www.akilsan.com\/wp-content\/uploads\/2023\/12\/logo.png\",\"width\":923,\"height\":251,\"caption\":\"Akilsan Makine ve Yaz\u0131l\u0131m | Logo \u0130\u015f Orta\u011f\u0131\"},\"image\":{\"@id\":\"http:\/\/www.akilsan.com\/#\/schema\/logo\/image\/\"}}]}<\/script>\n<!-- \/ Yoast SEO plugin. -->","yoast_head_json":{"title":"\u0130NSAN KAYNAKLARI - Akilsan Makine ve Yaz\u0131l\u0131m | Logo \u0130\u015f Orta\u011f\u0131","robots":{"index":"index","follow":"follow","max-snippet":"max-snippet:-1","max-image-preview":"max-image-preview:large","max-video-preview":"max-video-preview:-1"},"canonical":"http:\/\/www.akilsan.com\/index.php\/insan-kaynaklari\/","og_locale":"tr_TR","og_type":"article","og_title":"\u0130NSAN KAYNAKLARI - Akilsan Makine ve Yaz\u0131l\u0131m | Logo \u0130\u015f Orta\u011f\u0131","og_description":"Politikam\u0131z \u0130nsan Kaynaklar\u0131 AK\u0130LSAN Makine ve Yaz\u0131l\u0131m olarak insan sermayemizi en etkili \u015fekilde y\u00f6netmeyi ve \u00e7al\u0131\u015fanlar\u0131m\u0131z\u0131n ba\u015far\u0131lar\u0131na katk\u0131 sa\u011flamay\u0131 ama\u00e7lar. Politikam\u0131z\u0131 s\u00fcrekli g\u00f6zden ge\u00e7irerek, de\u011fi\u015fen ihtiya\u00e7lara [\u2026]","og_url":"http:\/\/www.akilsan.com\/index.php\/insan-kaynaklari\/","og_site_name":"Akilsan Makine ve Yaz\u0131l\u0131m | Logo \u0130\u015f Orta\u011f\u0131","article_modified_time":"2025-10-13T08:06:21+00:00","twitter_card":"summary_large_image","twitter_misc":{"Tahmini okuma s\u00fcresi":"2 dakika"},"schema":{"@context":"https:\/\/schema.org","@graph":[{"@type":"WebPage","@id":"http:\/\/www.akilsan.com\/index.php\/insan-kaynaklari\/","url":"http:\/\/www.akilsan.com\/index.php\/insan-kaynaklari\/","name":"\u0130NSAN KAYNAKLARI - Akilsan Makine ve Yaz\u0131l\u0131m | Logo \u0130\u015f Orta\u011f\u0131","isPartOf":{"@id":"http:\/\/www.akilsan.com\/#website"},"datePublished":"2023-12-07T12:21:27+00:00","dateModified":"2025-10-13T08:06:21+00:00","breadcrumb":{"@id":"http:\/\/www.akilsan.com\/index.php\/insan-kaynaklari\/#breadcrumb"},"inLanguage":"tr","potentialAction":[{"@type":"ReadAction","target":["http:\/\/www.akilsan.com\/index.php\/insan-kaynaklari\/"]}]},{"@type":"BreadcrumbList","@id":"http:\/\/www.akilsan.com\/index.php\/insan-kaynaklari\/#breadcrumb","itemListElement":[{"@type":"ListItem","position":1,"name":"Anasayfa","item":"https:\/\/www.akilsan.com\/"},{"@type":"ListItem","position":2,"name":"\u0130NSAN KAYNAKLARI"}]},{"@type":"WebSite","@id":"http:\/\/www.akilsan.com\/#website","url":"http:\/\/www.akilsan.com\/","name":"Akilsan Makine ve Yaz\u0131l\u0131m | Logo \u0130\u015f Orta\u011f\u0131","description":"","publisher":{"@id":"http:\/\/www.akilsan.com\/#organization"},"potentialAction":[{"@type":"SearchAction","target":{"@type":"EntryPoint","urlTemplate":"http:\/\/www.akilsan.com\/?s={search_term_string}"},"query-input":{"@type":"PropertyValueSpecification","valueRequired":true,"valueName":"search_term_string"}}],"inLanguage":"tr"},{"@type":"Organization","@id":"http:\/\/www.akilsan.com\/#organization","name":"Akilsan Makine ve Yaz\u0131l\u0131m | Logo \u0130\u015f Orta\u011f\u0131","url":"http:\/\/www.akilsan.com\/","logo":{"@type":"ImageObject","inLanguage":"tr","@id":"http:\/\/www.akilsan.com\/#\/schema\/logo\/image\/","url":"https:\/\/www.akilsan.com\/wp-content\/uploads\/2023\/12\/logo.png","contentUrl":"https:\/\/www.akilsan.com\/wp-content\/uploads\/2023\/12\/logo.png","width":923,"height":251,"caption":"Akilsan Makine ve Yaz\u0131l\u0131m | Logo \u0130\u015f Orta\u011f\u0131"},"image":{"@id":"http:\/\/www.akilsan.com\/#\/schema\/logo\/image\/"}}]}},"_links":{"self":[{"href":"https:\/\/www.akilsan.com\/index.php\/wp-json\/wp\/v2\/pages\/96","targetHints":{"allow":["GET"]}}],"collection":[{"href":"https:\/\/www.akilsan.com\/index.php\/wp-json\/wp\/v2\/pages"}],"about":[{"href":"https:\/\/www.akilsan.com\/index.php\/wp-json\/wp\/v2\/types\/page"}],"author":[{"embeddable":true,"href":"https:\/\/www.akilsan.com\/index.php\/wp-json\/wp\/v2\/users\/2"}],"replies":[{"embeddable":true,"href":"https:\/\/www.akilsan.com\/index.php\/wp-json\/wp\/v2\/comments?post=96"}],"version-history":[{"count":25,"href":"https:\/\/www.akilsan.com\/index.php\/wp-json\/wp\/v2\/pages\/96\/revisions"}],"predecessor-version":[{"id":2321,"href":"https:\/\/www.akilsan.com\/index.php\/wp-json\/wp\/v2\/pages\/96\/revisions\/2321"}],"wp:attachment":[{"href":"https:\/\/www.akilsan.com\/index.php\/wp-json\/wp\/v2\/media?parent=96"}],"curies":[{"name":"wp","href":"https:\/\/api.w.org\/{rel}","templated":true}]}}